{"id":379347,"date":"2025-02-18T16:21:59","date_gmt":"2025-02-18T16:21:59","guid":{"rendered":"https:\/\/rivasmercado.com\/?page_id=379347"},"modified":"2025-09-05T05:26:53","modified_gmt":"2025-09-05T05:26:53","slug":"emocionate-branding","status":"publish","type":"page","link":"https:\/\/rivasmercado.com\/es\/emocionate-branding\/","title":{"rendered":"Emoci\u00f3nate"},"content":{"rendered":"<div data-elementor-type=\"wp-page\" data-elementor-id=\"379347\" class=\"elementor elementor-379347\" data-elementor-post-type=\"page\">\n\t\t\t\t<div class=\"elementor-element elementor-element-f1a183c e-con-full e-flex e-con e-parent\" data-id=\"f1a183c\" data-element_type=\"container\" data-e-type=\"container\">\n\t\t<div class=\"elementor-element elementor-element-3d24da2 e-con-full e-flex e-con e-child\" data-id=\"3d24da2\" data-element_type=\"container\" data-e-type=\"container\">\n\t\t\t\t<\/div>\n\t\t<div class=\"elementor-element elementor-element-15bc2bb e-con-full e-flex e-con e-child\" data-id=\"15bc2bb\" data-element_type=\"container\" data-e-type=\"container\">\n\t\t\t\t<div class=\"elementor-element elementor-element-0ebebe4 elementor-widget elementor-widget-spacer\" data-id=\"0ebebe4\" data-element_type=\"widget\" data-e-type=\"widget\" data-widget_type=\"spacer.default\">\n\t\t\t\t<div class=\"elementor-widget-container\">\n\t\t\t\t\t\t\t<div class=\"elementor-spacer\">\n\t\t\t<div class=\"elementor-spacer-inner\"><\/div>\n\t\t<\/div>\n\t\t\t\t\t\t<\/div>\n\t\t\t\t<\/div>\n\t\t\t\t<div class=\"elementor-element elementor-element-9d2b5f0 elementor-widget elementor-widget-heading\" data-id=\"9d2b5f0\" data-element_type=\"widget\" data-e-type=\"widget\" data-widget_type=\"heading.default\">\n\t\t\t\t<div class=\"elementor-widget-container\">\n\t\t\t\t\t<h2 class=\"elementor-heading-title elementor-size-default\">Intro \/ concepto<\/h2>\t\t\t\t<\/div>\n\t\t\t\t<\/div>\n\t\t\t\t<div class=\"elementor-element elementor-element-f7fc74c elementor-widget elementor-widget-heading\" data-id=\"f7fc74c\" data-element_type=\"widget\" data-e-type=\"widget\" data-widget_type=\"heading.default\">\n\t\t\t\t<div class=\"elementor-widget-container\">\n\t\t\t\t\t<h2 class=\"elementor-heading-title elementor-size-default\">Branding &amp; dise\u00f1o de identidad<\/h2>\t\t\t\t<\/div>\n\t\t\t\t<\/div>\n\t\t\t\t<\/div>\n\t\t<div class=\"elementor-element elementor-element-bbc02fa e-con-full e-flex e-con e-child\" data-id=\"bbc02fa\" data-element_type=\"container\" data-e-type=\"container\">\n\t\t\t\t<div class=\"elementor-element elementor-element-f7ae837 elementor-hidden-mobile elementor-widget elementor-widget-spacer\" data-id=\"f7ae837\" data-element_type=\"widget\" data-e-type=\"widget\" data-widget_type=\"spacer.default\">\n\t\t\t\t<div class=\"elementor-widget-container\">\n\t\t\t\t\t\t\t<div class=\"elementor-spacer\">\n\t\t\t<div class=\"elementor-spacer-inner\"><\/div>\n\t\t<\/div>\n\t\t\t\t\t\t<\/div>\n\t\t\t\t<\/div>\n\t\t\t\t<div class=\"elementor-element elementor-element-6e80224 elementor-widget elementor-widget-heading\" data-id=\"6e80224\" data-element_type=\"widget\" data-e-type=\"widget\" data-widget_type=\"heading.default\">\n\t\t\t\t<div class=\"elementor-widget-container\">\n\t\t\t\t\t<h2 class=\"elementor-heading-title elementor-size-default\"><section>\n  <p><strong>Emoci\u00f3nate<\/strong> es un consultorio de psicolog\u00eda infantil y juvenil ubicado en la Ciudad de M\u00e9xico. Fundado por la psic\u00f3loga Lorena Sordo Guevara, nace con la intenci\u00f3n de ofrecer un espacio seguro y cercano para ni\u00f1os y adolescentes. Desde el inicio, su fundadora confi\u00f3 plenamente en nuestro trabajo, dej\u00e1ndonos en total libertad creativa, con la \u00fanica condici\u00f3n de que cre\u00e1ramos algo \u00fanico, m\u00e1gico y sorprendente.<\/p>\n\n  <p><strong>Para reforzar su esencia y conectar con su p\u00fablico, desarrollamos el naming, logotipo e identidad visual completa, creando una marca que transmite confianza y bienestar desde el primer contacto.<\/strong><\/p>\n<\/section>\n<\/h2>\t\t\t\t<\/div>\n\t\t\t\t<\/div>\n\t\t\t\t<div class=\"elementor-element elementor-element-fc1c10c elementor-widget elementor-widget-spacer\" data-id=\"fc1c10c\" data-element_type=\"widget\" data-e-type=\"widget\" data-widget_type=\"spacer.default\">\n\t\t\t\t<div class=\"elementor-widget-container\">\n\t\t\t\t\t\t\t<div class=\"elementor-spacer\">\n\t\t\t<div class=\"elementor-spacer-inner\"><\/div>\n\t\t<\/div>\n\t\t\t\t\t\t<\/div>\n\t\t\t\t<\/div>\n\t\t\t\t<\/div>\n\t\t<div class=\"elementor-element elementor-element-4628d3a e-con-full e-flex e-con e-child\" data-id=\"4628d3a\" data-element_type=\"container\" data-e-type=\"container\">\n\t\t\t\t<\/div>\n\t\t\t\t<\/div>\n\t\t<div class=\"elementor-element elementor-element-f9246f6 e-con-full e-flex e-con e-parent\" data-id=\"f9246f6\" data-element_type=\"container\" data-e-type=\"container\">\n\t\t<div class=\"elementor-element elementor-element-14a92a4 e-con-full e-flex e-con e-child\" data-id=\"14a92a4\" data-element_type=\"container\" data-e-type=\"container\">\n\t\t\t\t<\/div>\n\t\t<div class=\"elementor-element elementor-element-0ae0afc e-con-full e-flex e-con e-child\" data-id=\"0ae0afc\" data-element_type=\"container\" data-e-type=\"container\">\n\t\t\t\t<div class=\"elementor-element elementor-element-751d1cd elementor-widget elementor-widget-spacer\" data-id=\"751d1cd\" data-element_type=\"widget\" data-e-type=\"widget\" data-widget_type=\"spacer.default\">\n\t\t\t\t<div class=\"elementor-widget-container\">\n\t\t\t\t\t\t\t<div class=\"elementor-spacer\">\n\t\t\t<div class=\"elementor-spacer-inner\"><\/div>\n\t\t<\/div>\n\t\t\t\t\t\t<\/div>\n\t\t\t\t<\/div>\n\t\t\t\t<div class=\"elementor-element elementor-element-9f321bc elementor-widget elementor-widget-heading\" data-id=\"9f321bc\" data-element_type=\"widget\" data-e-type=\"widget\" data-widget_type=\"heading.default\">\n\t\t\t\t<div class=\"elementor-widget-container\">\n\t\t\t\t\t<h2 class=\"elementor-heading-title elementor-size-default\">Storytelling<\/h2>\t\t\t\t<\/div>\n\t\t\t\t<\/div>\n\t\t\t\t<div class=\"elementor-element elementor-element-0a2779c elementor-widget elementor-widget-heading\" data-id=\"0a2779c\" data-element_type=\"widget\" data-e-type=\"widget\" data-widget_type=\"heading.default\">\n\t\t\t\t<div class=\"elementor-widget-container\">\n\t\t\t\t\t<h2 class=\"elementor-heading-title elementor-size-default\">La historia detr\u00e1s de Jugodmango<\/h2>\t\t\t\t<\/div>\n\t\t\t\t<\/div>\n\t\t\t\t<\/div>\n\t\t<div class=\"elementor-element elementor-element-1116f90 e-con-full e-flex e-con e-child\" data-id=\"1116f90\" data-element_type=\"container\" data-e-type=\"container\">\n\t\t\t\t<div class=\"elementor-element elementor-element-800cdd3 elementor-hidden-mobile elementor-widget elementor-widget-spacer\" data-id=\"800cdd3\" data-element_type=\"widget\" data-e-type=\"widget\" data-widget_type=\"spacer.default\">\n\t\t\t\t<div class=\"elementor-widget-container\">\n\t\t\t\t\t\t\t<div class=\"elementor-spacer\">\n\t\t\t<div class=\"elementor-spacer-inner\"><\/div>\n\t\t<\/div>\n\t\t\t\t\t\t<\/div>\n\t\t\t\t<\/div>\n\t\t\t\t<div class=\"elementor-element elementor-element-936bd20 elementor-widget elementor-widget-heading\" data-id=\"936bd20\" data-element_type=\"widget\" data-e-type=\"widget\" data-widget_type=\"heading.default\">\n\t\t\t\t<div class=\"elementor-widget-container\">\n\t\t\t\t\t<h2 class=\"elementor-heading-title elementor-size-default\"><p>El nombre <strong>\u201cEmoci\u00f3nate\u201d<\/strong> surgi\u00f3 de la b\u00fasqueda de un concepto motivador que invitara a la acci\u00f3n. Quer\u00edamos algo memorable, que transmitiera energ\u00eda positiva y reforzara la idea de que las emociones son parte fundamental del crecimiento.<\/p>\n\n  <p>El logotipo est\u00e1 inspirado en la expresi\u00f3n emocional y la conexi\u00f3n humana. Representa una figura con los brazos en alto que, al unirse, forma un coraz\u00f3n, simbolizando confianza, seguridad y empat\u00eda. <br><br>La identidad visual se construy\u00f3 con la tipograf\u00eda Naughty Monster como principal, una fuente alegre, amigable y un poco fuera de lo com\u00fan, que transmite diversi\u00f3n y espontaneidad. Esta se complementa con Amatic SC, que aporta calidez y accesibilidad a la marca. <br><br>La paleta de colores vibrante pero equilibrada refuerza este concepto, logrando una imagen profesional pero amigable.<\/p>\n<\/h2>\t\t\t\t<\/div>\n\t\t\t\t<\/div>\n\t\t\t\t<div class=\"elementor-element elementor-element-a364fb6 elementor-widget elementor-widget-spacer\" data-id=\"a364fb6\" data-element_type=\"widget\" data-e-type=\"widget\" data-widget_type=\"spacer.default\">\n\t\t\t\t<div class=\"elementor-widget-container\">\n\t\t\t\t\t\t\t<div class=\"elementor-spacer\">\n\t\t\t<div class=\"elementor-spacer-inner\"><\/div>\n\t\t<\/div>\n\t\t\t\t\t\t<\/div>\n\t\t\t\t<\/div>\n\t\t\t\t<\/div>\n\t\t<div class=\"elementor-element elementor-element-fe483f9 e-con-full e-flex e-con e-child\" data-id=\"fe483f9\" data-element_type=\"container\" data-e-type=\"container\">\n\t\t\t\t<\/div>\n\t\t\t\t<\/div>\n\t\t<div class=\"elementor-element elementor-element-e672517 e-con-full e-flex e-con e-parent\" data-id=\"e672517\" data-element_type=\"container\" data-e-type=\"container\">\n\t\t<div class=\"elementor-element elementor-element-5951df8 e-con-full e-flex e-con e-child\" data-id=\"5951df8\" data-element_type=\"container\" data-e-type=\"container\">\n\t\t\t\t<\/div>\n\t\t<div class=\"elementor-element elementor-element-a81f362 e-con-full e-flex e-con e-child\" data-id=\"a81f362\" data-element_type=\"container\" data-e-type=\"container\">\n\t\t\t\t<div class=\"elementor-element elementor-element-c5a3e06 elementor-widget elementor-widget-spacer\" data-id=\"c5a3e06\" data-element_type=\"widget\" data-e-type=\"widget\" data-widget_type=\"spacer.default\">\n\t\t\t\t<div class=\"elementor-widget-container\">\n\t\t\t\t\t\t\t<div class=\"elementor-spacer\">\n\t\t\t<div class=\"elementor-spacer-inner\"><\/div>\n\t\t<\/div>\n\t\t\t\t\t\t<\/div>\n\t\t\t\t<\/div>\n\t\t\t\t<div class=\"elementor-element elementor-element-22bf609 elementor-widget elementor-widget-heading\" data-id=\"22bf609\" data-element_type=\"widget\" data-e-type=\"widget\" data-widget_type=\"heading.default\">\n\t\t\t\t<div class=\"elementor-widget-container\">\n\t\t\t\t\t<h2 class=\"elementor-heading-title elementor-size-default\">Personalidad<\/h2>\t\t\t\t<\/div>\n\t\t\t\t<\/div>\n\t\t\t\t<div class=\"elementor-element elementor-element-ca27f25 elementor-widget elementor-widget-heading\" data-id=\"ca27f25\" data-element_type=\"widget\" data-e-type=\"widget\" data-widget_type=\"heading.default\">\n\t\t\t\t<div class=\"elementor-widget-container\">\n\t\t\t\t\t<h2 class=\"elementor-heading-title elementor-size-default\">El alma de Jugodmango<\/h2>\t\t\t\t<\/div>\n\t\t\t\t<\/div>\n\t\t\t\t<\/div>\n\t\t<div class=\"elementor-element elementor-element-4feeb74 e-con-full e-flex e-con e-child\" data-id=\"4feeb74\" data-element_type=\"container\" data-e-type=\"container\">\n\t\t\t\t<div class=\"elementor-element elementor-element-1304792 elementor-hidden-mobile elementor-widget elementor-widget-spacer\" data-id=\"1304792\" data-element_type=\"widget\" data-e-type=\"widget\" data-widget_type=\"spacer.default\">\n\t\t\t\t<div class=\"elementor-widget-container\">\n\t\t\t\t\t\t\t<div class=\"elementor-spacer\">\n\t\t\t<div class=\"elementor-spacer-inner\"><\/div>\n\t\t<\/div>\n\t\t\t\t\t\t<\/div>\n\t\t\t\t<\/div>\n\t\t\t\t<div class=\"elementor-element elementor-element-02b644b elementor-widget elementor-widget-heading\" data-id=\"02b644b\" data-element_type=\"widget\" data-e-type=\"widget\" data-widget_type=\"heading.default\">\n\t\t\t\t<div class=\"elementor-widget-container\">\n\t\t\t\t\t<h2 class=\"elementor-heading-title elementor-size-default\"> <p><strong>Emoci\u00f3nate<\/strong> es una marca que inspira confianza y bienestar, con una identidad visual dise\u00f1ada para generar seguridad en ni\u00f1os, adolescentes y sus familias. Su dise\u00f1o busca ser accesible y amigable, transmitiendo un ambiente de acompa\u00f1amiento en cada detalle.<\/p>\n\n  <p>Desde su logotipo hasta su selecci\u00f3n tipogr\u00e1fica y colores, cada elemento ha sido pensado para reflejar la calidez y empat\u00eda que caracterizan su enfoque. Su identidad visual equilibra lo profesional con lo cercano, logrando que tanto los ni\u00f1os como sus padres se sientan bienvenidos y comprendidos.<\/p>\n\n  <ul>\n    <li><strong>Tono:<\/strong> Cercano, motivador, positivo.<\/li><br>\n    <li><strong>Valores:<\/strong> Empat\u00eda, confianza, acompa\u00f1amiento.<\/li><br>\n    <li><strong>Estilo:<\/strong> Amigable, moderno, con un dise\u00f1o visual que transmite seguridad y optimismo.<\/li>\n  <\/ul>\n\n\n<\/h2>\t\t\t\t<\/div>\n\t\t\t\t<\/div>\n\t\t\t\t<div class=\"elementor-element elementor-element-dca0f59 elementor-widget elementor-widget-spacer\" data-id=\"dca0f59\" data-element_type=\"widget\" data-e-type=\"widget\" data-widget_type=\"spacer.default\">\n\t\t\t\t<div class=\"elementor-widget-container\">\n\t\t\t\t\t\t\t<div class=\"elementor-spacer\">\n\t\t\t<div class=\"elementor-spacer-inner\"><\/div>\n\t\t<\/div>\n\t\t\t\t\t\t<\/div>\n\t\t\t\t<\/div>\n\t\t\t\t<\/div>\n\t\t<div class=\"elementor-element elementor-element-355835a e-con-full e-flex e-con e-child\" data-id=\"355835a\" data-element_type=\"container\" data-e-type=\"container\">\n\t\t\t\t<\/div>\n\t\t\t\t<\/div>\n\t\t\t\t<\/div>","protected":false},"excerpt":{"rendered":"<p>Intro \/ concepto Branding &amp; dise\u00f1o de identidad Emoci\u00f3nate es un consultorio de psicolog\u00eda infantil y juvenil ubicado en la Ciudad de M\u00e9xico. Fundado por la psic\u00f3loga Lorena Sordo Guevara, nace con la intenci\u00f3n de ofrecer un espacio seguro y cercano para ni\u00f1os y adolescentes. Desde el inicio, su fundadora confi\u00f3 plenamente en nuestro trabajo, [&hellip;]<\/p>\n","protected":false},"author":1,"featured_media":0,"parent":0,"menu_order":0,"comment_status":"closed","ping_status":"closed","template":"elementor_header_footer","meta":{"footnotes":""},"class_list":["post-379347","page","type-page","status-publish","hentry"],"_links":{"self":[{"href":"https:\/\/rivasmercado.com\/es\/wp-json\/wp\/v2\/pages\/379347","targetHints":{"allow":["GET"]}}],"collection":[{"href":"https:\/\/rivasmercado.com\/es\/wp-json\/wp\/v2\/pages"}],"about":[{"href":"https:\/\/rivasmercado.com\/es\/wp-json\/wp\/v2\/types\/page"}],"author":[{"embeddable":true,"href":"https:\/\/rivasmercado.com\/es\/wp-json\/wp\/v2\/users\/1"}],"replies":[{"embeddable":true,"href":"https:\/\/rivasmercado.com\/es\/wp-json\/wp\/v2\/comments?post=379347"}],"version-history":[{"count":10,"href":"https:\/\/rivasmercado.com\/es\/wp-json\/wp\/v2\/pages\/379347\/revisions"}],"predecessor-version":[{"id":381966,"href":"https:\/\/rivasmercado.com\/es\/wp-json\/wp\/v2\/pages\/379347\/revisions\/381966"}],"wp:attachment":[{"href":"https:\/\/rivasmercado.com\/es\/wp-json\/wp\/v2\/media?parent=379347"}],"curies":[{"name":"wp","href":"https:\/\/api.w.org\/{rel}","templated":true}]}}