{"id":379405,"date":"2025-02-23T17:35:14","date_gmt":"2025-02-23T17:35:14","guid":{"rendered":"https:\/\/rivasmercado.com\/?page_id=379405"},"modified":"2025-08-22T00:36:11","modified_gmt":"2025-08-22T00:36:11","slug":"roland-garros-series","status":"publish","type":"page","link":"https:\/\/rivasmercado.com\/es\/roland-garros-series\/","title":{"rendered":"Roland Garros Series"},"content":{"rendered":"<div data-elementor-type=\"wp-page\" data-elementor-id=\"379405\" class=\"elementor elementor-379405\" data-elementor-post-type=\"page\">\n\t\t\t\t<div class=\"elementor-element elementor-element-69a6fe7 e-con-full e-flex e-con e-parent\" data-id=\"69a6fe7\" data-element_type=\"container\" data-settings=\"{&quot;background_background&quot;:&quot;classic&quot;}\">\n\t\t<div class=\"elementor-element elementor-element-c2b5843 e-con-full e-flex e-con e-child\" data-id=\"c2b5843\" data-element_type=\"container\">\n\t\t\t\t<\/div>\n\t\t<div class=\"elementor-element elementor-element-bf98c42 e-con-full e-flex e-con e-child\" data-id=\"bf98c42\" data-element_type=\"container\">\n\t\t\t\t<div class=\"elementor-element elementor-element-2f3dcaa elementor-widget elementor-widget-html\" data-id=\"2f3dcaa\" data-element_type=\"widget\" data-widget_type=\"html.default\">\n\t\t\t\t<div class=\"elementor-widget-container\">\n\t\t\t\t\t<h1 class=\"visually-hidden\">Roland Garros Series \u2014 UX\/UI design and website development<\/h1>\r\n\t\t\t\t<\/div>\n\t\t\t\t<\/div>\n\t\t\t\t<div class=\"elementor-element elementor-element-3254954 elementor-widget elementor-widget-image\" data-id=\"3254954\" data-element_type=\"widget\" data-widget_type=\"image.default\">\n\t\t\t\t<div class=\"elementor-widget-container\">\n\t\t\t\t\t\t\t\t\t\t\t\t\t\t\t<img fetchpriority=\"high\" decoding=\"async\" width=\"1560\" height=\"633\" src=\"https:\/\/rivasmercado.com\/wp-content\/uploads\/2025\/04\/185-e1739493384886-2.png\" class=\"attachment-full size-full wp-image-379519\" alt=\"\" srcset=\"https:\/\/rivasmercado.com\/wp-content\/uploads\/2025\/04\/185-e1739493384886-2.png 1560w, https:\/\/rivasmercado.com\/wp-content\/uploads\/2025\/04\/185-e1739493384886-2-300x122.png 300w, https:\/\/rivasmercado.com\/wp-content\/uploads\/2025\/04\/185-e1739493384886-2-1024x416.png 1024w, https:\/\/rivasmercado.com\/wp-content\/uploads\/2025\/04\/185-e1739493384886-2-768x312.png 768w, https:\/\/rivasmercado.com\/wp-content\/uploads\/2025\/04\/185-e1739493384886-2-1536x623.png 1536w\" sizes=\"(max-width: 1560px) 100vw, 1560px\" \/>\t\t\t\t\t\t\t\t\t\t\t\t\t\t\t<\/div>\n\t\t\t\t<\/div>\n\t\t\t\t<\/div>\n\t\t<div class=\"elementor-element elementor-element-11b9721 e-con-full e-flex e-con e-child\" data-id=\"11b9721\" data-element_type=\"container\">\n\t\t\t\t<\/div>\n\t\t\t\t<\/div>\n\t\t<div class=\"elementor-element elementor-element-8b8d1ac e-con-full e-flex e-con e-parent\" data-id=\"8b8d1ac\" data-element_type=\"container\">\n\t\t<div class=\"elementor-element elementor-element-512e326 e-con-full e-flex e-con e-child\" data-id=\"512e326\" data-element_type=\"container\">\n\t\t\t\t<\/div>\n\t\t<div class=\"elementor-element elementor-element-6d20916 e-con-full e-flex e-con e-child\" data-id=\"6d20916\" data-element_type=\"container\">\n\t\t\t\t<div class=\"elementor-element elementor-element-5f48fec elementor-widget elementor-widget-spacer\" data-id=\"5f48fec\" data-element_type=\"widget\" data-widget_type=\"spacer.default\">\n\t\t\t\t<div class=\"elementor-widget-container\">\n\t\t\t\t\t\t\t<div class=\"elementor-spacer\">\n\t\t\t<div class=\"elementor-spacer-inner\"><\/div>\n\t\t<\/div>\n\t\t\t\t\t\t<\/div>\n\t\t\t\t<\/div>\n\t\t\t\t<div class=\"elementor-element elementor-element-7e20dc9 elementor-widget elementor-widget-heading\" data-id=\"7e20dc9\" data-element_type=\"widget\" data-widget_type=\"heading.default\">\n\t\t\t\t<div class=\"elementor-widget-container\">\n\t\t\t\t\t<h2 class=\"elementor-heading-title elementor-size-default\">intro \/ concepto<\/h2>\t\t\t\t<\/div>\n\t\t\t\t<\/div>\n\t\t\t\t<div class=\"elementor-element elementor-element-c21efdc elementor-widget elementor-widget-heading\" data-id=\"c21efdc\" data-element_type=\"widget\" data-widget_type=\"heading.default\">\n\t\t\t\t<div class=\"elementor-widget-container\">\n\t\t\t\t\t<h3 class=\"elementor-heading-title elementor-size-default\">dise\u00f1o web y e\u2011commerce<\/h3>\t\t\t\t<\/div>\n\t\t\t\t<\/div>\n\t\t\t\t<\/div>\n\t\t<div class=\"elementor-element elementor-element-70e2599 e-con-full e-flex e-con e-child\" data-id=\"70e2599\" data-element_type=\"container\">\n\t\t\t\t<div class=\"elementor-element elementor-element-fa1b109 elementor-hidden-mobile elementor-widget elementor-widget-spacer\" data-id=\"fa1b109\" data-element_type=\"widget\" data-widget_type=\"spacer.default\">\n\t\t\t\t<div class=\"elementor-widget-container\">\n\t\t\t\t\t\t\t<div class=\"elementor-spacer\">\n\t\t\t<div class=\"elementor-spacer-inner\"><\/div>\n\t\t<\/div>\n\t\t\t\t\t\t<\/div>\n\t\t\t\t<\/div>\n\t\t\t\t<div class=\"elementor-element elementor-element-4a60f78 elementor-widget elementor-widget-heading\" data-id=\"4a60f78\" data-element_type=\"widget\" data-widget_type=\"heading.default\">\n\t\t\t\t<div class=\"elementor-widget-container\">\n\t\t\t\t\t<p class=\"elementor-heading-title elementor-size-default\"><b>Roland Garros Series<\/b> es un torneo de tenis amateur con el respaldo del ic\u00f3nico Grand Slam franc\u00e9s. Su objetivo es descubrir nuevos talentos y brindarles la oportunidad de competir, con la posibilidad de ganar un viaje para vivir la experiencia de <b>Roland Garros<\/b> en Paris. Para este evento desarrollamos un sitio informativo que comunica la esencia del torneo y facilita la inscripci\u00f3n de participantes. Adem\u00e1s, integramos una plataforma de venta de boletos para quienes desean competir, asegurando una experiencia digital intuitiva y alineada con la identidad de <b>Roland Garros Series<\/b>.\n<\/p>\t\t\t\t<\/div>\n\t\t\t\t<\/div>\n\t\t\t\t<div class=\"elementor-element elementor-element-9308f84 elementor-widget elementor-widget-spacer\" data-id=\"9308f84\" data-element_type=\"widget\" data-widget_type=\"spacer.default\">\n\t\t\t\t<div class=\"elementor-widget-container\">\n\t\t\t\t\t\t\t<div class=\"elementor-spacer\">\n\t\t\t<div class=\"elementor-spacer-inner\"><\/div>\n\t\t<\/div>\n\t\t\t\t\t\t<\/div>\n\t\t\t\t<\/div>\n\t\t\t\t<\/div>\n\t\t<div class=\"elementor-element elementor-element-4b44152 e-con-full e-flex e-con e-child\" data-id=\"4b44152\" data-element_type=\"container\">\n\t\t\t\t<\/div>\n\t\t\t\t<\/div>\n\t\t<div class=\"elementor-element elementor-element-9c1a618 e-con-full elementor-hidden-mobile e-flex e-con e-parent\" data-id=\"9c1a618\" data-element_type=\"container\" data-settings=\"{&quot;background_background&quot;:&quot;classic&quot;}\">\n\t\t<div class=\"elementor-element elementor-element-427d631 e-con-full e-flex e-con e-child\" data-id=\"427d631\" data-element_type=\"container\">\n\t\t\t\t<\/div>\n\t\t<div class=\"elementor-element elementor-element-9d2dcc8 e-con-full e-flex e-con e-child\" data-id=\"9d2dcc8\" data-element_type=\"container\">\n\t\t\t\t<div class=\"elementor-element elementor-element-ce64b02 elementor-widget elementor-widget-gallery\" data-id=\"ce64b02\" data-element_type=\"widget\" data-settings=\"{&quot;gap&quot;:{&quot;unit&quot;:&quot;px&quot;,&quot;size&quot;:0,&quot;sizes&quot;:[]},&quot;gap_tablet&quot;:{&quot;unit&quot;:&quot;px&quot;,&quot;size&quot;:4,&quot;sizes&quot;:[]},&quot;columns&quot;:2,&quot;aspect_ratio&quot;:&quot;1:1&quot;,&quot;lazyload&quot;:&quot;yes&quot;,&quot;gallery_layout&quot;:&quot;grid&quot;,&quot;columns_tablet&quot;:2,&quot;columns_mobile&quot;:1,&quot;gap_mobile&quot;:{&quot;unit&quot;:&quot;px&quot;,&quot;size&quot;:10,&quot;sizes&quot;:[]},&quot;content_hover_animation&quot;:&quot;fade-in&quot;}\" data-widget_type=\"gallery.default\">\n\t\t\t\t<div class=\"elementor-widget-container\">\n\t\t\t\t\t\t\t<div class=\"elementor-gallery__container\">\n\t\t\t\t\t\t\t<div class=\"e-gallery-item elementor-gallery-item elementor-animated-content\">\n\t\t\t\t\t<div class=\"e-gallery-image elementor-gallery-item__image\" data-thumbnail=\"https:\/\/rivasmercado.com\/wp-content\/uploads\/2025\/04\/118.png\" data-width=\"1200\" data-height=\"1200\" aria-label=\"\" role=\"img\" ><\/div>\n\t\t\t\t\t\t\t\t\t\t\t\t\t\t<\/div>\n\t\t\t\t\t\t\t<div class=\"e-gallery-item elementor-gallery-item elementor-animated-content\">\n\t\t\t\t\t<div class=\"e-gallery-image elementor-gallery-item__image\" data-thumbnail=\"https:\/\/rivasmercado.com\/wp-content\/uploads\/2025\/04\/Two-smartphone-mockups.png\" data-width=\"1199\" data-height=\"1200\" aria-label=\"\" role=\"img\" ><\/div>\n\t\t\t\t\t\t\t\t\t\t\t\t\t\t<\/div>\n\t\t\t\t\t<\/div>\n\t\t\t\t\t<\/div>\n\t\t\t\t<\/div>\n\t\t\t\t<\/div>\n\t\t<div class=\"elementor-element elementor-element-355c9ec e-con-full e-flex e-con e-child\" data-id=\"355c9ec\" data-element_type=\"container\">\n\t\t\t\t<\/div>\n\t\t\t\t<\/div>\n\t\t<div class=\"elementor-element elementor-element-1684bb6 e-con-full elementor-hidden-tablet elementor-hidden-desktop e-flex e-con e-parent\" data-id=\"1684bb6\" data-element_type=\"container\" data-settings=\"{&quot;background_background&quot;:&quot;classic&quot;}\">\n\t\t<div class=\"elementor-element elementor-element-19faf03 e-con-full e-flex e-con e-child\" data-id=\"19faf03\" data-element_type=\"container\">\n\t\t\t\t<\/div>\n\t\t<div class=\"elementor-element elementor-element-3138007 e-con-full e-flex e-con e-child\" data-id=\"3138007\" data-element_type=\"container\">\n\t\t\t\t<div class=\"elementor-element elementor-element-5997c4e elementor-widget elementor-widget-gallery\" data-id=\"5997c4e\" data-element_type=\"widget\" data-settings=\"{&quot;gap&quot;:{&quot;unit&quot;:&quot;px&quot;,&quot;size&quot;:0,&quot;sizes&quot;:[]},&quot;gap_tablet&quot;:{&quot;unit&quot;:&quot;px&quot;,&quot;size&quot;:4,&quot;sizes&quot;:[]},&quot;columns&quot;:1,&quot;aspect_ratio&quot;:&quot;1:1&quot;,&quot;lazyload&quot;:&quot;yes&quot;,&quot;gallery_layout&quot;:&quot;grid&quot;,&quot;columns_tablet&quot;:2,&quot;columns_mobile&quot;:1,&quot;gap_mobile&quot;:{&quot;unit&quot;:&quot;px&quot;,&quot;size&quot;:10,&quot;sizes&quot;:[]},&quot;content_hover_animation&quot;:&quot;fade-in&quot;}\" data-widget_type=\"gallery.default\">\n\t\t\t\t<div class=\"elementor-widget-container\">\n\t\t\t\t\t\t\t<div class=\"elementor-gallery__container\">\n\t\t\t\t\t\t\t<div class=\"e-gallery-item elementor-gallery-item elementor-animated-content\">\n\t\t\t\t\t<div class=\"e-gallery-image elementor-gallery-item__image\" data-thumbnail=\"https:\/\/rivasmercado.com\/wp-content\/uploads\/2025\/04\/118.png\" data-width=\"1200\" data-height=\"1200\" aria-label=\"\" role=\"img\" ><\/div>\n\t\t\t\t\t\t\t\t\t\t\t\t\t\t<\/div>\n\t\t\t\t\t\t\t<div class=\"e-gallery-item elementor-gallery-item elementor-animated-content\">\n\t\t\t\t\t<div class=\"e-gallery-image elementor-gallery-item__image\" data-thumbnail=\"https:\/\/rivasmercado.com\/wp-content\/uploads\/2025\/04\/Two-smartphone-mockups.png\" data-width=\"1199\" data-height=\"1200\" aria-label=\"\" role=\"img\" ><\/div>\n\t\t\t\t\t\t\t\t\t\t\t\t\t\t<\/div>\n\t\t\t\t\t<\/div>\n\t\t\t\t\t<\/div>\n\t\t\t\t<\/div>\n\t\t\t\t<\/div>\n\t\t<div class=\"elementor-element elementor-element-90c493f e-con-full e-flex e-con e-child\" data-id=\"90c493f\" data-element_type=\"container\">\n\t\t\t\t<\/div>\n\t\t\t\t<\/div>\n\t\t<div class=\"elementor-element elementor-element-8223dce e-con-full e-flex e-con e-parent\" data-id=\"8223dce\" data-element_type=\"container\">\n\t\t<div class=\"elementor-element elementor-element-b57ea24 e-con-full e-flex e-con e-child\" data-id=\"b57ea24\" data-element_type=\"container\">\n\t\t\t\t<\/div>\n\t\t<div class=\"elementor-element elementor-element-4defabc e-con-full e-flex e-con e-child\" data-id=\"4defabc\" data-element_type=\"container\">\n\t\t\t\t<div class=\"elementor-element elementor-element-e76698c elementor-widget elementor-widget-spacer\" data-id=\"e76698c\" data-element_type=\"widget\" data-widget_type=\"spacer.default\">\n\t\t\t\t<div class=\"elementor-widget-container\">\n\t\t\t\t\t\t\t<div class=\"elementor-spacer\">\n\t\t\t<div class=\"elementor-spacer-inner\"><\/div>\n\t\t<\/div>\n\t\t\t\t\t\t<\/div>\n\t\t\t\t<\/div>\n\t\t\t\t<div class=\"elementor-element elementor-element-c6c950d elementor-widget elementor-widget-heading\" data-id=\"c6c950d\" data-element_type=\"widget\" data-widget_type=\"heading.default\">\n\t\t\t\t<div class=\"elementor-widget-container\">\n\t\t\t\t\t<h2 class=\"elementor-heading-title elementor-size-default\">estrategia y<br>enfoque ux\/ui<\/h2>\t\t\t\t<\/div>\n\t\t\t\t<\/div>\n\t\t\t\t<div class=\"elementor-element elementor-element-17b3da6 elementor-widget elementor-widget-heading\" data-id=\"17b3da6\" data-element_type=\"widget\" data-widget_type=\"heading.default\">\n\t\t\t\t<div class=\"elementor-widget-container\">\n\t\t\t\t\t<h3 class=\"elementor-heading-title elementor-size-default\">que hicimos<\/h3>\t\t\t\t<\/div>\n\t\t\t\t<\/div>\n\t\t\t\t<\/div>\n\t\t<div class=\"elementor-element elementor-element-ed996e7 e-con-full e-flex e-con e-child\" data-id=\"ed996e7\" data-element_type=\"container\">\n\t\t\t\t<div class=\"elementor-element elementor-element-8f23a4e elementor-hidden-mobile elementor-widget elementor-widget-spacer\" data-id=\"8f23a4e\" data-element_type=\"widget\" data-widget_type=\"spacer.default\">\n\t\t\t\t<div class=\"elementor-widget-container\">\n\t\t\t\t\t\t\t<div class=\"elementor-spacer\">\n\t\t\t<div class=\"elementor-spacer-inner\"><\/div>\n\t\t<\/div>\n\t\t\t\t\t\t<\/div>\n\t\t\t\t<\/div>\n\t\t\t\t<div class=\"elementor-element elementor-element-a4b6d58 elementor-widget elementor-widget-heading\" data-id=\"a4b6d58\" data-element_type=\"widget\" data-widget_type=\"heading.default\">\n\t\t\t\t<div class=\"elementor-widget-container\">\n\t\t\t\t\t<p class=\"elementor-heading-title elementor-size-default\">Para garantizar una experiencia digital clara y eficiente, dise\u00f1amos una estructura web intuitiva que permitiera a los usuarios acceder f\u00e1cilmente a la informaci\u00f3n clave del torneo. Optimizamos la navegaci\u00f3n para que los participantes pudieran conocer las bases de la competencia, el proceso de inscripci\u00f3n y los detalles del premio.\n<br><br>\nEl dise\u00f1o visual mantiene la esencia y prestigio de <b>Roland Garros<\/b>, utilizando una est\u00e9tica moderna y deportiva que refuerza la identidad del torneo. Se prioriz\u00f3 una jerarqu\u00eda visual clara, con llamados a la acci\u00f3n estrat\u00e9gicos que facilitan la compra de boletos y el registro de jugadores. Adem\u00e1s, desarrollamos un proceso de compra \u00e1gil y optimizado, asegurando que los usuarios pudieran adquirir sus entradas de manera r\u00e1pida y sencilla.\n<br><br>\nPara mejorar la accesibilidad, implementamos una estructura completamente responsive, garantizando una experiencia fluida en cualquier dispositivo y permitiendo que tanto participantes como espectadores puedan realizar sus gestiones de manera eficiente.<\/p>\t\t\t\t<\/div>\n\t\t\t\t<\/div>\n\t\t\t\t<div class=\"elementor-element elementor-element-5b7b9ce elementor-widget elementor-widget-spacer\" data-id=\"5b7b9ce\" data-element_type=\"widget\" data-widget_type=\"spacer.default\">\n\t\t\t\t<div class=\"elementor-widget-container\">\n\t\t\t\t\t\t\t<div class=\"elementor-spacer\">\n\t\t\t<div class=\"elementor-spacer-inner\"><\/div>\n\t\t<\/div>\n\t\t\t\t\t\t<\/div>\n\t\t\t\t<\/div>\n\t\t\t\t<\/div>\n\t\t<div class=\"elementor-element elementor-element-cd88746 e-con-full e-flex e-con e-child\" data-id=\"cd88746\" data-element_type=\"container\">\n\t\t\t\t<\/div>\n\t\t\t\t<\/div>\n\t\t<div class=\"elementor-element elementor-element-19e08b0 e-con-full e-flex e-con e-parent\" data-id=\"19e08b0\" data-element_type=\"container\" data-settings=\"{&quot;background_background&quot;:&quot;classic&quot;}\">\n\t\t<div class=\"elementor-element elementor-element-5956958 e-con-full e-flex e-con e-child\" data-id=\"5956958\" data-element_type=\"container\">\n\t\t\t\t<\/div>\n\t\t<div class=\"elementor-element elementor-element-6d79025 e-con-full e-flex e-con e-child\" data-id=\"6d79025\" data-element_type=\"container\">\n\t\t\t\t<div class=\"elementor-element elementor-element-7ab3f49 elementor-widget elementor-widget-image\" data-id=\"7ab3f49\" data-element_type=\"widget\" data-widget_type=\"image.default\">\n\t\t\t\t<div class=\"elementor-widget-container\">\n\t\t\t\t\t\t\t\t\t\t\t\t\t\t\t<img decoding=\"async\" width=\"1194\" height=\"787\" src=\"https:\/\/rivasmercado.com\/wp-content\/uploads\/2025\/04\/Tablet_Pro_Mockup_10_-1.png\" class=\"attachment-full size-full wp-image-379523\" alt=\"\" srcset=\"https:\/\/rivasmercado.com\/wp-content\/uploads\/2025\/04\/Tablet_Pro_Mockup_10_-1.png 1194w, https:\/\/rivasmercado.com\/wp-content\/uploads\/2025\/04\/Tablet_Pro_Mockup_10_-1-300x198.png 300w, https:\/\/rivasmercado.com\/wp-content\/uploads\/2025\/04\/Tablet_Pro_Mockup_10_-1-1024x675.png 1024w, https:\/\/rivasmercado.com\/wp-content\/uploads\/2025\/04\/Tablet_Pro_Mockup_10_-1-768x506.png 768w\" sizes=\"(max-width: 1194px) 100vw, 1194px\" \/>\t\t\t\t\t\t\t\t\t\t\t\t\t\t\t<\/div>\n\t\t\t\t<\/div>\n\t\t\t\t<\/div>\n\t\t<div class=\"elementor-element elementor-element-86afc92 e-con-full e-flex e-con e-child\" data-id=\"86afc92\" data-element_type=\"container\">\n\t\t\t\t<\/div>\n\t\t\t\t<\/div>\n\t\t<div class=\"elementor-element elementor-element-297b350 e-con-full e-flex e-con e-parent\" data-id=\"297b350\" data-element_type=\"container\">\n\t\t<div class=\"elementor-element elementor-element-7050242 e-con-full elementor-hidden-mobile e-flex e-con e-child\" data-id=\"7050242\" data-element_type=\"container\">\n\t\t\t\t<\/div>\n\t\t<div class=\"elementor-element elementor-element-ffef674 e-con-full e-flex e-con e-child\" data-id=\"ffef674\" data-element_type=\"container\">\n\t\t\t\t<div class=\"elementor-element elementor-element-97f6d63 elementor-widget elementor-widget-spacer\" data-id=\"97f6d63\" data-element_type=\"widget\" data-widget_type=\"spacer.default\">\n\t\t\t\t<div class=\"elementor-widget-container\">\n\t\t\t\t\t\t\t<div class=\"elementor-spacer\">\n\t\t\t<div class=\"elementor-spacer-inner\"><\/div>\n\t\t<\/div>\n\t\t\t\t\t\t<\/div>\n\t\t\t\t<\/div>\n\t\t\t\t<div class=\"elementor-element elementor-element-0db582c elementor-widget elementor-widget-heading\" data-id=\"0db582c\" data-element_type=\"widget\" data-widget_type=\"heading.default\">\n\t\t\t\t<div class=\"elementor-widget-container\">\n\t\t\t\t\t<h2 class=\"elementor-heading-title elementor-size-default\">impacto del dise\u00f1o\n<\/h2>\t\t\t\t<\/div>\n\t\t\t\t<\/div>\n\t\t\t\t<div class=\"elementor-element elementor-element-ef568ae elementor-widget elementor-widget-heading\" data-id=\"ef568ae\" data-element_type=\"widget\" data-widget_type=\"heading.default\">\n\t\t\t\t<div class=\"elementor-widget-container\">\n\t\t\t\t\t<h3 class=\"elementor-heading-title elementor-size-default\">qu\u00e9 conseguimos<\/h3>\t\t\t\t<\/div>\n\t\t\t\t<\/div>\n\t\t\t\t<\/div>\n\t\t<div class=\"elementor-element elementor-element-ccb5a65 e-con-full e-flex e-con e-child\" data-id=\"ccb5a65\" data-element_type=\"container\">\n\t\t\t\t<div class=\"elementor-element elementor-element-78c158b elementor-hidden-mobile elementor-widget elementor-widget-spacer\" data-id=\"78c158b\" data-element_type=\"widget\" data-widget_type=\"spacer.default\">\n\t\t\t\t<div class=\"elementor-widget-container\">\n\t\t\t\t\t\t\t<div class=\"elementor-spacer\">\n\t\t\t<div class=\"elementor-spacer-inner\"><\/div>\n\t\t<\/div>\n\t\t\t\t\t\t<\/div>\n\t\t\t\t<\/div>\n\t\t\t\t<div class=\"elementor-element elementor-element-f3dec68 elementor-widget elementor-widget-heading\" data-id=\"f3dec68\" data-element_type=\"widget\" data-widget_type=\"heading.default\">\n\t\t\t\t<div class=\"elementor-widget-container\">\n\t\t\t\t\t<p class=\"elementor-heading-title elementor-size-default\">Gracias a la optimizaci\u00f3n del dise\u00f1o y la usabilidad del sitio web, <strong>Roland Garros Series<\/strong> logr\u00f3 una plataforma accesible y funcional que facilit\u00f3 tanto la compra de boletos como el registro de participantes. La navegaci\u00f3n intuitiva y la estructura visual clara redujeron fricciones en el proceso de inscripci\u00f3n, permitiendo que m\u00e1s jugadores se unieran a la competencia de manera sencilla.\n<br><br>\nEl dise\u00f1o reforz\u00f3 la identidad del torneo, transmitiendo su prestigio y emoci\u00f3n a trav\u00e9s de una experiencia digital que conect\u00f3 con jugadores y aficionados, asegurando una interacci\u00f3n fluida y eficiente en cada etapa del proceso.<\/p>\t\t\t\t<\/div>\n\t\t\t\t<\/div>\n\t\t\t\t<div class=\"elementor-element elementor-element-a677e65 elementor-widget elementor-widget-spacer\" data-id=\"a677e65\" data-element_type=\"widget\" data-widget_type=\"spacer.default\">\n\t\t\t\t<div class=\"elementor-widget-container\">\n\t\t\t\t\t\t\t<div class=\"elementor-spacer\">\n\t\t\t<div class=\"elementor-spacer-inner\"><\/div>\n\t\t<\/div>\n\t\t\t\t\t\t<\/div>\n\t\t\t\t<\/div>\n\t\t\t\t<\/div>\n\t\t<div class=\"elementor-element elementor-element-ff42a35 e-con-full e-flex e-con e-child\" data-id=\"ff42a35\" data-element_type=\"container\">\n\t\t\t\t<\/div>\n\t\t\t\t<\/div>\n\t\t\t\t<\/div>","protected":false},"excerpt":{"rendered":"<p>Roland Garros Series \u2014 UX\/UI design and website development intro \/ concept web design and e\u2011commerce Roland Garros Series is an amateur tennis tournament backed by the iconic French Grand Slam. Its goal is to discover new talent and give players the chance to compete, with the possibility of winning a trip to experience Roland [&hellip;]<\/p>\n","protected":false},"author":1,"featured_media":0,"parent":0,"menu_order":0,"comment_status":"closed","ping_status":"closed","template":"elementor_header_footer","meta":{"footnotes":""},"class_list":["post-379405","page","type-page","status-publish","hentry"],"_links":{"self":[{"href":"https:\/\/rivasmercado.com\/es\/wp-json\/wp\/v2\/pages\/379405","targetHints":{"allow":["GET"]}}],"collection":[{"href":"https:\/\/rivasmercado.com\/es\/wp-json\/wp\/v2\/pages"}],"about":[{"href":"https:\/\/rivasmercado.com\/es\/wp-json\/wp\/v2\/types\/page"}],"author":[{"embeddable":true,"href":"https:\/\/rivasmercado.com\/es\/wp-json\/wp\/v2\/users\/1"}],"replies":[{"embeddable":true,"href":"https:\/\/rivasmercado.com\/es\/wp-json\/wp\/v2\/comments?post=379405"}],"version-history":[{"count":163,"href":"https:\/\/rivasmercado.com\/es\/wp-json\/wp\/v2\/pages\/379405\/revisions"}],"predecessor-version":[{"id":381264,"href":"https:\/\/rivasmercado.com\/es\/wp-json\/wp\/v2\/pages\/379405\/revisions\/381264"}],"wp:attachment":[{"href":"https:\/\/rivasmercado.com\/es\/wp-json\/wp\/v2\/media?parent=379405"}],"curies":[{"name":"wp","href":"https:\/\/api.w.org\/{rel}","templated":true}]}}