{"id":379650,"date":"2025-07-22T01:42:51","date_gmt":"2025-07-22T01:42:51","guid":{"rendered":"https:\/\/rivasmercado.com\/?page_id=379650"},"modified":"2025-08-22T00:18:13","modified_gmt":"2025-08-22T00:18:13","slug":"kun2186","status":"publish","type":"page","link":"https:\/\/rivasmercado.com\/es\/kun2186\/","title":{"rendered":"Kun2186"},"content":{"rendered":"<div data-elementor-type=\"wp-page\" data-elementor-id=\"379650\" class=\"elementor elementor-379650\" data-elementor-post-type=\"page\">\n\t\t\t\t\t\t<section class=\"elementor-section elementor-top-section elementor-element elementor-element-702c7842 elementor-section-full_width elementor-section-height-min-height elementor-section-height-default elementor-section-items-middle\" data-id=\"702c7842\" data-element_type=\"section\" data-settings=\"{&quot;background_background&quot;:&quot;classic&quot;}\">\n\t\t\t\t\t\t<div class=\"elementor-container elementor-column-gap-no\">\n\t\t\t\t\t<div class=\"elementor-column elementor-col-33 elementor-top-column elementor-element elementor-element-87d4bc4\" data-id=\"87d4bc4\" data-element_type=\"column\">\n\t\t\t<div class=\"elementor-widget-wrap\">\n\t\t\t\t\t\t\t<\/div>\n\t\t<\/div>\n\t\t\t\t<div class=\"elementor-column elementor-col-33 elementor-top-column elementor-element elementor-element-4c195b3d\" data-id=\"4c195b3d\" data-element_type=\"column\">\n\t\t\t<div class=\"elementor-widget-wrap elementor-element-populated\">\n\t\t\t\t\t\t<div class=\"elementor-element elementor-element-4efbd5f elementor-widget elementor-widget-html\" data-id=\"4efbd5f\" data-element_type=\"widget\" data-widget_type=\"html.default\">\n\t\t\t\t<div class=\"elementor-widget-container\">\n\t\t\t\t\t<h1 class=\"visually-hidden\">KUN 21\u00b086\u00b0 \u2014 visualizaci\u00f3n arquitect\u00f3nica<\/h1>\r\n\t\t\t\t<\/div>\n\t\t\t\t<\/div>\n\t\t\t\t<div class=\"elementor-element elementor-element-26158b9 elementor-widget elementor-widget-image\" data-id=\"26158b9\" data-element_type=\"widget\" data-widget_type=\"image.default\">\n\t\t\t\t<div class=\"elementor-widget-container\">\n\t\t\t\t\t\t\t\t\t\t\t\t\t\t\t<img fetchpriority=\"high\" decoding=\"async\" width=\"2304\" height=\"1296\" src=\"https:\/\/rivasmercado.com\/wp-content\/uploads\/2021\/07\/Kun2186.jpg\" class=\"attachment-full size-full wp-image-191\" alt=\"\" srcset=\"https:\/\/rivasmercado.com\/wp-content\/uploads\/2021\/07\/Kun2186.jpg 2304w, https:\/\/rivasmercado.com\/wp-content\/uploads\/2021\/07\/Kun2186-300x169.jpg 300w, https:\/\/rivasmercado.com\/wp-content\/uploads\/2021\/07\/Kun2186-1024x576.jpg 1024w, https:\/\/rivasmercado.com\/wp-content\/uploads\/2021\/07\/Kun2186-768x432.jpg 768w, https:\/\/rivasmercado.com\/wp-content\/uploads\/2021\/07\/Kun2186-1536x864.jpg 1536w, https:\/\/rivasmercado.com\/wp-content\/uploads\/2021\/07\/Kun2186-2048x1152.jpg 2048w, https:\/\/rivasmercado.com\/wp-content\/uploads\/2021\/07\/Kun2186-1568x882.jpg 1568w\" sizes=\"(max-width: 2304px) 100vw, 2304px\" \/>\t\t\t\t\t\t\t\t\t\t\t\t\t\t\t<\/div>\n\t\t\t\t<\/div>\n\t\t\t\t\t<\/div>\n\t\t<\/div>\n\t\t\t\t<div class=\"elementor-column elementor-col-33 elementor-top-column elementor-element elementor-element-b3dcb21\" data-id=\"b3dcb21\" data-element_type=\"column\">\n\t\t\t<div class=\"elementor-widget-wrap\">\n\t\t\t\t\t\t\t<\/div>\n\t\t<\/div>\n\t\t\t\t\t<\/div>\n\t\t<\/section>\n\t\t<div class=\"elementor-element elementor-element-f1a183c e-con-full e-flex e-con e-parent\" data-id=\"f1a183c\" data-element_type=\"container\">\n\t\t<div class=\"elementor-element elementor-element-3d24da2 e-con-full e-flex e-con e-child\" data-id=\"3d24da2\" data-element_type=\"container\">\n\t\t\t\t<\/div>\n\t\t<div class=\"elementor-element elementor-element-15bc2bb e-con-full e-flex e-con e-child\" data-id=\"15bc2bb\" data-element_type=\"container\">\n\t\t\t\t<div class=\"elementor-element elementor-element-0ebebe4 elementor-widget elementor-widget-spacer\" data-id=\"0ebebe4\" data-element_type=\"widget\" data-widget_type=\"spacer.default\">\n\t\t\t\t<div class=\"elementor-widget-container\">\n\t\t\t\t\t\t\t<div class=\"elementor-spacer\">\n\t\t\t<div class=\"elementor-spacer-inner\"><\/div>\n\t\t<\/div>\n\t\t\t\t\t\t<\/div>\n\t\t\t\t<\/div>\n\t\t\t\t<div class=\"elementor-element elementor-element-9d2b5f0 elementor-widget elementor-widget-heading\" data-id=\"9d2b5f0\" data-element_type=\"widget\" data-widget_type=\"heading.default\">\n\t\t\t\t<div class=\"elementor-widget-container\">\n\t\t\t\t\t<h2 class=\"elementor-heading-title elementor-size-default\">introducci\u00f3n<\/h2>\t\t\t\t<\/div>\n\t\t\t\t<\/div>\n\t\t\t\t<div class=\"elementor-element elementor-element-f7fc74c elementor-widget elementor-widget-heading\" data-id=\"f7fc74c\" data-element_type=\"widget\" data-widget_type=\"heading.default\">\n\t\t\t\t<div class=\"elementor-widget-container\">\n\t\t\t\t\t<h3 class=\"elementor-heading-title elementor-size-default\">presentaci\u00f3n del proyecto<\/h3>\t\t\t\t<\/div>\n\t\t\t\t<\/div>\n\t\t\t\t<\/div>\n\t\t<div class=\"elementor-element elementor-element-bbc02fa e-con-full e-flex e-con e-child\" data-id=\"bbc02fa\" data-element_type=\"container\">\n\t\t\t\t<div class=\"elementor-element elementor-element-f7ae837 elementor-hidden-mobile elementor-widget elementor-widget-spacer\" data-id=\"f7ae837\" data-element_type=\"widget\" data-widget_type=\"spacer.default\">\n\t\t\t\t<div class=\"elementor-widget-container\">\n\t\t\t\t\t\t\t<div class=\"elementor-spacer\">\n\t\t\t<div class=\"elementor-spacer-inner\"><\/div>\n\t\t<\/div>\n\t\t\t\t\t\t<\/div>\n\t\t\t\t<\/div>\n\t\t\t\t<div class=\"elementor-element elementor-element-6e80224 elementor-widget elementor-widget-heading\" data-id=\"6e80224\" data-element_type=\"widget\" data-widget_type=\"heading.default\">\n\t\t\t\t<div class=\"elementor-widget-container\">\n\t\t\t\t\t<p class=\"elementor-heading-title elementor-size-default\"><b>KUN 21\u00b086\u00b0<\/b> es un desarrollo de usos mixtos ubicado en el coraz\u00f3n del distrito empresarial de Canc\u00fan. Este complejo busca destacar por su dise\u00f1o contempor\u00e1neo y su enfoque funcional, combinando espacios corporativos, m\u00e9dicos y comerciales en un mismo lugar.\n<br><br>\nEl cliente nos contact\u00f3 en una etapa clave: necesitaban visualizar de forma clara c\u00f3mo se ver\u00eda el proyecto terminado para arrancar su etapa de preventa. A partir de planos generales y referencias materiales, nos encargamos de traducir su visi\u00f3n arquitect\u00f3nica en una propuesta visual que comunicara calidad, modernidad y potencial de inversi\u00f3n.<\/p>\t\t\t\t<\/div>\n\t\t\t\t<\/div>\n\t\t\t\t<div class=\"elementor-element elementor-element-fc1c10c elementor-widget elementor-widget-spacer\" data-id=\"fc1c10c\" data-element_type=\"widget\" data-widget_type=\"spacer.default\">\n\t\t\t\t<div class=\"elementor-widget-container\">\n\t\t\t\t\t\t\t<div class=\"elementor-spacer\">\n\t\t\t<div class=\"elementor-spacer-inner\"><\/div>\n\t\t<\/div>\n\t\t\t\t\t\t<\/div>\n\t\t\t\t<\/div>\n\t\t\t\t<\/div>\n\t\t<div class=\"elementor-element elementor-element-4628d3a e-con-full e-flex e-con e-child\" data-id=\"4628d3a\" data-element_type=\"container\">\n\t\t\t\t<\/div>\n\t\t\t\t<\/div>\n\t\t\t\t<section class=\"elementor-section elementor-top-section elementor-element elementor-element-e3c13a3 elementor-section-full_width elementor-section-height-min-height elementor-hidden-tablet elementor-hidden-mobile elementor-section-height-default elementor-section-items-middle\" data-id=\"e3c13a3\" data-element_type=\"section\" data-settings=\"{&quot;background_background&quot;:&quot;classic&quot;}\">\n\t\t\t\t\t\t<div class=\"elementor-container elementor-column-gap-no\">\n\t\t\t\t\t<div class=\"elementor-column elementor-col-33 elementor-top-column elementor-element elementor-element-22f9ce1\" data-id=\"22f9ce1\" data-element_type=\"column\">\n\t\t\t<div class=\"elementor-widget-wrap\">\n\t\t\t\t\t\t\t<\/div>\n\t\t<\/div>\n\t\t\t\t<div class=\"elementor-column elementor-col-33 elementor-top-column elementor-element elementor-element-e28b404\" data-id=\"e28b404\" data-element_type=\"column\">\n\t\t\t<div class=\"elementor-widget-wrap elementor-element-populated\">\n\t\t\t\t\t\t<div class=\"elementor-element elementor-element-92dccea elementor-widget elementor-widget-gallery\" data-id=\"92dccea\" data-element_type=\"widget\" data-settings=\"{&quot;gap&quot;:{&quot;unit&quot;:&quot;px&quot;,&quot;size&quot;:15,&quot;sizes&quot;:[]},&quot;gap_tablet&quot;:{&quot;unit&quot;:&quot;px&quot;,&quot;size&quot;:4,&quot;sizes&quot;:[]},&quot;columns&quot;:3,&quot;lazyload&quot;:&quot;yes&quot;,&quot;gallery_layout&quot;:&quot;grid&quot;,&quot;columns_tablet&quot;:2,&quot;columns_mobile&quot;:1,&quot;gap_mobile&quot;:{&quot;unit&quot;:&quot;px&quot;,&quot;size&quot;:10,&quot;sizes&quot;:[]},&quot;link_to&quot;:&quot;file&quot;,&quot;aspect_ratio&quot;:&quot;3:2&quot;,&quot;overlay_background&quot;:&quot;yes&quot;,&quot;content_hover_animation&quot;:&quot;fade-in&quot;}\" data-widget_type=\"gallery.default\">\n\t\t\t\t<div class=\"elementor-widget-container\">\n\t\t\t\t\t\t\t<div class=\"elementor-gallery__container\">\n\t\t\t\t\t\t\t<a class=\"e-gallery-item elementor-gallery-item elementor-animated-content\" href=\"https:\/\/rivasmercado.com\/wp-content\/uploads\/2021\/07\/Kun2186-fotomontaje.jpg\" data-elementor-open-lightbox=\"yes\" data-elementor-lightbox-slideshow=\"92dccea\" data-elementor-lightbox-title=\"Kun2186-fotomontaje\" data-e-action-hash=\"#elementor-action%3Aaction%3Dlightbox%26settings%3DeyJpZCI6MjEyLCJ1cmwiOiJodHRwczpcL1wvcml2YXNtZXJjYWRvLmNvbVwvd3AtY29udGVudFwvdXBsb2Fkc1wvMjAyMVwvMDdcL0t1bjIxODYtZm90b21vbnRhamUuanBnIiwic2xpZGVzaG93IjoiOTJkY2NlYSJ9\">\n\t\t\t\t\t<div class=\"e-gallery-image elementor-gallery-item__image\" data-thumbnail=\"https:\/\/rivasmercado.com\/wp-content\/uploads\/2021\/07\/Kun2186-fotomontaje.jpg\" data-width=\"2304\" data-height=\"1296\" aria-label=\"\" role=\"img\" ><\/div>\n\t\t\t\t\t\t\t\t\t\t\t<div class=\"elementor-gallery-item__overlay\"><\/div>\n\t\t\t\t\t\t\t\t\t\t\t\t\t\t<\/a>\n\t\t\t\t\t\t\t<a class=\"e-gallery-item elementor-gallery-item elementor-animated-content\" href=\"https:\/\/rivasmercado.com\/wp-content\/uploads\/2021\/08\/Kun2186-3.jpg\" data-elementor-open-lightbox=\"yes\" data-elementor-lightbox-slideshow=\"92dccea\" data-elementor-lightbox-title=\"Kun2186-3\" data-e-action-hash=\"#elementor-action%3Aaction%3Dlightbox%26settings%3DeyJpZCI6MjM2NywidXJsIjoiaHR0cHM6XC9cL3JpdmFzbWVyY2Fkby5jb21cL3dwLWNvbnRlbnRcL3VwbG9hZHNcLzIwMjFcLzA4XC9LdW4yMTg2LTMuanBnIiwic2xpZGVzaG93IjoiOTJkY2NlYSJ9\">\n\t\t\t\t\t<div class=\"e-gallery-image elementor-gallery-item__image\" data-thumbnail=\"https:\/\/rivasmercado.com\/wp-content\/uploads\/2021\/08\/Kun2186-3.jpg\" data-width=\"1920\" data-height=\"1080\" aria-label=\"\" role=\"img\" ><\/div>\n\t\t\t\t\t\t\t\t\t\t\t<div class=\"elementor-gallery-item__overlay\"><\/div>\n\t\t\t\t\t\t\t\t\t\t\t\t\t\t<\/a>\n\t\t\t\t\t\t\t<a class=\"e-gallery-item elementor-gallery-item elementor-animated-content\" href=\"https:\/\/rivasmercado.com\/wp-content\/uploads\/2021\/08\/Kun2186-4.jpg\" data-elementor-open-lightbox=\"yes\" data-elementor-lightbox-slideshow=\"92dccea\" data-elementor-lightbox-title=\"Kun2186-4\" data-e-action-hash=\"#elementor-action%3Aaction%3Dlightbox%26settings%3DeyJpZCI6MjM2OCwidXJsIjoiaHR0cHM6XC9cL3JpdmFzbWVyY2Fkby5jb21cL3dwLWNvbnRlbnRcL3VwbG9hZHNcLzIwMjFcLzA4XC9LdW4yMTg2LTQuanBnIiwic2xpZGVzaG93IjoiOTJkY2NlYSJ9\">\n\t\t\t\t\t<div class=\"e-gallery-image elementor-gallery-item__image\" data-thumbnail=\"https:\/\/rivasmercado.com\/wp-content\/uploads\/2021\/08\/Kun2186-4.jpg\" data-width=\"1920\" data-height=\"1080\" aria-label=\"\" role=\"img\" ><\/div>\n\t\t\t\t\t\t\t\t\t\t\t<div class=\"elementor-gallery-item__overlay\"><\/div>\n\t\t\t\t\t\t\t\t\t\t\t\t\t\t<\/a>\n\t\t\t\t\t<\/div>\n\t\t\t\t\t<\/div>\n\t\t\t\t<\/div>\n\t\t\t\t\t<\/div>\n\t\t<\/div>\n\t\t\t\t<div class=\"elementor-column elementor-col-33 elementor-top-column elementor-element elementor-element-4320a06\" data-id=\"4320a06\" data-element_type=\"column\">\n\t\t\t<div class=\"elementor-widget-wrap\">\n\t\t\t\t\t\t\t<\/div>\n\t\t<\/div>\n\t\t\t\t\t<\/div>\n\t\t<\/section>\n\t\t\t\t<section class=\"elementor-section elementor-top-section elementor-element elementor-element-50636b7 elementor-section-full_width elementor-section-height-min-height elementor-hidden-desktop elementor-section-height-default elementor-section-items-middle\" data-id=\"50636b7\" data-element_type=\"section\" data-settings=\"{&quot;background_background&quot;:&quot;classic&quot;}\">\n\t\t\t\t\t\t<div class=\"elementor-container elementor-column-gap-no\">\n\t\t\t\t\t<div class=\"elementor-column elementor-col-33 elementor-top-column elementor-element elementor-element-84239a1\" data-id=\"84239a1\" data-element_type=\"column\">\n\t\t\t<div class=\"elementor-widget-wrap\">\n\t\t\t\t\t\t\t<\/div>\n\t\t<\/div>\n\t\t\t\t<div class=\"elementor-column elementor-col-33 elementor-top-column elementor-element elementor-element-dce9fe1\" data-id=\"dce9fe1\" data-element_type=\"column\">\n\t\t\t<div class=\"elementor-widget-wrap elementor-element-populated\">\n\t\t\t\t\t\t<div class=\"elementor-element elementor-element-202476f elementor-arrows-position-inside elementor-widget elementor-widget-image-carousel\" data-id=\"202476f\" data-element_type=\"widget\" data-settings=\"{&quot;slides_to_show&quot;:&quot;1&quot;,&quot;navigation&quot;:&quot;arrows&quot;,&quot;lazyload&quot;:&quot;yes&quot;,&quot;autoplay&quot;:&quot;yes&quot;,&quot;pause_on_hover&quot;:&quot;yes&quot;,&quot;pause_on_interaction&quot;:&quot;yes&quot;,&quot;autoplay_speed&quot;:5000,&quot;infinite&quot;:&quot;yes&quot;,&quot;effect&quot;:&quot;slide&quot;,&quot;speed&quot;:500}\" data-widget_type=\"image-carousel.default\">\n\t\t\t\t<div class=\"elementor-widget-container\">\n\t\t\t\t\t\t\t<div class=\"elementor-image-carousel-wrapper swiper\" role=\"region\" aria-roledescription=\"carousel\" aria-label=\"Image Carousel\" dir=\"ltr\">\n\t\t\t<div class=\"elementor-image-carousel swiper-wrapper\" aria-live=\"off\">\n\t\t\t\t\t\t\t\t<div class=\"swiper-slide\" role=\"group\" aria-roledescription=\"slide\" aria-label=\"1 de 4\"><figure class=\"swiper-slide-inner\"><img class=\"swiper-slide-image swiper-lazy\" data-src=\"https:\/\/rivasmercado.com\/wp-content\/uploads\/2021\/08\/Kun2186-2.jpg\" alt=\"Kun2186-2\" \/><div class=\"swiper-lazy-preloader\"><\/div><\/figure><\/div><div class=\"swiper-slide\" role=\"group\" aria-roledescription=\"slide\" aria-label=\"2 de 4\"><figure class=\"swiper-slide-inner\"><img class=\"swiper-slide-image swiper-lazy\" data-src=\"https:\/\/rivasmercado.com\/wp-content\/uploads\/2021\/08\/Kun2186-4.jpg\" alt=\"Kun2186-4\" \/><div class=\"swiper-lazy-preloader\"><\/div><\/figure><\/div><div class=\"swiper-slide\" role=\"group\" aria-roledescription=\"slide\" aria-label=\"3 de 4\"><figure class=\"swiper-slide-inner\"><img class=\"swiper-slide-image swiper-lazy\" data-src=\"https:\/\/rivasmercado.com\/wp-content\/uploads\/2021\/08\/Kun2186-3.jpg\" alt=\"Kun2186-3\" \/><div class=\"swiper-lazy-preloader\"><\/div><\/figure><\/div><div class=\"swiper-slide\" role=\"group\" aria-roledescription=\"slide\" aria-label=\"4 de 4\"><figure class=\"swiper-slide-inner\"><img class=\"swiper-slide-image swiper-lazy\" data-src=\"https:\/\/rivasmercado.com\/wp-content\/uploads\/2021\/07\/Kun2186-fotomontaje.jpg\" alt=\"Kun2186-fotomontaje\" \/><div class=\"swiper-lazy-preloader\"><\/div><\/figure><\/div>\t\t\t<\/div>\n\t\t\t\t\t\t\t\t\t\t\t\t<div class=\"elementor-swiper-button elementor-swiper-button-prev\" role=\"button\" tabindex=\"0\">\n\t\t\t\t\t\t<svg aria-hidden=\"true\" class=\"e-font-icon-svg e-eicon-chevron-left\" viewbox=\"0 0 1000 1000\" xmlns=\"http:\/\/www.w3.org\/2000\/svg\"><path d=\"M646 125C629 125 613 133 604 142L308 442C296 454 292 471 292 487 292 504 296 521 308 533L604 854C617 867 629 875 646 875 663 875 679 871 692 858 704 846 713 829 713 812 713 796 708 779 692 767L438 487 692 225C700 217 708 204 708 187 708 171 704 154 692 142 675 129 663 125 646 125Z\"><\/path><\/svg>\t\t\t\t\t<\/div>\n\t\t\t\t\t<div class=\"elementor-swiper-button elementor-swiper-button-next\" role=\"button\" tabindex=\"0\">\n\t\t\t\t\t\t<svg aria-hidden=\"true\" class=\"e-font-icon-svg e-eicon-chevron-right\" viewbox=\"0 0 1000 1000\" xmlns=\"http:\/\/www.w3.org\/2000\/svg\"><path d=\"M696 533C708 521 713 504 713 487 713 471 708 454 696 446L400 146C388 133 375 125 354 125 338 125 325 129 313 142 300 154 292 171 292 187 292 204 296 221 308 233L563 492 304 771C292 783 288 800 288 817 288 833 296 850 308 863 321 871 338 875 354 875 371 875 388 867 400 854L696 533Z\"><\/path><\/svg>\t\t\t\t\t<\/div>\n\t\t\t\t\n\t\t\t\t\t\t\t\t\t<\/div>\n\t\t\t\t\t\t<\/div>\n\t\t\t\t<\/div>\n\t\t\t\t\t<\/div>\n\t\t<\/div>\n\t\t\t\t<div class=\"elementor-column elementor-col-33 elementor-top-column elementor-element elementor-element-f6e2401\" data-id=\"f6e2401\" data-element_type=\"column\">\n\t\t\t<div class=\"elementor-widget-wrap\">\n\t\t\t\t\t\t\t<\/div>\n\t\t<\/div>\n\t\t\t\t\t<\/div>\n\t\t<\/section>\n\t\t<div class=\"elementor-element elementor-element-afabcc3 e-con-full e-flex e-con e-parent\" data-id=\"afabcc3\" data-element_type=\"container\">\n\t\t<div class=\"elementor-element elementor-element-a9662d9 e-con-full e-flex e-con e-child\" data-id=\"a9662d9\" data-element_type=\"container\">\n\t\t\t\t<\/div>\n\t\t<div class=\"elementor-element elementor-element-f9fa83f e-con-full e-flex e-con e-child\" data-id=\"f9fa83f\" data-element_type=\"container\">\n\t\t\t\t<div class=\"elementor-element elementor-element-d6312b0 elementor-widget elementor-widget-spacer\" data-id=\"d6312b0\" data-element_type=\"widget\" data-widget_type=\"spacer.default\">\n\t\t\t\t<div class=\"elementor-widget-container\">\n\t\t\t\t\t\t\t<div class=\"elementor-spacer\">\n\t\t\t<div class=\"elementor-spacer-inner\"><\/div>\n\t\t<\/div>\n\t\t\t\t\t\t<\/div>\n\t\t\t\t<\/div>\n\t\t\t\t<div class=\"elementor-element elementor-element-604f5e9 elementor-widget elementor-widget-heading\" data-id=\"604f5e9\" data-element_type=\"widget\" data-widget_type=\"heading.default\">\n\t\t\t\t<div class=\"elementor-widget-container\">\n\t\t\t\t\t<h2 class=\"elementor-heading-title elementor-size-default\">resultados<\/h2>\t\t\t\t<\/div>\n\t\t\t\t<\/div>\n\t\t\t\t<div class=\"elementor-element elementor-element-f96ba49 elementor-widget elementor-widget-heading\" data-id=\"f96ba49\" data-element_type=\"widget\" data-widget_type=\"heading.default\">\n\t\t\t\t<div class=\"elementor-widget-container\">\n\t\t\t\t\t<h3 class=\"elementor-heading-title elementor-size-default\">qu\u00e9 conseguimos<\/h3>\t\t\t\t<\/div>\n\t\t\t\t<\/div>\n\t\t\t\t<\/div>\n\t\t<div class=\"elementor-element elementor-element-e9b3c2e e-con-full e-flex e-con e-child\" data-id=\"e9b3c2e\" data-element_type=\"container\">\n\t\t\t\t<div class=\"elementor-element elementor-element-321ee24 elementor-hidden-mobile elementor-widget elementor-widget-spacer\" data-id=\"321ee24\" data-element_type=\"widget\" data-widget_type=\"spacer.default\">\n\t\t\t\t<div class=\"elementor-widget-container\">\n\t\t\t\t\t\t\t<div class=\"elementor-spacer\">\n\t\t\t<div class=\"elementor-spacer-inner\"><\/div>\n\t\t<\/div>\n\t\t\t\t\t\t<\/div>\n\t\t\t\t<\/div>\n\t\t\t\t<div class=\"elementor-element elementor-element-808576b elementor-widget elementor-widget-heading\" data-id=\"808576b\" data-element_type=\"widget\" data-widget_type=\"heading.default\">\n\t\t\t\t<div class=\"elementor-widget-container\">\n\t\t\t\t\t<p class=\"elementor-heading-title elementor-size-default\">Para este proyecto, realizamos visualizaciones fotorrealistas enfocadas en mostrar los acabados reales y el car\u00e1cter arquitect\u00f3nico del complejo. Generamos im\u00e1genes exteriores desde \u00e1ngulos clave, incluyendo tomas a\u00e9reas que integramos a partir de fotograf\u00edas con dron para crear una propuesta inmersiva y convincente.\n<br><br>\nAdem\u00e1s, desarrollamos panoramas 360\u00b0 y un recorrido virtual para brindar una experiencia completa a los futuros compradores e inversionistas. Esta herramienta fue crucial para comunicar los espacios y materiales con claridad, incluso antes de que comenzara la construcci\u00f3n.<\/p>\t\t\t\t<\/div>\n\t\t\t\t<\/div>\n\t\t\t\t<div class=\"elementor-element elementor-element-07acf36 elementor-widget elementor-widget-spacer\" data-id=\"07acf36\" data-element_type=\"widget\" data-widget_type=\"spacer.default\">\n\t\t\t\t<div class=\"elementor-widget-container\">\n\t\t\t\t\t\t\t<div class=\"elementor-spacer\">\n\t\t\t<div class=\"elementor-spacer-inner\"><\/div>\n\t\t<\/div>\n\t\t\t\t\t\t<\/div>\n\t\t\t\t<\/div>\n\t\t\t\t<\/div>\n\t\t<div class=\"elementor-element elementor-element-2d854f5 e-con-full e-flex e-con e-child\" data-id=\"2d854f5\" data-element_type=\"container\">\n\t\t\t\t<\/div>\n\t\t\t\t<\/div>\n\t\t\t\t<section class=\"elementor-section elementor-top-section elementor-element elementor-element-a28e638 elementor-section-full_width elementor-section-height-min-height elementor-section-height-default elementor-section-items-middle\" data-id=\"a28e638\" data-element_type=\"section\" data-settings=\"{&quot;background_background&quot;:&quot;classic&quot;}\">\n\t\t\t\t\t\t<div class=\"elementor-container elementor-column-gap-no\">\n\t\t\t\t\t<div class=\"elementor-column elementor-col-33 elementor-top-column elementor-element elementor-element-104388f\" data-id=\"104388f\" data-element_type=\"column\">\n\t\t\t<div class=\"elementor-widget-wrap\">\n\t\t\t\t\t\t\t<\/div>\n\t\t<\/div>\n\t\t\t\t<div class=\"elementor-column elementor-col-33 elementor-top-column elementor-element elementor-element-78e0d99\" data-id=\"78e0d99\" data-element_type=\"column\">\n\t\t\t<div class=\"elementor-widget-wrap elementor-element-populated\">\n\t\t\t\t\t\t<div class=\"elementor-element elementor-element-f8cb099 elementor-widget elementor-widget-ggpkg\" data-id=\"f8cb099\" data-element_type=\"widget\" data-widget_type=\"ggpkg.default\">\n\t\t\t\t<div class=\"elementor-widget-container\">\n\t\t\t\t\t<div class=\"ggpkg-elementor-widget\" style=\"width:100%;\"><div id='ggpkg_container_0_379650' style='width:100%; height:100%; position: relative;'>\n<div style='width:100%; height:100%; overflow: hidden; position:relative; display:flex; justify-content:center; align-items:center;'>\n<img src='https:\/\/rivasmercado.com\/wp-content\/uploads\/2021\/08\/Kun2186\/preview.jpg' alt='' onclick='startPlayer_0_379650();' style='min-width:100%; max-width: 10000px; min-height: 100%; max-height: 10000px; position: absolute;'>\n<img src='\/wp-content\/plugins\/garden-gnome-package\/include\/play.png' alt='' onclick='startPlayer_0_379650();' style='width: 180px; height: 180px; z-index:10; display: block;'>\n<\/div>\n<\/div>\n<script type='text\/javascript' src='https:\/\/rivasmercado.com\/wp-content\/uploads\/2021\/08\/Kun2186\/pano2vr_player.js'><\/script>\n<script type='text\/javascript' src='https:\/\/rivasmercado.com\/wp-content\/uploads\/2021\/08\/Kun2186\/skin.js'><\/script>\n<script type='text\/javascript'>\nfunction startPlayer_0_379650() {\nif  (typeof Kun2186_pano2vrPlayer != 'undefined') {\n\tpano_0_379650=new Kun2186_pano2vrPlayer('ggpkg_container_0_379650');\n} else {\n\tpano_0_379650=new pano2vrPlayer('ggpkg_container_0_379650');\n}\nif  (typeof Kun2186_pano2vrSkin != 'undefined') {\n\tskin_0_379650=new Kun2186_pano2vrSkin(pano_0_379650, 'https:\/\/rivasmercado.com\/wp-content\/uploads\/2021\/08\/Kun2186\/');\n} else {\n\tskin_0_379650=new pano2vrSkin(pano_0_379650, 'https:\/\/rivasmercado.com\/wp-content\/uploads\/2021\/08\/Kun2186\/');\n}\npano_0_379650.readConfigUrlAsync('https:\/\/rivasmercado.com\/wp-content\/uploads\/2021\/08\/Kun2186\/pano.xml');\nvar contentOverflow = document.getElementById('content') ? document.getElementById('content').style.overflow : '';\npano_0_379650.addListener('fullscreenenter', function() {\n\tif (document.getElementById('content')) {\n\t\tdocument.getElementById('content').style.overflow = 'visible';\n\t}\n});\npano_0_379650.addListener('fullscreenexit', function() {\n\tif (document.getElementById('content')) {\n\t\tdocument.getElementById('content').style.overflow = contentOverflow;\n\t}\n});\n}\n<\/script>\n<\/div>\t\t\t\t<\/div>\n\t\t\t\t<\/div>\n\t\t\t\t\t<\/div>\n\t\t<\/div>\n\t\t\t\t<div class=\"elementor-column elementor-col-33 elementor-top-column elementor-element elementor-element-c578e56\" data-id=\"c578e56\" data-element_type=\"column\">\n\t\t\t<div class=\"elementor-widget-wrap\">\n\t\t\t\t\t\t\t<\/div>\n\t\t<\/div>\n\t\t\t\t\t<\/div>\n\t\t<\/section>\n\t\t\t\t<\/div>","protected":false},"excerpt":{"rendered":"<p>KUN 21\u00b086\u00b0 \u2014 architectural visualization introduction project overview KUN 21\u00b086\u00b0 is a mixed-use development located in the heart of Cancun\u2019s business district. This complex aims to stand out for its contemporary design and functional approach, combining corporate, medical, and commercial spaces in one place. The client reached out to us at a key stage: they [&hellip;]<\/p>\n","protected":false},"author":1,"featured_media":0,"parent":0,"menu_order":0,"comment_status":"closed","ping_status":"closed","template":"elementor_header_footer","meta":{"footnotes":""},"class_list":["post-379650","page","type-page","status-publish","hentry"],"_links":{"self":[{"href":"https:\/\/rivasmercado.com\/es\/wp-json\/wp\/v2\/pages\/379650","targetHints":{"allow":["GET"]}}],"collection":[{"href":"https:\/\/rivasmercado.com\/es\/wp-json\/wp\/v2\/pages"}],"about":[{"href":"https:\/\/rivasmercado.com\/es\/wp-json\/wp\/v2\/types\/page"}],"author":[{"embeddable":true,"href":"https:\/\/rivasmercado.com\/es\/wp-json\/wp\/v2\/users\/1"}],"replies":[{"embeddable":true,"href":"https:\/\/rivasmercado.com\/es\/wp-json\/wp\/v2\/comments?post=379650"}],"version-history":[{"count":166,"href":"https:\/\/rivasmercado.com\/es\/wp-json\/wp\/v2\/pages\/379650\/revisions"}],"predecessor-version":[{"id":381234,"href":"https:\/\/rivasmercado.com\/es\/wp-json\/wp\/v2\/pages\/379650\/revisions\/381234"}],"wp:attachment":[{"href":"https:\/\/rivasmercado.com\/es\/wp-json\/wp\/v2\/media?parent=379650"}],"curies":[{"name":"wp","href":"https:\/\/api.w.org\/{rel}","templated":true}]}}