{"id":380378,"date":"2025-08-13T01:29:39","date_gmt":"2025-08-13T01:29:39","guid":{"rendered":"https:\/\/rivasmercado.com\/?page_id=380378"},"modified":"2025-08-14T23:47:58","modified_gmt":"2025-08-14T23:47:58","slug":"casa-bonini","status":"publish","type":"page","link":"https:\/\/rivasmercado.com\/es\/casa-bonini\/","title":{"rendered":"Casa Bonini"},"content":{"rendered":"<div data-elementor-type=\"wp-page\" data-elementor-id=\"380378\" class=\"elementor elementor-380378\" data-elementor-post-type=\"page\">\n\t\t\t\t\t\t<section class=\"elementor-section elementor-top-section elementor-element elementor-element-702c7842 elementor-section-full_width elementor-section-height-min-height elementor-section-height-default elementor-section-items-middle\" data-id=\"702c7842\" data-element_type=\"section\" data-settings=\"{&quot;background_background&quot;:&quot;classic&quot;}\">\n\t\t\t\t\t\t<div class=\"elementor-container elementor-column-gap-no\">\n\t\t\t\t\t<div class=\"elementor-column elementor-col-33 elementor-top-column elementor-element elementor-element-87d4bc4\" data-id=\"87d4bc4\" data-element_type=\"column\">\n\t\t\t<div class=\"elementor-widget-wrap\">\n\t\t\t\t\t\t\t<\/div>\n\t\t<\/div>\n\t\t\t\t<div class=\"elementor-column elementor-col-33 elementor-top-column elementor-element elementor-element-4c195b3d\" data-id=\"4c195b3d\" data-element_type=\"column\">\n\t\t\t<div class=\"elementor-widget-wrap elementor-element-populated\">\n\t\t\t\t\t\t<div class=\"elementor-element elementor-element-4efbd5f elementor-widget elementor-widget-html\" data-id=\"4efbd5f\" data-element_type=\"widget\" data-widget_type=\"html.default\">\n\t\t\t\t<div class=\"elementor-widget-container\">\n\t\t\t\t\t<h1 class=\"visually-hidden\">Casa Bonini \u2014 visualizaci\u00f3n arquitect\u00f3nica<\/h1>\r\n\t\t\t\t<\/div>\n\t\t\t\t<\/div>\n\t\t\t\t<div class=\"elementor-element elementor-element-26158b9 elementor-widget elementor-widget-image\" data-id=\"26158b9\" data-element_type=\"widget\" data-widget_type=\"image.default\">\n\t\t\t\t<div class=\"elementor-widget-container\">\n\t\t\t\t\t\t\t\t\t\t\t\t\t\t\t<img fetchpriority=\"high\" decoding=\"async\" width=\"1449\" height=\"1080\" src=\"https:\/\/rivasmercado.com\/wp-content\/uploads\/2025\/08\/Bonini-1.jpg\" class=\"attachment-full size-full wp-image-380917\" alt=\"\" srcset=\"https:\/\/rivasmercado.com\/wp-content\/uploads\/2025\/08\/Bonini-1.jpg 1449w, https:\/\/rivasmercado.com\/wp-content\/uploads\/2025\/08\/Bonini-1-300x224.jpg 300w, https:\/\/rivasmercado.com\/wp-content\/uploads\/2025\/08\/Bonini-1-1024x763.jpg 1024w, https:\/\/rivasmercado.com\/wp-content\/uploads\/2025\/08\/Bonini-1-768x572.jpg 768w, https:\/\/rivasmercado.com\/wp-content\/uploads\/2025\/08\/Bonini-1-16x12.jpg 16w\" sizes=\"(max-width: 1449px) 100vw, 1449px\" \/>\t\t\t\t\t\t\t\t\t\t\t\t\t\t\t<\/div>\n\t\t\t\t<\/div>\n\t\t\t\t\t<\/div>\n\t\t<\/div>\n\t\t\t\t<div class=\"elementor-column elementor-col-33 elementor-top-column elementor-element elementor-element-b3dcb21\" data-id=\"b3dcb21\" data-element_type=\"column\">\n\t\t\t<div class=\"elementor-widget-wrap\">\n\t\t\t\t\t\t\t<\/div>\n\t\t<\/div>\n\t\t\t\t\t<\/div>\n\t\t<\/section>\n\t\t<div class=\"elementor-element elementor-element-f1a183c e-con-full e-flex e-con e-parent\" data-id=\"f1a183c\" data-element_type=\"container\">\n\t\t<div class=\"elementor-element elementor-element-3d24da2 e-con-full e-flex e-con e-child\" data-id=\"3d24da2\" data-element_type=\"container\">\n\t\t\t\t<\/div>\n\t\t<div class=\"elementor-element elementor-element-15bc2bb e-con-full e-flex e-con e-child\" data-id=\"15bc2bb\" data-element_type=\"container\">\n\t\t\t\t<div class=\"elementor-element elementor-element-0ebebe4 elementor-widget elementor-widget-spacer\" data-id=\"0ebebe4\" data-element_type=\"widget\" data-widget_type=\"spacer.default\">\n\t\t\t\t<div class=\"elementor-widget-container\">\n\t\t\t\t\t\t\t<div class=\"elementor-spacer\">\n\t\t\t<div class=\"elementor-spacer-inner\"><\/div>\n\t\t<\/div>\n\t\t\t\t\t\t<\/div>\n\t\t\t\t<\/div>\n\t\t\t\t<div class=\"elementor-element elementor-element-9d2b5f0 elementor-widget elementor-widget-heading\" data-id=\"9d2b5f0\" data-element_type=\"widget\" data-widget_type=\"heading.default\">\n\t\t\t\t<div class=\"elementor-widget-container\">\n\t\t\t\t\t<h2 class=\"elementor-heading-title elementor-size-default\">introducci\u00f3n<\/h2>\t\t\t\t<\/div>\n\t\t\t\t<\/div>\n\t\t\t\t<div class=\"elementor-element elementor-element-f7fc74c elementor-widget elementor-widget-heading\" data-id=\"f7fc74c\" data-element_type=\"widget\" data-widget_type=\"heading.default\">\n\t\t\t\t<div class=\"elementor-widget-container\">\n\t\t\t\t\t<h3 class=\"elementor-heading-title elementor-size-default\">presentaci\u00f3n del proyecto<\/h3>\t\t\t\t<\/div>\n\t\t\t\t<\/div>\n\t\t\t\t<\/div>\n\t\t<div class=\"elementor-element elementor-element-bbc02fa e-con-full e-flex e-con e-child\" data-id=\"bbc02fa\" data-element_type=\"container\">\n\t\t\t\t<div class=\"elementor-element elementor-element-f7ae837 elementor-hidden-mobile elementor-widget elementor-widget-spacer\" data-id=\"f7ae837\" data-element_type=\"widget\" data-widget_type=\"spacer.default\">\n\t\t\t\t<div class=\"elementor-widget-container\">\n\t\t\t\t\t\t\t<div class=\"elementor-spacer\">\n\t\t\t<div class=\"elementor-spacer-inner\"><\/div>\n\t\t<\/div>\n\t\t\t\t\t\t<\/div>\n\t\t\t\t<\/div>\n\t\t\t\t<div class=\"elementor-element elementor-element-6e80224 elementor-widget elementor-widget-heading\" data-id=\"6e80224\" data-element_type=\"widget\" data-widget_type=\"heading.default\">\n\t\t\t\t<div class=\"elementor-widget-container\">\n\t\t\t\t\t<p class=\"elementor-heading-title elementor-size-default\"><b>Casa Bonini<\/b> es un proyecto conceptual desarrollado como propuesta de \u201ccasa muestra\u201d para un nuevo fraccionamiento residencial. El objetivo era crear tres dise\u00f1os arquitect\u00f3nicos distintos que sirvieran como referencia para futuros compradores, mostrando la versatilidad del desarrollo y las posibilidades de personalizaci\u00f3n.\n<br><br>\nEl cliente nos dio libertad creativa para definir las fachadas y el car\u00e1cter arquitect\u00f3nico, solicitando un estilo contempor\u00e1neo con influencias de la arquitectura de Tulum: texturas naturales, tonos c\u00e1lidos y vegetaci\u00f3n integrada. Partiendo de ideas generales, desarrollamos el dise\u00f1o exterior, la composici\u00f3n volum\u00e9trica y la ambientaci\u00f3n para transmitir un estilo de vida atractivo y aspiracional. Todo el proyecto se materializ\u00f3 mediante un trabajo integral de visualizaci\u00f3n arquitect\u00f3nica, logrando im\u00e1genes que comunican la esencia del dise\u00f1o desde la primera impresi\u00f3n.<\/p>\t\t\t\t<\/div>\n\t\t\t\t<\/div>\n\t\t\t\t<div class=\"elementor-element elementor-element-fc1c10c elementor-widget elementor-widget-spacer\" data-id=\"fc1c10c\" data-element_type=\"widget\" data-widget_type=\"spacer.default\">\n\t\t\t\t<div class=\"elementor-widget-container\">\n\t\t\t\t\t\t\t<div class=\"elementor-spacer\">\n\t\t\t<div class=\"elementor-spacer-inner\"><\/div>\n\t\t<\/div>\n\t\t\t\t\t\t<\/div>\n\t\t\t\t<\/div>\n\t\t\t\t<\/div>\n\t\t<div class=\"elementor-element elementor-element-4628d3a e-con-full elementor-hidden-mobile e-flex e-con e-child\" data-id=\"4628d3a\" data-element_type=\"container\">\n\t\t\t\t<\/div>\n\t\t\t\t<\/div>\n\t\t\t\t<section class=\"elementor-section elementor-top-section elementor-element elementor-element-849f589 elementor-section-full_width elementor-section-height-min-height elementor-section-height-default elementor-section-items-middle\" data-id=\"849f589\" data-element_type=\"section\" data-settings=\"{&quot;background_background&quot;:&quot;classic&quot;}\">\n\t\t\t\t\t\t<div class=\"elementor-container elementor-column-gap-no\">\n\t\t\t\t\t<div class=\"elementor-column elementor-col-33 elementor-top-column elementor-element elementor-element-5912a29\" data-id=\"5912a29\" data-element_type=\"column\">\n\t\t\t<div class=\"elementor-widget-wrap\">\n\t\t\t\t\t\t\t<\/div>\n\t\t<\/div>\n\t\t\t\t<div class=\"elementor-column elementor-col-33 elementor-top-column elementor-element elementor-element-7706a35\" data-id=\"7706a35\" data-element_type=\"column\">\n\t\t\t<div class=\"elementor-widget-wrap elementor-element-populated\">\n\t\t\t\t\t\t<div class=\"elementor-element elementor-element-1f99459 elementor-widget elementor-widget-image\" data-id=\"1f99459\" data-element_type=\"widget\" data-widget_type=\"image.default\">\n\t\t\t\t<div class=\"elementor-widget-container\">\n\t\t\t\t\t\t\t\t\t\t\t\t\t\t\t<img decoding=\"async\" width=\"1449\" height=\"1080\" src=\"https:\/\/rivasmercado.com\/wp-content\/uploads\/2025\/08\/Bonini-3.jpg\" class=\"attachment-full size-full wp-image-380919\" alt=\"\" srcset=\"https:\/\/rivasmercado.com\/wp-content\/uploads\/2025\/08\/Bonini-3.jpg 1449w, https:\/\/rivasmercado.com\/wp-content\/uploads\/2025\/08\/Bonini-3-300x224.jpg 300w, https:\/\/rivasmercado.com\/wp-content\/uploads\/2025\/08\/Bonini-3-1024x763.jpg 1024w, https:\/\/rivasmercado.com\/wp-content\/uploads\/2025\/08\/Bonini-3-768x572.jpg 768w, https:\/\/rivasmercado.com\/wp-content\/uploads\/2025\/08\/Bonini-3-16x12.jpg 16w\" sizes=\"(max-width: 1449px) 100vw, 1449px\" \/>\t\t\t\t\t\t\t\t\t\t\t\t\t\t\t<\/div>\n\t\t\t\t<\/div>\n\t\t\t\t\t<\/div>\n\t\t<\/div>\n\t\t\t\t<div class=\"elementor-column elementor-col-33 elementor-top-column elementor-element elementor-element-45f5f5c\" data-id=\"45f5f5c\" data-element_type=\"column\">\n\t\t\t<div class=\"elementor-widget-wrap\">\n\t\t\t\t\t\t\t<\/div>\n\t\t<\/div>\n\t\t\t\t\t<\/div>\n\t\t<\/section>\n\t\t<div class=\"elementor-element elementor-element-afabcc3 e-con-full e-flex e-con e-parent\" data-id=\"afabcc3\" data-element_type=\"container\">\n\t\t<div class=\"elementor-element elementor-element-a9662d9 e-con-full elementor-hidden-mobile e-flex e-con e-child\" data-id=\"a9662d9\" data-element_type=\"container\">\n\t\t\t\t<\/div>\n\t\t<div class=\"elementor-element elementor-element-f9fa83f e-con-full e-flex e-con e-child\" data-id=\"f9fa83f\" data-element_type=\"container\">\n\t\t\t\t<div class=\"elementor-element elementor-element-d6312b0 elementor-widget elementor-widget-spacer\" data-id=\"d6312b0\" data-element_type=\"widget\" data-widget_type=\"spacer.default\">\n\t\t\t\t<div class=\"elementor-widget-container\">\n\t\t\t\t\t\t\t<div class=\"elementor-spacer\">\n\t\t\t<div class=\"elementor-spacer-inner\"><\/div>\n\t\t<\/div>\n\t\t\t\t\t\t<\/div>\n\t\t\t\t<\/div>\n\t\t\t\t<div class=\"elementor-element elementor-element-604f5e9 elementor-widget elementor-widget-heading\" data-id=\"604f5e9\" data-element_type=\"widget\" data-widget_type=\"heading.default\">\n\t\t\t\t<div class=\"elementor-widget-container\">\n\t\t\t\t\t<h2 class=\"elementor-heading-title elementor-size-default\">resultados<\/h2>\t\t\t\t<\/div>\n\t\t\t\t<\/div>\n\t\t\t\t<div class=\"elementor-element elementor-element-f96ba49 elementor-widget elementor-widget-heading\" data-id=\"f96ba49\" data-element_type=\"widget\" data-widget_type=\"heading.default\">\n\t\t\t\t<div class=\"elementor-widget-container\">\n\t\t\t\t\t<h3 class=\"elementor-heading-title elementor-size-default\">qu\u00e9 conseguimos<\/h3>\t\t\t\t<\/div>\n\t\t\t\t<\/div>\n\t\t\t\t<\/div>\n\t\t<div class=\"elementor-element elementor-element-e9b3c2e e-con-full e-flex e-con e-child\" data-id=\"e9b3c2e\" data-element_type=\"container\">\n\t\t\t\t<div class=\"elementor-element elementor-element-321ee24 elementor-hidden-mobile elementor-widget elementor-widget-spacer\" data-id=\"321ee24\" data-element_type=\"widget\" data-widget_type=\"spacer.default\">\n\t\t\t\t<div class=\"elementor-widget-container\">\n\t\t\t\t\t\t\t<div class=\"elementor-spacer\">\n\t\t\t<div class=\"elementor-spacer-inner\"><\/div>\n\t\t<\/div>\n\t\t\t\t\t\t<\/div>\n\t\t\t\t<\/div>\n\t\t\t\t<div class=\"elementor-element elementor-element-808576b elementor-widget elementor-widget-heading\" data-id=\"808576b\" data-element_type=\"widget\" data-widget_type=\"heading.default\">\n\t\t\t\t<div class=\"elementor-widget-container\">\n\t\t\t\t\t<p class=\"elementor-heading-title elementor-size-default\">Entregamos <b>renders fotorrealistas<\/b>de alta calidad, cuidando iluminaci\u00f3n, materiales y detalles constructivos para lograr im\u00e1genes impactantes y convincentes.\n<br><br>\nEl set incluy\u00f3 vistas exteriores clave y perspectivas del \u00e1rea social con piscina, resaltando la relaci\u00f3n entre interior y exterior. Estos materiales sirvieron como herramienta comercial para presentar el concepto del fraccionamiento, generar inter\u00e9s y atraer potenciales clientes desde la etapa inicial del proyecto.<\/p>\t\t\t\t<\/div>\n\t\t\t\t<\/div>\n\t\t\t\t<div class=\"elementor-element elementor-element-07acf36 elementor-widget elementor-widget-spacer\" data-id=\"07acf36\" data-element_type=\"widget\" data-widget_type=\"spacer.default\">\n\t\t\t\t<div class=\"elementor-widget-container\">\n\t\t\t\t\t\t\t<div class=\"elementor-spacer\">\n\t\t\t<div class=\"elementor-spacer-inner\"><\/div>\n\t\t<\/div>\n\t\t\t\t\t\t<\/div>\n\t\t\t\t<\/div>\n\t\t\t\t<\/div>\n\t\t<div class=\"elementor-element elementor-element-2d854f5 e-con-full elementor-hidden-mobile e-flex e-con e-child\" data-id=\"2d854f5\" data-element_type=\"container\">\n\t\t\t\t<\/div>\n\t\t\t\t<\/div>\n\t\t\t\t<section class=\"elementor-section elementor-top-section elementor-element elementor-element-f603ff1 elementor-section-full_width elementor-section-height-min-height elementor-section-height-default elementor-section-items-middle\" data-id=\"f603ff1\" data-element_type=\"section\" data-settings=\"{&quot;background_background&quot;:&quot;classic&quot;}\">\n\t\t\t\t\t\t<div class=\"elementor-container elementor-column-gap-no\">\n\t\t\t\t\t<div class=\"elementor-column elementor-col-33 elementor-top-column elementor-element elementor-element-8bc1251\" data-id=\"8bc1251\" data-element_type=\"column\">\n\t\t\t<div class=\"elementor-widget-wrap\">\n\t\t\t\t\t\t\t<\/div>\n\t\t<\/div>\n\t\t\t\t<div class=\"elementor-column elementor-col-33 elementor-top-column elementor-element elementor-element-b92fd58\" data-id=\"b92fd58\" data-element_type=\"column\">\n\t\t\t<div class=\"elementor-widget-wrap elementor-element-populated\">\n\t\t\t\t\t\t<div class=\"elementor-element elementor-element-a96f8ec elementor-widget elementor-widget-image\" data-id=\"a96f8ec\" data-element_type=\"widget\" data-widget_type=\"image.default\">\n\t\t\t\t<div class=\"elementor-widget-container\">\n\t\t\t\t\t\t\t\t\t\t\t\t\t\t\t<img decoding=\"async\" width=\"1449\" height=\"1080\" src=\"https:\/\/rivasmercado.com\/wp-content\/uploads\/2025\/08\/Bonini-2.jpg\" class=\"attachment-full size-full wp-image-380918\" alt=\"\" srcset=\"https:\/\/rivasmercado.com\/wp-content\/uploads\/2025\/08\/Bonini-2.jpg 1449w, https:\/\/rivasmercado.com\/wp-content\/uploads\/2025\/08\/Bonini-2-300x224.jpg 300w, https:\/\/rivasmercado.com\/wp-content\/uploads\/2025\/08\/Bonini-2-1024x763.jpg 1024w, https:\/\/rivasmercado.com\/wp-content\/uploads\/2025\/08\/Bonini-2-768x572.jpg 768w, https:\/\/rivasmercado.com\/wp-content\/uploads\/2025\/08\/Bonini-2-16x12.jpg 16w\" sizes=\"(max-width: 1449px) 100vw, 1449px\" \/>\t\t\t\t\t\t\t\t\t\t\t\t\t\t\t<\/div>\n\t\t\t\t<\/div>\n\t\t\t\t\t<\/div>\n\t\t<\/div>\n\t\t\t\t<div class=\"elementor-column elementor-col-33 elementor-top-column elementor-element elementor-element-eafbd94\" data-id=\"eafbd94\" data-element_type=\"column\">\n\t\t\t<div class=\"elementor-widget-wrap\">\n\t\t\t\t\t\t\t<\/div>\n\t\t<\/div>\n\t\t\t\t\t<\/div>\n\t\t<\/section>\n\t\t\t\t<\/div>","protected":false},"excerpt":{"rendered":"<p>Casa Bonini \u2014 architectural visualization introduction project overview Casa Bonini is a conceptual project developed as a \u201cmodel home\u201d proposal for a new residential community. The goal was to create three distinct architectural designs that would serve as inspiration for future buyers, showcasing the development\u2019s versatility and customization possibilities. The client gave us full creative [&hellip;]<\/p>\n","protected":false},"author":1,"featured_media":0,"parent":0,"menu_order":0,"comment_status":"closed","ping_status":"closed","template":"elementor_header_footer","meta":{"footnotes":""},"class_list":["post-380378","page","type-page","status-publish","hentry"],"_links":{"self":[{"href":"https:\/\/rivasmercado.com\/es\/wp-json\/wp\/v2\/pages\/380378","targetHints":{"allow":["GET"]}}],"collection":[{"href":"https:\/\/rivasmercado.com\/es\/wp-json\/wp\/v2\/pages"}],"about":[{"href":"https:\/\/rivasmercado.com\/es\/wp-json\/wp\/v2\/types\/page"}],"author":[{"embeddable":true,"href":"https:\/\/rivasmercado.com\/es\/wp-json\/wp\/v2\/users\/1"}],"replies":[{"embeddable":true,"href":"https:\/\/rivasmercado.com\/es\/wp-json\/wp\/v2\/comments?post=380378"}],"version-history":[{"count":117,"href":"https:\/\/rivasmercado.com\/es\/wp-json\/wp\/v2\/pages\/380378\/revisions"}],"predecessor-version":[{"id":380949,"href":"https:\/\/rivasmercado.com\/es\/wp-json\/wp\/v2\/pages\/380378\/revisions\/380949"}],"wp:attachment":[{"href":"https:\/\/rivasmercado.com\/es\/wp-json\/wp\/v2\/media?parent=380378"}],"curies":[{"name":"wp","href":"https:\/\/api.w.org\/{rel}","templated":true}]}}