{"id":380915,"date":"2025-08-14T23:47:48","date_gmt":"2025-08-14T23:47:48","guid":{"rendered":"https:\/\/rivasmercado.com\/?page_id=380915"},"modified":"2025-08-14T23:50:38","modified_gmt":"2025-08-14T23:50:38","slug":"casa-bruma","status":"publish","type":"page","link":"https:\/\/rivasmercado.com\/es\/casa-bruma\/","title":{"rendered":"Casa Bruma"},"content":{"rendered":"<div data-elementor-type=\"wp-page\" data-elementor-id=\"380915\" class=\"elementor elementor-380915\" data-elementor-post-type=\"page\">\n\t\t\t\t\t\t<section class=\"elementor-section elementor-top-section elementor-element elementor-element-702c7842 elementor-section-full_width elementor-section-height-min-height elementor-section-height-default elementor-section-items-middle\" data-id=\"702c7842\" data-element_type=\"section\" data-settings=\"{&quot;background_background&quot;:&quot;classic&quot;}\">\n\t\t\t\t\t\t<div class=\"elementor-container elementor-column-gap-no\">\n\t\t\t\t\t<div class=\"elementor-column elementor-col-33 elementor-top-column elementor-element elementor-element-87d4bc4\" data-id=\"87d4bc4\" data-element_type=\"column\">\n\t\t\t<div class=\"elementor-widget-wrap\">\n\t\t\t\t\t\t\t<\/div>\n\t\t<\/div>\n\t\t\t\t<div class=\"elementor-column elementor-col-33 elementor-top-column elementor-element elementor-element-4c195b3d\" data-id=\"4c195b3d\" data-element_type=\"column\">\n\t\t\t<div class=\"elementor-widget-wrap elementor-element-populated\">\n\t\t\t\t\t\t<div class=\"elementor-element elementor-element-4efbd5f elementor-widget elementor-widget-html\" data-id=\"4efbd5f\" data-element_type=\"widget\" data-widget_type=\"html.default\">\n\t\t\t\t<div class=\"elementor-widget-container\">\n\t\t\t\t\t<h1 class=\"visually-hidden\">Casa Bruma \u2014 visualizaci\u00f3n arquitect\u00f3nica<\/h1>\r\n\t\t\t\t<\/div>\n\t\t\t\t<\/div>\n\t\t\t\t<div class=\"elementor-element elementor-element-26158b9 elementor-widget elementor-widget-image\" data-id=\"26158b9\" data-element_type=\"widget\" data-widget_type=\"image.default\">\n\t\t\t\t<div class=\"elementor-widget-container\">\n\t\t\t\t\t\t\t\t\t\t\t\t\t\t\t<img fetchpriority=\"high\" decoding=\"async\" width=\"1728\" height=\"972\" src=\"https:\/\/rivasmercado.com\/wp-content\/uploads\/2025\/08\/Casa-Bruma-3.jpg\" class=\"attachment-full size-full wp-image-380394\" alt=\"\" srcset=\"https:\/\/rivasmercado.com\/wp-content\/uploads\/2025\/08\/Casa-Bruma-3.jpg 1728w, https:\/\/rivasmercado.com\/wp-content\/uploads\/2025\/08\/Casa-Bruma-3-300x169.jpg 300w, https:\/\/rivasmercado.com\/wp-content\/uploads\/2025\/08\/Casa-Bruma-3-1024x576.jpg 1024w, https:\/\/rivasmercado.com\/wp-content\/uploads\/2025\/08\/Casa-Bruma-3-768x432.jpg 768w, https:\/\/rivasmercado.com\/wp-content\/uploads\/2025\/08\/Casa-Bruma-3-1536x864.jpg 1536w, https:\/\/rivasmercado.com\/wp-content\/uploads\/2025\/08\/Casa-Bruma-3-18x10.jpg 18w\" sizes=\"(max-width: 1728px) 100vw, 1728px\" \/>\t\t\t\t\t\t\t\t\t\t\t\t\t\t\t<\/div>\n\t\t\t\t<\/div>\n\t\t\t\t\t<\/div>\n\t\t<\/div>\n\t\t\t\t<div class=\"elementor-column elementor-col-33 elementor-top-column elementor-element elementor-element-b3dcb21\" data-id=\"b3dcb21\" data-element_type=\"column\">\n\t\t\t<div class=\"elementor-widget-wrap\">\n\t\t\t\t\t\t\t<\/div>\n\t\t<\/div>\n\t\t\t\t\t<\/div>\n\t\t<\/section>\n\t\t<div class=\"elementor-element elementor-element-f1a183c e-con-full e-flex e-con e-parent\" data-id=\"f1a183c\" data-element_type=\"container\">\n\t\t<div class=\"elementor-element elementor-element-3d24da2 e-con-full e-flex e-con e-child\" data-id=\"3d24da2\" data-element_type=\"container\">\n\t\t\t\t<\/div>\n\t\t<div class=\"elementor-element elementor-element-15bc2bb e-con-full e-flex e-con e-child\" data-id=\"15bc2bb\" data-element_type=\"container\">\n\t\t\t\t<div class=\"elementor-element elementor-element-0ebebe4 elementor-widget elementor-widget-spacer\" data-id=\"0ebebe4\" data-element_type=\"widget\" data-widget_type=\"spacer.default\">\n\t\t\t\t<div class=\"elementor-widget-container\">\n\t\t\t\t\t\t\t<div class=\"elementor-spacer\">\n\t\t\t<div class=\"elementor-spacer-inner\"><\/div>\n\t\t<\/div>\n\t\t\t\t\t\t<\/div>\n\t\t\t\t<\/div>\n\t\t\t\t<div class=\"elementor-element elementor-element-9d2b5f0 elementor-widget elementor-widget-heading\" data-id=\"9d2b5f0\" data-element_type=\"widget\" data-widget_type=\"heading.default\">\n\t\t\t\t<div class=\"elementor-widget-container\">\n\t\t\t\t\t<h2 class=\"elementor-heading-title elementor-size-default\">introducci\u00f3n<\/h2>\t\t\t\t<\/div>\n\t\t\t\t<\/div>\n\t\t\t\t<div class=\"elementor-element elementor-element-f7fc74c elementor-widget elementor-widget-heading\" data-id=\"f7fc74c\" data-element_type=\"widget\" data-widget_type=\"heading.default\">\n\t\t\t\t<div class=\"elementor-widget-container\">\n\t\t\t\t\t<h3 class=\"elementor-heading-title elementor-size-default\">presentaci\u00f3n del proyecto<\/h3>\t\t\t\t<\/div>\n\t\t\t\t<\/div>\n\t\t\t\t<\/div>\n\t\t<div class=\"elementor-element elementor-element-bbc02fa e-con-full e-flex e-con e-child\" data-id=\"bbc02fa\" data-element_type=\"container\">\n\t\t\t\t<div class=\"elementor-element elementor-element-f7ae837 elementor-hidden-mobile elementor-widget elementor-widget-spacer\" data-id=\"f7ae837\" data-element_type=\"widget\" data-widget_type=\"spacer.default\">\n\t\t\t\t<div class=\"elementor-widget-container\">\n\t\t\t\t\t\t\t<div class=\"elementor-spacer\">\n\t\t\t<div class=\"elementor-spacer-inner\"><\/div>\n\t\t<\/div>\n\t\t\t\t\t\t<\/div>\n\t\t\t\t<\/div>\n\t\t\t\t<div class=\"elementor-element elementor-element-6e80224 elementor-widget elementor-widget-heading\" data-id=\"6e80224\" data-element_type=\"widget\" data-widget_type=\"heading.default\">\n\t\t\t\t<div class=\"elementor-widget-container\">\n\t\t\t\t\t<p class=\"elementor-heading-title elementor-size-default\"><b>Casa Bruma<\/b> es un proyecto conceptual residencial desarrollado por <b>Rivas Mercado<\/b> como ejercicio de dise\u00f1o y visualizaci\u00f3n arquitect\u00f3nica. La propuesta presenta un volumen contempor\u00e1neo de l\u00edneas limpias y materiales nobles, con una composici\u00f3n que integra luz natural, texturas contrastantes y una est\u00e9tica atemporal. El dise\u00f1o explora c\u00f3mo la arquitectura puede transmitir serenidad y car\u00e1cter a trav\u00e9s de la forma y la materialidad.<\/p>\t\t\t\t<\/div>\n\t\t\t\t<\/div>\n\t\t\t\t<div class=\"elementor-element elementor-element-fc1c10c elementor-widget elementor-widget-spacer\" data-id=\"fc1c10c\" data-element_type=\"widget\" data-widget_type=\"spacer.default\">\n\t\t\t\t<div class=\"elementor-widget-container\">\n\t\t\t\t\t\t\t<div class=\"elementor-spacer\">\n\t\t\t<div class=\"elementor-spacer-inner\"><\/div>\n\t\t<\/div>\n\t\t\t\t\t\t<\/div>\n\t\t\t\t<\/div>\n\t\t\t\t<\/div>\n\t\t<div class=\"elementor-element elementor-element-4628d3a e-con-full elementor-hidden-mobile e-flex e-con e-child\" data-id=\"4628d3a\" data-element_type=\"container\">\n\t\t\t\t<\/div>\n\t\t\t\t<\/div>\n\t\t\t\t<section class=\"elementor-section elementor-top-section elementor-element elementor-element-849f589 elementor-section-full_width elementor-section-height-min-height elementor-section-height-default elementor-section-items-middle\" data-id=\"849f589\" data-element_type=\"section\" data-settings=\"{&quot;background_background&quot;:&quot;classic&quot;}\">\n\t\t\t\t\t\t<div class=\"elementor-container elementor-column-gap-no\">\n\t\t\t\t\t<div class=\"elementor-column elementor-col-33 elementor-top-column elementor-element elementor-element-5912a29\" data-id=\"5912a29\" data-element_type=\"column\">\n\t\t\t<div class=\"elementor-widget-wrap\">\n\t\t\t\t\t\t\t<\/div>\n\t\t<\/div>\n\t\t\t\t<div class=\"elementor-column elementor-col-33 elementor-top-column elementor-element elementor-element-7706a35\" data-id=\"7706a35\" data-element_type=\"column\">\n\t\t\t<div class=\"elementor-widget-wrap elementor-element-populated\">\n\t\t\t\t\t\t<div class=\"elementor-element elementor-element-1f99459 elementor-widget elementor-widget-image\" data-id=\"1f99459\" data-element_type=\"widget\" data-widget_type=\"image.default\">\n\t\t\t\t<div class=\"elementor-widget-container\">\n\t\t\t\t\t\t\t\t\t\t\t\t\t\t\t<img decoding=\"async\" width=\"1728\" height=\"972\" src=\"https:\/\/rivasmercado.com\/wp-content\/uploads\/2025\/08\/Casa-Bruma-2.jpg\" class=\"attachment-full size-full wp-image-380393\" alt=\"\" srcset=\"https:\/\/rivasmercado.com\/wp-content\/uploads\/2025\/08\/Casa-Bruma-2.jpg 1728w, https:\/\/rivasmercado.com\/wp-content\/uploads\/2025\/08\/Casa-Bruma-2-300x169.jpg 300w, https:\/\/rivasmercado.com\/wp-content\/uploads\/2025\/08\/Casa-Bruma-2-1024x576.jpg 1024w, https:\/\/rivasmercado.com\/wp-content\/uploads\/2025\/08\/Casa-Bruma-2-768x432.jpg 768w, https:\/\/rivasmercado.com\/wp-content\/uploads\/2025\/08\/Casa-Bruma-2-1536x864.jpg 1536w, https:\/\/rivasmercado.com\/wp-content\/uploads\/2025\/08\/Casa-Bruma-2-18x10.jpg 18w\" sizes=\"(max-width: 1728px) 100vw, 1728px\" \/>\t\t\t\t\t\t\t\t\t\t\t\t\t\t\t<\/div>\n\t\t\t\t<\/div>\n\t\t\t\t\t<\/div>\n\t\t<\/div>\n\t\t\t\t<div class=\"elementor-column elementor-col-33 elementor-top-column elementor-element elementor-element-45f5f5c\" data-id=\"45f5f5c\" data-element_type=\"column\">\n\t\t\t<div class=\"elementor-widget-wrap\">\n\t\t\t\t\t\t\t<\/div>\n\t\t<\/div>\n\t\t\t\t\t<\/div>\n\t\t<\/section>\n\t\t<div class=\"elementor-element elementor-element-afabcc3 e-con-full e-flex e-con e-parent\" data-id=\"afabcc3\" data-element_type=\"container\">\n\t\t<div class=\"elementor-element elementor-element-a9662d9 e-con-full elementor-hidden-mobile e-flex e-con e-child\" data-id=\"a9662d9\" data-element_type=\"container\">\n\t\t\t\t<\/div>\n\t\t<div class=\"elementor-element elementor-element-f9fa83f e-con-full e-flex e-con e-child\" data-id=\"f9fa83f\" data-element_type=\"container\">\n\t\t\t\t<div class=\"elementor-element elementor-element-d6312b0 elementor-widget elementor-widget-spacer\" data-id=\"d6312b0\" data-element_type=\"widget\" data-widget_type=\"spacer.default\">\n\t\t\t\t<div class=\"elementor-widget-container\">\n\t\t\t\t\t\t\t<div class=\"elementor-spacer\">\n\t\t\t<div class=\"elementor-spacer-inner\"><\/div>\n\t\t<\/div>\n\t\t\t\t\t\t<\/div>\n\t\t\t\t<\/div>\n\t\t\t\t<div class=\"elementor-element elementor-element-604f5e9 elementor-widget elementor-widget-heading\" data-id=\"604f5e9\" data-element_type=\"widget\" data-widget_type=\"heading.default\">\n\t\t\t\t<div class=\"elementor-widget-container\">\n\t\t\t\t\t<h2 class=\"elementor-heading-title elementor-size-default\">resultados<\/h2>\t\t\t\t<\/div>\n\t\t\t\t<\/div>\n\t\t\t\t<div class=\"elementor-element elementor-element-f96ba49 elementor-widget elementor-widget-heading\" data-id=\"f96ba49\" data-element_type=\"widget\" data-widget_type=\"heading.default\">\n\t\t\t\t<div class=\"elementor-widget-container\">\n\t\t\t\t\t<h3 class=\"elementor-heading-title elementor-size-default\">qu\u00e9 conseguimos<\/h3>\t\t\t\t<\/div>\n\t\t\t\t<\/div>\n\t\t\t\t<\/div>\n\t\t<div class=\"elementor-element elementor-element-e9b3c2e e-con-full e-flex e-con e-child\" data-id=\"e9b3c2e\" data-element_type=\"container\">\n\t\t\t\t<div class=\"elementor-element elementor-element-321ee24 elementor-hidden-mobile elementor-widget elementor-widget-spacer\" data-id=\"321ee24\" data-element_type=\"widget\" data-widget_type=\"spacer.default\">\n\t\t\t\t<div class=\"elementor-widget-container\">\n\t\t\t\t\t\t\t<div class=\"elementor-spacer\">\n\t\t\t<div class=\"elementor-spacer-inner\"><\/div>\n\t\t<\/div>\n\t\t\t\t\t\t<\/div>\n\t\t\t\t<\/div>\n\t\t\t\t<div class=\"elementor-element elementor-element-808576b elementor-widget elementor-widget-heading\" data-id=\"808576b\" data-element_type=\"widget\" data-widget_type=\"heading.default\">\n\t\t\t\t<div class=\"elementor-widget-container\">\n\t\t\t\t\t<p class=\"elementor-heading-title elementor-size-default\">Se elabor\u00f3 una serie de renders exteriores en alta calidad que muestran diferentes \u00e1ngulos y condiciones de luz, destacando la volumetr\u00eda, el detalle en acabados y la interacci\u00f3n entre sombras y superficies. La visualizaci\u00f3n arquitect\u00f3nica busc\u00f3 transmitir realismo y atm\u00f3sfera, reforzando el impacto est\u00e9tico del dise\u00f1o y proyectando la experiencia de habitar un espacio contempor\u00e1neo.<\/p>\t\t\t\t<\/div>\n\t\t\t\t<\/div>\n\t\t\t\t<div class=\"elementor-element elementor-element-07acf36 elementor-widget elementor-widget-spacer\" data-id=\"07acf36\" data-element_type=\"widget\" data-widget_type=\"spacer.default\">\n\t\t\t\t<div class=\"elementor-widget-container\">\n\t\t\t\t\t\t\t<div class=\"elementor-spacer\">\n\t\t\t<div class=\"elementor-spacer-inner\"><\/div>\n\t\t<\/div>\n\t\t\t\t\t\t<\/div>\n\t\t\t\t<\/div>\n\t\t\t\t<\/div>\n\t\t<div class=\"elementor-element elementor-element-2d854f5 e-con-full elementor-hidden-mobile e-flex e-con e-child\" data-id=\"2d854f5\" data-element_type=\"container\">\n\t\t\t\t<\/div>\n\t\t\t\t<\/div>\n\t\t\t\t<section class=\"elementor-section elementor-top-section elementor-element elementor-element-f603ff1 elementor-section-full_width elementor-section-height-min-height elementor-section-height-default elementor-section-items-middle\" data-id=\"f603ff1\" data-element_type=\"section\" data-settings=\"{&quot;background_background&quot;:&quot;classic&quot;}\">\n\t\t\t\t\t\t<div class=\"elementor-container elementor-column-gap-no\">\n\t\t\t\t\t<div class=\"elementor-column elementor-col-33 elementor-top-column elementor-element elementor-element-8bc1251\" data-id=\"8bc1251\" data-element_type=\"column\">\n\t\t\t<div class=\"elementor-widget-wrap\">\n\t\t\t\t\t\t\t<\/div>\n\t\t<\/div>\n\t\t\t\t<div class=\"elementor-column elementor-col-33 elementor-top-column elementor-element elementor-element-b92fd58\" data-id=\"b92fd58\" data-element_type=\"column\">\n\t\t\t<div class=\"elementor-widget-wrap elementor-element-populated\">\n\t\t\t\t\t\t<div class=\"elementor-element elementor-element-a96f8ec elementor-widget elementor-widget-image\" data-id=\"a96f8ec\" data-element_type=\"widget\" data-widget_type=\"image.default\">\n\t\t\t\t<div class=\"elementor-widget-container\">\n\t\t\t\t\t\t\t\t\t\t\t\t\t\t\t<img decoding=\"async\" width=\"1728\" height=\"972\" src=\"https:\/\/rivasmercado.com\/wp-content\/uploads\/2025\/08\/Casa-Bruma-1.jpg\" class=\"attachment-full size-full wp-image-380392\" alt=\"\" srcset=\"https:\/\/rivasmercado.com\/wp-content\/uploads\/2025\/08\/Casa-Bruma-1.jpg 1728w, https:\/\/rivasmercado.com\/wp-content\/uploads\/2025\/08\/Casa-Bruma-1-300x169.jpg 300w, https:\/\/rivasmercado.com\/wp-content\/uploads\/2025\/08\/Casa-Bruma-1-1024x576.jpg 1024w, https:\/\/rivasmercado.com\/wp-content\/uploads\/2025\/08\/Casa-Bruma-1-768x432.jpg 768w, https:\/\/rivasmercado.com\/wp-content\/uploads\/2025\/08\/Casa-Bruma-1-1536x864.jpg 1536w, https:\/\/rivasmercado.com\/wp-content\/uploads\/2025\/08\/Casa-Bruma-1-18x10.jpg 18w\" sizes=\"(max-width: 1728px) 100vw, 1728px\" \/>\t\t\t\t\t\t\t\t\t\t\t\t\t\t\t<\/div>\n\t\t\t\t<\/div>\n\t\t\t\t\t<\/div>\n\t\t<\/div>\n\t\t\t\t<div class=\"elementor-column elementor-col-33 elementor-top-column elementor-element elementor-element-eafbd94\" data-id=\"eafbd94\" data-element_type=\"column\">\n\t\t\t<div class=\"elementor-widget-wrap\">\n\t\t\t\t\t\t\t<\/div>\n\t\t<\/div>\n\t\t\t\t\t<\/div>\n\t\t<\/section>\n\t\t\t\t<\/div>","protected":false},"excerpt":{"rendered":"<p>Casa Bruma \u2014 architectural visualization introduction project overview Casa Bruma is a conceptual residential project developed by Rivas Mercado as an exercise in design and architectural visualization. The proposal features a contemporary volume defined by clean lines, refined materials, and a harmonious interplay of natural light and contrasting textures. The design explores how architecture can [&hellip;]<\/p>\n","protected":false},"author":1,"featured_media":0,"parent":0,"menu_order":0,"comment_status":"closed","ping_status":"closed","template":"elementor_header_footer","meta":{"footnotes":""},"class_list":["post-380915","page","type-page","status-publish","hentry"],"_links":{"self":[{"href":"https:\/\/rivasmercado.com\/es\/wp-json\/wp\/v2\/pages\/380915","targetHints":{"allow":["GET"]}}],"collection":[{"href":"https:\/\/rivasmercado.com\/es\/wp-json\/wp\/v2\/pages"}],"about":[{"href":"https:\/\/rivasmercado.com\/es\/wp-json\/wp\/v2\/types\/page"}],"author":[{"embeddable":true,"href":"https:\/\/rivasmercado.com\/es\/wp-json\/wp\/v2\/users\/1"}],"replies":[{"embeddable":true,"href":"https:\/\/rivasmercado.com\/es\/wp-json\/wp\/v2\/comments?post=380915"}],"version-history":[{"count":8,"href":"https:\/\/rivasmercado.com\/es\/wp-json\/wp\/v2\/pages\/380915\/revisions"}],"predecessor-version":[{"id":380955,"href":"https:\/\/rivasmercado.com\/es\/wp-json\/wp\/v2\/pages\/380915\/revisions\/380955"}],"wp:attachment":[{"href":"https:\/\/rivasmercado.com\/es\/wp-json\/wp\/v2\/media?parent=380915"}],"curies":[{"name":"wp","href":"https:\/\/api.w.org\/{rel}","templated":true}]}}