{"id":381360,"date":"2025-08-26T21:24:42","date_gmt":"2025-08-26T21:24:42","guid":{"rendered":"https:\/\/rivasmercado.com\/?page_id=381360"},"modified":"2025-08-27T22:51:03","modified_gmt":"2025-08-27T22:51:03","slug":"veladoras-azucena","status":"publish","type":"page","link":"https:\/\/rivasmercado.com\/es\/veladoras-azucena\/","title":{"rendered":"Veladoras Azucena"},"content":{"rendered":"<div data-elementor-type=\"wp-page\" data-elementor-id=\"381360\" class=\"elementor elementor-381360\" data-elementor-post-type=\"page\">\n\t\t\t\t<div class=\"elementor-element elementor-element-253d5d7 e-con-full e-flex e-con e-parent\" data-id=\"253d5d7\" data-element_type=\"container\" data-settings=\"{&quot;background_background&quot;:&quot;classic&quot;}\">\n\t\t<div class=\"elementor-element elementor-element-953c132 e-con-full e-flex e-con e-child\" data-id=\"953c132\" data-element_type=\"container\">\n\t\t\t\t<\/div>\n\t\t<div class=\"elementor-element elementor-element-7c79399 e-con-full e-flex e-con e-child\" data-id=\"7c79399\" data-element_type=\"container\">\n\t\t\t\t<div class=\"elementor-element elementor-element-2f588f8 elementor-widget elementor-widget-html\" data-id=\"2f588f8\" data-element_type=\"widget\" data-widget_type=\"html.default\">\n\t\t\t\t<div class=\"elementor-widget-container\">\n\t\t\t\t\t<h1 class=\"visually-hidden\">Veladoras Azucena \u2014 dise\u00f1o UX\/UI y desarrollo de sitio web de una sola p\u00e1gina<\/h1>\r\n\t\t\t\t<\/div>\n\t\t\t\t<\/div>\n\t\t\t\t<div class=\"elementor-element elementor-element-a7a1d3e elementor-widget elementor-widget-image\" data-id=\"a7a1d3e\" data-element_type=\"widget\" data-widget_type=\"image.default\">\n\t\t\t\t<div class=\"elementor-widget-container\">\n\t\t\t\t\t\t\t\t\t\t\t\t\t\t\t<img fetchpriority=\"high\" decoding=\"async\" width=\"2484\" height=\"1346\" src=\"https:\/\/rivasmercado.com\/wp-content\/uploads\/2025\/08\/Web-Veladoras-Azucena-1.jpg\" class=\"attachment-full size-full wp-image-381698\" alt=\"\" srcset=\"https:\/\/rivasmercado.com\/wp-content\/uploads\/2025\/08\/Web-Veladoras-Azucena-1.jpg 2484w, https:\/\/rivasmercado.com\/wp-content\/uploads\/2025\/08\/Web-Veladoras-Azucena-1-300x163.jpg 300w, https:\/\/rivasmercado.com\/wp-content\/uploads\/2025\/08\/Web-Veladoras-Azucena-1-1024x555.jpg 1024w, https:\/\/rivasmercado.com\/wp-content\/uploads\/2025\/08\/Web-Veladoras-Azucena-1-768x416.jpg 768w, https:\/\/rivasmercado.com\/wp-content\/uploads\/2025\/08\/Web-Veladoras-Azucena-1-1536x832.jpg 1536w, https:\/\/rivasmercado.com\/wp-content\/uploads\/2025\/08\/Web-Veladoras-Azucena-1-2048x1110.jpg 2048w, https:\/\/rivasmercado.com\/wp-content\/uploads\/2025\/08\/Web-Veladoras-Azucena-1-18x10.jpg 18w\" sizes=\"(max-width: 2484px) 100vw, 2484px\" \/>\t\t\t\t\t\t\t\t\t\t\t\t\t\t\t<\/div>\n\t\t\t\t<\/div>\n\t\t\t\t<\/div>\n\t\t<div class=\"elementor-element elementor-element-546473b e-con-full e-flex e-con e-child\" data-id=\"546473b\" data-element_type=\"container\">\n\t\t\t\t<\/div>\n\t\t\t\t<\/div>\n\t\t<div class=\"elementor-element elementor-element-f13f450 e-con-full e-flex e-con e-parent\" data-id=\"f13f450\" data-element_type=\"container\">\n\t\t<div class=\"elementor-element elementor-element-8af8da1 e-con-full e-flex e-con e-child\" data-id=\"8af8da1\" data-element_type=\"container\">\n\t\t\t\t<\/div>\n\t\t<div class=\"elementor-element elementor-element-1ab896c e-con-full e-flex e-con e-child\" data-id=\"1ab896c\" data-element_type=\"container\">\n\t\t\t\t<div class=\"elementor-element elementor-element-9962ec1 elementor-widget elementor-widget-spacer\" data-id=\"9962ec1\" data-element_type=\"widget\" data-widget_type=\"spacer.default\">\n\t\t\t\t<div class=\"elementor-widget-container\">\n\t\t\t\t\t\t\t<div class=\"elementor-spacer\">\n\t\t\t<div class=\"elementor-spacer-inner\"><\/div>\n\t\t<\/div>\n\t\t\t\t\t\t<\/div>\n\t\t\t\t<\/div>\n\t\t\t\t<div class=\"elementor-element elementor-element-c9093c9 elementor-widget elementor-widget-heading\" data-id=\"c9093c9\" data-element_type=\"widget\" data-widget_type=\"heading.default\">\n\t\t\t\t<div class=\"elementor-widget-container\">\n\t\t\t\t\t<h2 class=\"elementor-heading-title elementor-size-default\">intro \/ concepto<\/h2>\t\t\t\t<\/div>\n\t\t\t\t<\/div>\n\t\t\t\t<div class=\"elementor-element elementor-element-6413106 elementor-widget elementor-widget-heading\" data-id=\"6413106\" data-element_type=\"widget\" data-widget_type=\"heading.default\">\n\t\t\t\t<div class=\"elementor-widget-container\">\n\t\t\t\t\t<h3 class=\"elementor-heading-title elementor-size-default\">dise\u00f1o de p\u00e1gina web de una sola p\u00e1gina (one-page)<\/h3>\t\t\t\t<\/div>\n\t\t\t\t<\/div>\n\t\t\t\t<\/div>\n\t\t<div class=\"elementor-element elementor-element-019ded5 e-con-full e-flex e-con e-child\" data-id=\"019ded5\" data-element_type=\"container\">\n\t\t\t\t<div class=\"elementor-element elementor-element-78c8703 elementor-hidden-mobile elementor-widget elementor-widget-spacer\" data-id=\"78c8703\" data-element_type=\"widget\" data-widget_type=\"spacer.default\">\n\t\t\t\t<div class=\"elementor-widget-container\">\n\t\t\t\t\t\t\t<div class=\"elementor-spacer\">\n\t\t\t<div class=\"elementor-spacer-inner\"><\/div>\n\t\t<\/div>\n\t\t\t\t\t\t<\/div>\n\t\t\t\t<\/div>\n\t\t\t\t<div class=\"elementor-element elementor-element-cbbdb61 elementor-widget elementor-widget-heading\" data-id=\"cbbdb61\" data-element_type=\"widget\" data-widget_type=\"heading.default\">\n\t\t\t\t<div class=\"elementor-widget-container\">\n\t\t\t\t\t<p class=\"elementor-heading-title elementor-size-default\"><b>Veladoras Azucena<\/b> es una empresa 100% mexicana dedicada a la producci\u00f3n de veladoras y productos derivados de la parafina. La marca necesitaba una presencia digital s\u00f3lida para destacar su cat\u00e1logo y comunicar la calidad de sus productos. Desarrollamos una <b>sitio web de una sola p\u00e1gina<\/b> que presenta la historia de la empresa, muestra sus productos principales e integra un llamado a la acci\u00f3n claro para atraer nuevos clientes.<\/p>\t\t\t\t<\/div>\n\t\t\t\t<\/div>\n\t\t\t\t<div class=\"elementor-element elementor-element-6609069 elementor-widget elementor-widget-spacer\" data-id=\"6609069\" data-element_type=\"widget\" data-widget_type=\"spacer.default\">\n\t\t\t\t<div class=\"elementor-widget-container\">\n\t\t\t\t\t\t\t<div class=\"elementor-spacer\">\n\t\t\t<div class=\"elementor-spacer-inner\"><\/div>\n\t\t<\/div>\n\t\t\t\t\t\t<\/div>\n\t\t\t\t<\/div>\n\t\t\t\t<\/div>\n\t\t<div class=\"elementor-element elementor-element-85ec7e5 e-con-full e-flex e-con e-child\" data-id=\"85ec7e5\" data-element_type=\"container\">\n\t\t\t\t<\/div>\n\t\t\t\t<\/div>\n\t\t<div class=\"elementor-element elementor-element-da851d4 e-con-full e-flex e-con e-parent\" data-id=\"da851d4\" data-element_type=\"container\" data-settings=\"{&quot;background_background&quot;:&quot;classic&quot;}\">\n\t\t<div class=\"elementor-element elementor-element-91ac97b e-con-full e-flex e-con e-child\" data-id=\"91ac97b\" data-element_type=\"container\">\n\t\t\t\t<\/div>\n\t\t<div class=\"elementor-element elementor-element-30caa6f e-con-full e-flex e-con e-child\" data-id=\"30caa6f\" data-element_type=\"container\">\n\t\t\t\t<div class=\"elementor-element elementor-element-69df679 elementor-widget elementor-widget-image\" data-id=\"69df679\" data-element_type=\"widget\" data-widget_type=\"image.default\">\n\t\t\t\t<div class=\"elementor-widget-container\">\n\t\t\t\t\t\t\t\t\t\t\t\t\t\t\t<img decoding=\"async\" width=\"1932\" height=\"1462\" src=\"https:\/\/rivasmercado.com\/wp-content\/uploads\/2025\/08\/Web-Veladoras-Azucena-2.jpg\" class=\"attachment-full size-full wp-image-381705\" alt=\"\" srcset=\"https:\/\/rivasmercado.com\/wp-content\/uploads\/2025\/08\/Web-Veladoras-Azucena-2.jpg 1932w, https:\/\/rivasmercado.com\/wp-content\/uploads\/2025\/08\/Web-Veladoras-Azucena-2-300x227.jpg 300w, https:\/\/rivasmercado.com\/wp-content\/uploads\/2025\/08\/Web-Veladoras-Azucena-2-1024x775.jpg 1024w, https:\/\/rivasmercado.com\/wp-content\/uploads\/2025\/08\/Web-Veladoras-Azucena-2-768x581.jpg 768w, https:\/\/rivasmercado.com\/wp-content\/uploads\/2025\/08\/Web-Veladoras-Azucena-2-1536x1162.jpg 1536w, https:\/\/rivasmercado.com\/wp-content\/uploads\/2025\/08\/Web-Veladoras-Azucena-2-16x12.jpg 16w\" sizes=\"(max-width: 1932px) 100vw, 1932px\" \/>\t\t\t\t\t\t\t\t\t\t\t\t\t\t\t<\/div>\n\t\t\t\t<\/div>\n\t\t\t\t<\/div>\n\t\t<div class=\"elementor-element elementor-element-f19fb35 e-con-full e-flex e-con e-child\" data-id=\"f19fb35\" data-element_type=\"container\">\n\t\t\t\t<\/div>\n\t\t\t\t<\/div>\n\t\t<div class=\"elementor-element elementor-element-3195202 e-con-full e-flex e-con e-parent\" data-id=\"3195202\" data-element_type=\"container\">\n\t\t<div class=\"elementor-element elementor-element-0713972 e-con-full e-flex e-con e-child\" data-id=\"0713972\" data-element_type=\"container\">\n\t\t\t\t<\/div>\n\t\t<div class=\"elementor-element elementor-element-3e1d7c1 e-con-full e-flex e-con e-child\" data-id=\"3e1d7c1\" data-element_type=\"container\">\n\t\t\t\t<div class=\"elementor-element elementor-element-33fa421 elementor-widget elementor-widget-spacer\" data-id=\"33fa421\" data-element_type=\"widget\" data-widget_type=\"spacer.default\">\n\t\t\t\t<div class=\"elementor-widget-container\">\n\t\t\t\t\t\t\t<div class=\"elementor-spacer\">\n\t\t\t<div class=\"elementor-spacer-inner\"><\/div>\n\t\t<\/div>\n\t\t\t\t\t\t<\/div>\n\t\t\t\t<\/div>\n\t\t\t\t<div class=\"elementor-element elementor-element-23c424c elementor-widget elementor-widget-heading\" data-id=\"23c424c\" data-element_type=\"widget\" data-widget_type=\"heading.default\">\n\t\t\t\t<div class=\"elementor-widget-container\">\n\t\t\t\t\t<h2 class=\"elementor-heading-title elementor-size-default\">estrategia y<br>enfoque ux\/ui<\/h2>\t\t\t\t<\/div>\n\t\t\t\t<\/div>\n\t\t\t\t<div class=\"elementor-element elementor-element-c6fb0dc elementor-widget elementor-widget-heading\" data-id=\"c6fb0dc\" data-element_type=\"widget\" data-widget_type=\"heading.default\">\n\t\t\t\t<div class=\"elementor-widget-container\">\n\t\t\t\t\t<h3 class=\"elementor-heading-title elementor-size-default\">que hicimos<\/h3>\t\t\t\t<\/div>\n\t\t\t\t<\/div>\n\t\t\t\t<\/div>\n\t\t<div class=\"elementor-element elementor-element-edcb948 e-con-full e-flex e-con e-child\" data-id=\"edcb948\" data-element_type=\"container\">\n\t\t\t\t<div class=\"elementor-element elementor-element-2af6fd6 elementor-hidden-mobile elementor-widget elementor-widget-spacer\" data-id=\"2af6fd6\" data-element_type=\"widget\" data-widget_type=\"spacer.default\">\n\t\t\t\t<div class=\"elementor-widget-container\">\n\t\t\t\t\t\t\t<div class=\"elementor-spacer\">\n\t\t\t<div class=\"elementor-spacer-inner\"><\/div>\n\t\t<\/div>\n\t\t\t\t\t\t<\/div>\n\t\t\t\t<\/div>\n\t\t\t\t<div class=\"elementor-element elementor-element-16e2c5a elementor-widget elementor-widget-heading\" data-id=\"16e2c5a\" data-element_type=\"widget\" data-widget_type=\"heading.default\">\n\t\t\t\t<div class=\"elementor-widget-container\">\n\t\t\t\t\t<p class=\"elementor-heading-title elementor-size-default\">Dise\u00f1amos una estructura sencilla, intuitiva y responsiva que gu\u00eda al usuario a trav\u00e9s de la historia de la marca y su portafolio de productos. El sitio equilibra una <b>identidad industrial con un dise\u00f1o limpio<\/b>, facilitando que los visitantes entiendan la propuesta de <b>Veladoras Azucena<\/b> mientras se incentiva el contacto directo mediante CTAs estrat\u00e9gicos.<\/p>\t\t\t\t<\/div>\n\t\t\t\t<\/div>\n\t\t\t\t<div class=\"elementor-element elementor-element-a613c33 elementor-widget elementor-widget-spacer\" data-id=\"a613c33\" data-element_type=\"widget\" data-widget_type=\"spacer.default\">\n\t\t\t\t<div class=\"elementor-widget-container\">\n\t\t\t\t\t\t\t<div class=\"elementor-spacer\">\n\t\t\t<div class=\"elementor-spacer-inner\"><\/div>\n\t\t<\/div>\n\t\t\t\t\t\t<\/div>\n\t\t\t\t<\/div>\n\t\t\t\t<\/div>\n\t\t<div class=\"elementor-element elementor-element-24c7fd2 e-con-full e-flex e-con e-child\" data-id=\"24c7fd2\" data-element_type=\"container\">\n\t\t\t\t<\/div>\n\t\t\t\t<\/div>\n\t\t\t\t<section class=\"elementor-section elementor-top-section elementor-element elementor-element-a6c29f5 elementor-section-full_width elementor-section-height-min-height elementor-section-height-default elementor-section-items-middle\" data-id=\"a6c29f5\" data-element_type=\"section\" data-settings=\"{&quot;background_background&quot;:&quot;classic&quot;}\">\n\t\t\t\t\t\t<div class=\"elementor-container elementor-column-gap-no\">\n\t\t\t\t\t<div class=\"elementor-column elementor-col-33 elementor-top-column elementor-element elementor-element-0172d12\" data-id=\"0172d12\" data-element_type=\"column\">\n\t\t\t<div class=\"elementor-widget-wrap\">\n\t\t\t\t\t\t\t<\/div>\n\t\t<\/div>\n\t\t\t\t<div class=\"elementor-column elementor-col-33 elementor-top-column elementor-element elementor-element-64dc5d8\" data-id=\"64dc5d8\" data-element_type=\"column\">\n\t\t\t<div class=\"elementor-widget-wrap elementor-element-populated\">\n\t\t\t\t\t\t<div class=\"elementor-element elementor-element-6df7221 elementor-widget elementor-widget-image\" data-id=\"6df7221\" data-element_type=\"widget\" data-widget_type=\"image.default\">\n\t\t\t\t<div class=\"elementor-widget-container\">\n\t\t\t\t\t\t\t\t\t\t\t\t\t\t\t<img decoding=\"async\" width=\"1524\" height=\"1250\" src=\"https:\/\/rivasmercado.com\/wp-content\/uploads\/2025\/08\/Web-Veladoras-Azucena-3.jpg\" class=\"attachment-full size-full wp-image-381709\" alt=\"\" srcset=\"https:\/\/rivasmercado.com\/wp-content\/uploads\/2025\/08\/Web-Veladoras-Azucena-3.jpg 1524w, https:\/\/rivasmercado.com\/wp-content\/uploads\/2025\/08\/Web-Veladoras-Azucena-3-300x246.jpg 300w, https:\/\/rivasmercado.com\/wp-content\/uploads\/2025\/08\/Web-Veladoras-Azucena-3-1024x840.jpg 1024w, https:\/\/rivasmercado.com\/wp-content\/uploads\/2025\/08\/Web-Veladoras-Azucena-3-768x630.jpg 768w, https:\/\/rivasmercado.com\/wp-content\/uploads\/2025\/08\/Web-Veladoras-Azucena-3-15x12.jpg 15w\" sizes=\"(max-width: 1524px) 100vw, 1524px\" \/>\t\t\t\t\t\t\t\t\t\t\t\t\t\t\t<\/div>\n\t\t\t\t<\/div>\n\t\t\t\t\t<\/div>\n\t\t<\/div>\n\t\t\t\t<div class=\"elementor-column elementor-col-33 elementor-top-column elementor-element elementor-element-9f8d852\" data-id=\"9f8d852\" data-element_type=\"column\">\n\t\t\t<div class=\"elementor-widget-wrap\">\n\t\t\t\t\t\t\t<\/div>\n\t\t<\/div>\n\t\t\t\t\t<\/div>\n\t\t<\/section>\n\t\t<div class=\"elementor-element elementor-element-08a9ca4 e-con-full e-flex e-con e-parent\" data-id=\"08a9ca4\" data-element_type=\"container\">\n\t\t<div class=\"elementor-element elementor-element-b002ef6 e-con-full elementor-hidden-mobile e-flex e-con e-child\" data-id=\"b002ef6\" data-element_type=\"container\">\n\t\t\t\t<\/div>\n\t\t<div class=\"elementor-element elementor-element-dfab34c e-con-full e-flex e-con e-child\" data-id=\"dfab34c\" data-element_type=\"container\">\n\t\t\t\t<div class=\"elementor-element elementor-element-7646283 elementor-widget elementor-widget-spacer\" data-id=\"7646283\" data-element_type=\"widget\" data-widget_type=\"spacer.default\">\n\t\t\t\t<div class=\"elementor-widget-container\">\n\t\t\t\t\t\t\t<div class=\"elementor-spacer\">\n\t\t\t<div class=\"elementor-spacer-inner\"><\/div>\n\t\t<\/div>\n\t\t\t\t\t\t<\/div>\n\t\t\t\t<\/div>\n\t\t\t\t<div class=\"elementor-element elementor-element-1153de1 elementor-widget elementor-widget-heading\" data-id=\"1153de1\" data-element_type=\"widget\" data-widget_type=\"heading.default\">\n\t\t\t\t<div class=\"elementor-widget-container\">\n\t\t\t\t\t<h2 class=\"elementor-heading-title elementor-size-default\">impacto del dise\u00f1o\n<\/h2>\t\t\t\t<\/div>\n\t\t\t\t<\/div>\n\t\t\t\t<div class=\"elementor-element elementor-element-32b05ef elementor-widget elementor-widget-heading\" data-id=\"32b05ef\" data-element_type=\"widget\" data-widget_type=\"heading.default\">\n\t\t\t\t<div class=\"elementor-widget-container\">\n\t\t\t\t\t<h3 class=\"elementor-heading-title elementor-size-default\">qu\u00e9 conseguimos<\/h3>\t\t\t\t<\/div>\n\t\t\t\t<\/div>\n\t\t\t\t<\/div>\n\t\t<div class=\"elementor-element elementor-element-074664c e-con-full e-flex e-con e-child\" data-id=\"074664c\" data-element_type=\"container\">\n\t\t\t\t<div class=\"elementor-element elementor-element-2d07c88 elementor-hidden-mobile elementor-widget elementor-widget-spacer\" data-id=\"2d07c88\" data-element_type=\"widget\" data-widget_type=\"spacer.default\">\n\t\t\t\t<div class=\"elementor-widget-container\">\n\t\t\t\t\t\t\t<div class=\"elementor-spacer\">\n\t\t\t<div class=\"elementor-spacer-inner\"><\/div>\n\t\t<\/div>\n\t\t\t\t\t\t<\/div>\n\t\t\t\t<\/div>\n\t\t\t\t<div class=\"elementor-element elementor-element-1a72566 elementor-widget elementor-widget-heading\" data-id=\"1a72566\" data-element_type=\"widget\" data-widget_type=\"heading.default\">\n\t\t\t\t<div class=\"elementor-widget-container\">\n\t\t\t\t\t<p class=\"elementor-heading-title elementor-size-default\">El sitio web permiti\u00f3 a <b>Veladoras Azucena<\/b> una presencia profesional en l\u00ednea, fortaleciendo la confianza con clientes actuales y generando nuevas oportunidades de negocio. Al combinar <b>claridad, funcionalidad y coherencia visual<\/b>, la marca se posicion\u00f3 como un proveedor confiable dentro del mercado de veladoras y productos de parafina.<\/p>\t\t\t\t<\/div>\n\t\t\t\t<\/div>\n\t\t\t\t<div class=\"elementor-element elementor-element-8c58cf7 elementor-widget elementor-widget-spacer\" data-id=\"8c58cf7\" data-element_type=\"widget\" data-widget_type=\"spacer.default\">\n\t\t\t\t<div class=\"elementor-widget-container\">\n\t\t\t\t\t\t\t<div class=\"elementor-spacer\">\n\t\t\t<div class=\"elementor-spacer-inner\"><\/div>\n\t\t<\/div>\n\t\t\t\t\t\t<\/div>\n\t\t\t\t<\/div>\n\t\t\t\t<\/div>\n\t\t<div class=\"elementor-element elementor-element-ef7726f e-con-full e-flex e-con e-child\" data-id=\"ef7726f\" data-element_type=\"container\">\n\t\t\t\t<\/div>\n\t\t\t\t<\/div>\n\t\t\t\t<\/div>","protected":false},"excerpt":{"rendered":"<p>Veladoras Azucena \u2014 UX\/UI design and single-page website development intro \/ concept single page website design Veladoras Azucena is a 100% Mexican company dedicated to producing candles and paraffin-based products. They needed a strong digital presence to highlight their catalog and communicate the quality of their brand. We developed a single-page website that presents the [&hellip;]<\/p>\n","protected":false},"author":1,"featured_media":0,"parent":0,"menu_order":0,"comment_status":"closed","ping_status":"closed","template":"elementor_header_footer","meta":{"footnotes":""},"class_list":["post-381360","page","type-page","status-publish","hentry"],"_links":{"self":[{"href":"https:\/\/rivasmercado.com\/es\/wp-json\/wp\/v2\/pages\/381360","targetHints":{"allow":["GET"]}}],"collection":[{"href":"https:\/\/rivasmercado.com\/es\/wp-json\/wp\/v2\/pages"}],"about":[{"href":"https:\/\/rivasmercado.com\/es\/wp-json\/wp\/v2\/types\/page"}],"author":[{"embeddable":true,"href":"https:\/\/rivasmercado.com\/es\/wp-json\/wp\/v2\/users\/1"}],"replies":[{"embeddable":true,"href":"https:\/\/rivasmercado.com\/es\/wp-json\/wp\/v2\/comments?post=381360"}],"version-history":[{"count":46,"href":"https:\/\/rivasmercado.com\/es\/wp-json\/wp\/v2\/pages\/381360\/revisions"}],"predecessor-version":[{"id":381730,"href":"https:\/\/rivasmercado.com\/es\/wp-json\/wp\/v2\/pages\/381360\/revisions\/381730"}],"wp:attachment":[{"href":"https:\/\/rivasmercado.com\/es\/wp-json\/wp\/v2\/media?parent=381360"}],"curies":[{"name":"wp","href":"https:\/\/api.w.org\/{rel}","templated":true}]}}