{"id":381381,"date":"2025-08-26T22:08:08","date_gmt":"2025-08-26T22:08:08","guid":{"rendered":"https:\/\/rivasmercado.com\/?page_id=381381"},"modified":"2025-08-27T19:22:07","modified_gmt":"2025-08-27T19:22:07","slug":"servicios_legales_mineros_ux","status":"publish","type":"page","link":"https:\/\/rivasmercado.com\/es\/servicios_legales_mineros_ux\/","title":{"rendered":"Servicios Legales Mineros"},"content":{"rendered":"<div data-elementor-type=\"wp-page\" data-elementor-id=\"381381\" class=\"elementor elementor-381381\" data-elementor-post-type=\"page\">\n\t\t\t\t<div class=\"elementor-element elementor-element-253d5d7 e-con-full e-flex e-con e-parent\" data-id=\"253d5d7\" data-element_type=\"container\" data-settings=\"{&quot;background_background&quot;:&quot;classic&quot;}\">\n\t\t<div class=\"elementor-element elementor-element-953c132 e-con-full e-flex e-con e-child\" data-id=\"953c132\" data-element_type=\"container\">\n\t\t\t\t<\/div>\n\t\t<div class=\"elementor-element elementor-element-7c79399 e-con-full e-flex e-con e-child\" data-id=\"7c79399\" data-element_type=\"container\">\n\t\t\t\t<div class=\"elementor-element elementor-element-2f588f8 elementor-widget elementor-widget-html\" data-id=\"2f588f8\" data-element_type=\"widget\" data-widget_type=\"html.default\">\n\t\t\t\t<div class=\"elementor-widget-container\">\n\t\t\t\t\t<h1 class=\"visually-hidden\">Servicios Legales Mineros \u2014 dise\u00f1o UX\/UI y desarrollo de sitio web de una sola p\u00e1gina<\/h1>\r\n\t\t\t\t<\/div>\n\t\t\t\t<\/div>\n\t\t\t\t<div class=\"elementor-element elementor-element-a7a1d3e elementor-widget elementor-widget-image\" data-id=\"a7a1d3e\" data-element_type=\"widget\" data-widget_type=\"image.default\">\n\t\t\t\t<div class=\"elementor-widget-container\">\n\t\t\t\t\t\t\t\t\t\t\t\t\t\t\t<img fetchpriority=\"high\" decoding=\"async\" width=\"2066\" height=\"1302\" src=\"https:\/\/rivasmercado.com\/wp-content\/uploads\/2025\/08\/Web-SLM-2.jpg\" class=\"attachment-full size-full wp-image-381623\" alt=\"\" srcset=\"https:\/\/rivasmercado.com\/wp-content\/uploads\/2025\/08\/Web-SLM-2.jpg 2066w, https:\/\/rivasmercado.com\/wp-content\/uploads\/2025\/08\/Web-SLM-2-300x189.jpg 300w, https:\/\/rivasmercado.com\/wp-content\/uploads\/2025\/08\/Web-SLM-2-1024x645.jpg 1024w, https:\/\/rivasmercado.com\/wp-content\/uploads\/2025\/08\/Web-SLM-2-768x484.jpg 768w, https:\/\/rivasmercado.com\/wp-content\/uploads\/2025\/08\/Web-SLM-2-1536x968.jpg 1536w, https:\/\/rivasmercado.com\/wp-content\/uploads\/2025\/08\/Web-SLM-2-2048x1291.jpg 2048w, https:\/\/rivasmercado.com\/wp-content\/uploads\/2025\/08\/Web-SLM-2-18x12.jpg 18w\" sizes=\"(max-width: 2066px) 100vw, 2066px\" \/>\t\t\t\t\t\t\t\t\t\t\t\t\t\t\t<\/div>\n\t\t\t\t<\/div>\n\t\t\t\t<\/div>\n\t\t<div class=\"elementor-element elementor-element-546473b e-con-full e-flex e-con e-child\" data-id=\"546473b\" data-element_type=\"container\">\n\t\t\t\t<\/div>\n\t\t\t\t<\/div>\n\t\t<div class=\"elementor-element elementor-element-f13f450 e-con-full e-flex e-con e-parent\" data-id=\"f13f450\" data-element_type=\"container\">\n\t\t<div class=\"elementor-element elementor-element-8af8da1 e-con-full e-flex e-con e-child\" data-id=\"8af8da1\" data-element_type=\"container\">\n\t\t\t\t<\/div>\n\t\t<div class=\"elementor-element elementor-element-1ab896c e-con-full e-flex e-con e-child\" data-id=\"1ab896c\" data-element_type=\"container\">\n\t\t\t\t<div class=\"elementor-element elementor-element-9962ec1 elementor-widget elementor-widget-spacer\" data-id=\"9962ec1\" data-element_type=\"widget\" data-widget_type=\"spacer.default\">\n\t\t\t\t<div class=\"elementor-widget-container\">\n\t\t\t\t\t\t\t<div class=\"elementor-spacer\">\n\t\t\t<div class=\"elementor-spacer-inner\"><\/div>\n\t\t<\/div>\n\t\t\t\t\t\t<\/div>\n\t\t\t\t<\/div>\n\t\t\t\t<div class=\"elementor-element elementor-element-c9093c9 elementor-widget elementor-widget-heading\" data-id=\"c9093c9\" data-element_type=\"widget\" data-widget_type=\"heading.default\">\n\t\t\t\t<div class=\"elementor-widget-container\">\n\t\t\t\t\t<h2 class=\"elementor-heading-title elementor-size-default\">intro \/ concepto<\/h2>\t\t\t\t<\/div>\n\t\t\t\t<\/div>\n\t\t\t\t<div class=\"elementor-element elementor-element-6413106 elementor-widget elementor-widget-heading\" data-id=\"6413106\" data-element_type=\"widget\" data-widget_type=\"heading.default\">\n\t\t\t\t<div class=\"elementor-widget-container\">\n\t\t\t\t\t<h3 class=\"elementor-heading-title elementor-size-default\">dise\u00f1o de p\u00e1gina web de una sola p\u00e1gina (one-page)<\/h3>\t\t\t\t<\/div>\n\t\t\t\t<\/div>\n\t\t\t\t<\/div>\n\t\t<div class=\"elementor-element elementor-element-019ded5 e-con-full e-flex e-con e-child\" data-id=\"019ded5\" data-element_type=\"container\">\n\t\t\t\t<div class=\"elementor-element elementor-element-78c8703 elementor-hidden-mobile elementor-widget elementor-widget-spacer\" data-id=\"78c8703\" data-element_type=\"widget\" data-widget_type=\"spacer.default\">\n\t\t\t\t<div class=\"elementor-widget-container\">\n\t\t\t\t\t\t\t<div class=\"elementor-spacer\">\n\t\t\t<div class=\"elementor-spacer-inner\"><\/div>\n\t\t<\/div>\n\t\t\t\t\t\t<\/div>\n\t\t\t\t<\/div>\n\t\t\t\t<div class=\"elementor-element elementor-element-cbbdb61 elementor-widget elementor-widget-heading\" data-id=\"cbbdb61\" data-element_type=\"widget\" data-widget_type=\"heading.default\">\n\t\t\t\t<div class=\"elementor-widget-container\">\n\t\t\t\t\t<p class=\"elementor-heading-title elementor-size-default\"><b>Servicios Legales Mineros (SLM)<\/b> es un despacho boutique especializado en derecho minero en M\u00e9xico. Su objetivo principal era contar con una presencia digital s\u00f3lida y profesional que transmitiera confianza a clientes nacionales e internacionales.\n<br><br>\nEl reto fue transmitir confianza, profesionalismo y solidez a trav\u00e9s de una identidad visual sobria y un sitio web que comunicara claramente sus servicios. Desarrollamos su identidad corporativa y un <b>sitio web de una sola p\u00e1gina (one-page)<\/b> que refuerza la seriedad del despacho al mismo tiempo que proyecta una imagen moderna.<\/p>\t\t\t\t<\/div>\n\t\t\t\t<\/div>\n\t\t\t\t<div class=\"elementor-element elementor-element-6609069 elementor-widget elementor-widget-spacer\" data-id=\"6609069\" data-element_type=\"widget\" data-widget_type=\"spacer.default\">\n\t\t\t\t<div class=\"elementor-widget-container\">\n\t\t\t\t\t\t\t<div class=\"elementor-spacer\">\n\t\t\t<div class=\"elementor-spacer-inner\"><\/div>\n\t\t<\/div>\n\t\t\t\t\t\t<\/div>\n\t\t\t\t<\/div>\n\t\t\t\t<\/div>\n\t\t<div class=\"elementor-element elementor-element-85ec7e5 e-con-full e-flex e-con e-child\" data-id=\"85ec7e5\" data-element_type=\"container\">\n\t\t\t\t<\/div>\n\t\t\t\t<\/div>\n\t\t<div class=\"elementor-element elementor-element-6a88903 e-con-full e-flex e-con e-parent\" data-id=\"6a88903\" data-element_type=\"container\" data-settings=\"{&quot;background_background&quot;:&quot;classic&quot;}\">\n\t\t<div class=\"elementor-element elementor-element-c88a00b e-con-full e-flex e-con e-child\" data-id=\"c88a00b\" data-element_type=\"container\">\n\t\t\t\t<\/div>\n\t\t<div class=\"elementor-element elementor-element-e1a87e8 e-con-full e-flex e-con e-child\" data-id=\"e1a87e8\" data-element_type=\"container\">\n\t\t\t\t<div class=\"elementor-element elementor-element-90bb697 elementor-widget elementor-widget-image\" data-id=\"90bb697\" data-element_type=\"widget\" data-widget_type=\"image.default\">\n\t\t\t\t<div class=\"elementor-widget-container\">\n\t\t\t\t\t\t\t\t\t\t\t\t\t\t\t<img decoding=\"async\" width=\"2246\" height=\"1488\" src=\"https:\/\/rivasmercado.com\/wp-content\/uploads\/2025\/08\/Web-SLM-3.jpg\" class=\"attachment-full size-full wp-image-381639\" alt=\"\" srcset=\"https:\/\/rivasmercado.com\/wp-content\/uploads\/2025\/08\/Web-SLM-3.jpg 2246w, https:\/\/rivasmercado.com\/wp-content\/uploads\/2025\/08\/Web-SLM-3-300x199.jpg 300w, https:\/\/rivasmercado.com\/wp-content\/uploads\/2025\/08\/Web-SLM-3-1024x678.jpg 1024w, https:\/\/rivasmercado.com\/wp-content\/uploads\/2025\/08\/Web-SLM-3-768x509.jpg 768w, https:\/\/rivasmercado.com\/wp-content\/uploads\/2025\/08\/Web-SLM-3-1536x1018.jpg 1536w, https:\/\/rivasmercado.com\/wp-content\/uploads\/2025\/08\/Web-SLM-3-2048x1357.jpg 2048w, https:\/\/rivasmercado.com\/wp-content\/uploads\/2025\/08\/Web-SLM-3-18x12.jpg 18w\" sizes=\"(max-width: 2246px) 100vw, 2246px\" \/>\t\t\t\t\t\t\t\t\t\t\t\t\t\t\t<\/div>\n\t\t\t\t<\/div>\n\t\t\t\t<\/div>\n\t\t<div class=\"elementor-element elementor-element-1b7128d e-con-full e-flex e-con e-child\" data-id=\"1b7128d\" data-element_type=\"container\">\n\t\t\t\t<\/div>\n\t\t\t\t<\/div>\n\t\t<div class=\"elementor-element elementor-element-3195202 e-con-full e-flex e-con e-parent\" data-id=\"3195202\" data-element_type=\"container\">\n\t\t<div class=\"elementor-element elementor-element-0713972 e-con-full e-flex e-con e-child\" data-id=\"0713972\" data-element_type=\"container\">\n\t\t\t\t<\/div>\n\t\t<div class=\"elementor-element elementor-element-3e1d7c1 e-con-full e-flex e-con e-child\" data-id=\"3e1d7c1\" data-element_type=\"container\">\n\t\t\t\t<div class=\"elementor-element elementor-element-33fa421 elementor-widget elementor-widget-spacer\" data-id=\"33fa421\" data-element_type=\"widget\" data-widget_type=\"spacer.default\">\n\t\t\t\t<div class=\"elementor-widget-container\">\n\t\t\t\t\t\t\t<div class=\"elementor-spacer\">\n\t\t\t<div class=\"elementor-spacer-inner\"><\/div>\n\t\t<\/div>\n\t\t\t\t\t\t<\/div>\n\t\t\t\t<\/div>\n\t\t\t\t<div class=\"elementor-element elementor-element-23c424c elementor-widget elementor-widget-heading\" data-id=\"23c424c\" data-element_type=\"widget\" data-widget_type=\"heading.default\">\n\t\t\t\t<div class=\"elementor-widget-container\">\n\t\t\t\t\t<h2 class=\"elementor-heading-title elementor-size-default\">estrategia y<br>enfoque ux\/ui<\/h2>\t\t\t\t<\/div>\n\t\t\t\t<\/div>\n\t\t\t\t<div class=\"elementor-element elementor-element-c6fb0dc elementor-widget elementor-widget-heading\" data-id=\"c6fb0dc\" data-element_type=\"widget\" data-widget_type=\"heading.default\">\n\t\t\t\t<div class=\"elementor-widget-container\">\n\t\t\t\t\t<h3 class=\"elementor-heading-title elementor-size-default\">que hicimos<\/h3>\t\t\t\t<\/div>\n\t\t\t\t<\/div>\n\t\t\t\t<\/div>\n\t\t<div class=\"elementor-element elementor-element-edcb948 e-con-full e-flex e-con e-child\" data-id=\"edcb948\" data-element_type=\"container\">\n\t\t\t\t<div class=\"elementor-element elementor-element-2af6fd6 elementor-hidden-mobile elementor-widget elementor-widget-spacer\" data-id=\"2af6fd6\" data-element_type=\"widget\" data-widget_type=\"spacer.default\">\n\t\t\t\t<div class=\"elementor-widget-container\">\n\t\t\t\t\t\t\t<div class=\"elementor-spacer\">\n\t\t\t<div class=\"elementor-spacer-inner\"><\/div>\n\t\t<\/div>\n\t\t\t\t\t\t<\/div>\n\t\t\t\t<\/div>\n\t\t\t\t<div class=\"elementor-element elementor-element-16e2c5a elementor-widget elementor-widget-heading\" data-id=\"16e2c5a\" data-element_type=\"widget\" data-widget_type=\"heading.default\">\n\t\t\t\t<div class=\"elementor-widget-container\">\n\t\t\t\t\t<p class=\"elementor-heading-title elementor-size-default\">Para lograr una presencia digital profesional y moderna, estructuramos un <b>sitio web de una sola p\u00e1gina<\/b> enfocado en la claridad y la credibilidad.\n<br><br>\nLa navegaci\u00f3n se plante\u00f3 simple y directa, destacando los servicios clave, los a\u00f1os de experiencia y el liderazgo del despacho en derecho minero. La tipograf\u00eda, la paleta de colores y la composici\u00f3n visual se eligieron para transmitir seriedad y profesionalismo, manteniendo al mismo tiempo una experiencia limpia e intuitiva para el usuario.\n<br><br>\nSe a\u00f1adieron llamados a la acci\u00f3n estrat\u00e9gicos que invitan al contacto directo con el despacho, convirtiendo al sitio no solo en una vitrina de experiencia, sino tambi\u00e9n en una herramienta funcional de generaci\u00f3n de clientes.<\/p>\t\t\t\t<\/div>\n\t\t\t\t<\/div>\n\t\t\t\t<div class=\"elementor-element elementor-element-a613c33 elementor-widget elementor-widget-spacer\" data-id=\"a613c33\" data-element_type=\"widget\" data-widget_type=\"spacer.default\">\n\t\t\t\t<div class=\"elementor-widget-container\">\n\t\t\t\t\t\t\t<div class=\"elementor-spacer\">\n\t\t\t<div class=\"elementor-spacer-inner\"><\/div>\n\t\t<\/div>\n\t\t\t\t\t\t<\/div>\n\t\t\t\t<\/div>\n\t\t\t\t<\/div>\n\t\t<div class=\"elementor-element elementor-element-24c7fd2 e-con-full e-flex e-con e-child\" data-id=\"24c7fd2\" data-element_type=\"container\">\n\t\t\t\t<\/div>\n\t\t\t\t<\/div>\n\t\t\t\t<section class=\"elementor-section elementor-top-section elementor-element elementor-element-a6c29f5 elementor-section-full_width elementor-section-height-min-height elementor-section-height-default elementor-section-items-middle\" data-id=\"a6c29f5\" data-element_type=\"section\" data-settings=\"{&quot;background_background&quot;:&quot;classic&quot;}\">\n\t\t\t\t\t\t<div class=\"elementor-container elementor-column-gap-no\">\n\t\t\t\t\t<div class=\"elementor-column elementor-col-33 elementor-top-column elementor-element elementor-element-0172d12\" data-id=\"0172d12\" data-element_type=\"column\">\n\t\t\t<div class=\"elementor-widget-wrap\">\n\t\t\t\t\t\t\t<\/div>\n\t\t<\/div>\n\t\t\t\t<div class=\"elementor-column elementor-col-33 elementor-top-column elementor-element elementor-element-64dc5d8\" data-id=\"64dc5d8\" data-element_type=\"column\">\n\t\t\t<div class=\"elementor-widget-wrap elementor-element-populated\">\n\t\t\t\t\t\t<div class=\"elementor-element elementor-element-6df7221 elementor-widget elementor-widget-image\" data-id=\"6df7221\" data-element_type=\"widget\" data-widget_type=\"image.default\">\n\t\t\t\t<div class=\"elementor-widget-container\">\n\t\t\t\t\t\t\t\t\t\t\t\t\t\t\t<img decoding=\"async\" width=\"2105\" height=\"1631\" src=\"https:\/\/rivasmercado.com\/wp-content\/uploads\/2025\/08\/Web-SLM-4.jpg\" class=\"attachment-full size-full wp-image-381643\" alt=\"\" srcset=\"https:\/\/rivasmercado.com\/wp-content\/uploads\/2025\/08\/Web-SLM-4.jpg 2105w, https:\/\/rivasmercado.com\/wp-content\/uploads\/2025\/08\/Web-SLM-4-300x232.jpg 300w, https:\/\/rivasmercado.com\/wp-content\/uploads\/2025\/08\/Web-SLM-4-1024x793.jpg 1024w, https:\/\/rivasmercado.com\/wp-content\/uploads\/2025\/08\/Web-SLM-4-768x595.jpg 768w, https:\/\/rivasmercado.com\/wp-content\/uploads\/2025\/08\/Web-SLM-4-1536x1190.jpg 1536w, https:\/\/rivasmercado.com\/wp-content\/uploads\/2025\/08\/Web-SLM-4-2048x1587.jpg 2048w, https:\/\/rivasmercado.com\/wp-content\/uploads\/2025\/08\/Web-SLM-4-15x12.jpg 15w\" sizes=\"(max-width: 2105px) 100vw, 2105px\" \/>\t\t\t\t\t\t\t\t\t\t\t\t\t\t\t<\/div>\n\t\t\t\t<\/div>\n\t\t\t\t\t<\/div>\n\t\t<\/div>\n\t\t\t\t<div class=\"elementor-column elementor-col-33 elementor-top-column elementor-element elementor-element-9f8d852\" data-id=\"9f8d852\" data-element_type=\"column\">\n\t\t\t<div class=\"elementor-widget-wrap\">\n\t\t\t\t\t\t\t<\/div>\n\t\t<\/div>\n\t\t\t\t\t<\/div>\n\t\t<\/section>\n\t\t<div class=\"elementor-element elementor-element-08a9ca4 e-con-full e-flex e-con e-parent\" data-id=\"08a9ca4\" data-element_type=\"container\">\n\t\t<div class=\"elementor-element elementor-element-b002ef6 e-con-full elementor-hidden-mobile e-flex e-con e-child\" data-id=\"b002ef6\" data-element_type=\"container\">\n\t\t\t\t<\/div>\n\t\t<div class=\"elementor-element elementor-element-dfab34c e-con-full e-flex e-con e-child\" data-id=\"dfab34c\" data-element_type=\"container\">\n\t\t\t\t<div class=\"elementor-element elementor-element-7646283 elementor-widget elementor-widget-spacer\" data-id=\"7646283\" data-element_type=\"widget\" data-widget_type=\"spacer.default\">\n\t\t\t\t<div class=\"elementor-widget-container\">\n\t\t\t\t\t\t\t<div class=\"elementor-spacer\">\n\t\t\t<div class=\"elementor-spacer-inner\"><\/div>\n\t\t<\/div>\n\t\t\t\t\t\t<\/div>\n\t\t\t\t<\/div>\n\t\t\t\t<div class=\"elementor-element elementor-element-1153de1 elementor-widget elementor-widget-heading\" data-id=\"1153de1\" data-element_type=\"widget\" data-widget_type=\"heading.default\">\n\t\t\t\t<div class=\"elementor-widget-container\">\n\t\t\t\t\t<h2 class=\"elementor-heading-title elementor-size-default\">impacto del dise\u00f1o\n<\/h2>\t\t\t\t<\/div>\n\t\t\t\t<\/div>\n\t\t\t\t<div class=\"elementor-element elementor-element-32b05ef elementor-widget elementor-widget-heading\" data-id=\"32b05ef\" data-element_type=\"widget\" data-widget_type=\"heading.default\">\n\t\t\t\t<div class=\"elementor-widget-container\">\n\t\t\t\t\t<h3 class=\"elementor-heading-title elementor-size-default\">qu\u00e9 conseguimos<\/h3>\t\t\t\t<\/div>\n\t\t\t\t<\/div>\n\t\t\t\t<\/div>\n\t\t<div class=\"elementor-element elementor-element-074664c e-con-full e-flex e-con e-child\" data-id=\"074664c\" data-element_type=\"container\">\n\t\t\t\t<div class=\"elementor-element elementor-element-2d07c88 elementor-hidden-mobile elementor-widget elementor-widget-spacer\" data-id=\"2d07c88\" data-element_type=\"widget\" data-widget_type=\"spacer.default\">\n\t\t\t\t<div class=\"elementor-widget-container\">\n\t\t\t\t\t\t\t<div class=\"elementor-spacer\">\n\t\t\t<div class=\"elementor-spacer-inner\"><\/div>\n\t\t<\/div>\n\t\t\t\t\t\t<\/div>\n\t\t\t\t<\/div>\n\t\t\t\t<div class=\"elementor-element elementor-element-1a72566 elementor-widget elementor-widget-heading\" data-id=\"1a72566\" data-element_type=\"widget\" data-widget_type=\"heading.default\">\n\t\t\t\t<div class=\"elementor-widget-container\">\n\t\t\t\t\t<p class=\"elementor-heading-title elementor-size-default\">El sitio web consolid\u00f3 la presencia digital de <b>SLM<\/b> , mostrando de forma clara sus principales servicios, experiencia y trayectoria en derecho minero. La interfaz limpia, acompa\u00f1ada de llamados a la acci\u00f3n estrat\u00e9gicos, gener\u00f3 una experiencia profesional y confiable para los usuarios.\n<br><br>\nCon la identidad visual y el dise\u00f1o web, <b>Servicios Legales Mineros<\/b> logr\u00f3 comunicar la seriedad y especializaci\u00f3n de su pr\u00e1ctica, posicion\u00e1ndose como un despacho boutique s\u00f3lido y confiable dentro del sector.<\/p>\t\t\t\t<\/div>\n\t\t\t\t<\/div>\n\t\t\t\t<div class=\"elementor-element elementor-element-8c58cf7 elementor-widget elementor-widget-spacer\" data-id=\"8c58cf7\" data-element_type=\"widget\" data-widget_type=\"spacer.default\">\n\t\t\t\t<div class=\"elementor-widget-container\">\n\t\t\t\t\t\t\t<div class=\"elementor-spacer\">\n\t\t\t<div class=\"elementor-spacer-inner\"><\/div>\n\t\t<\/div>\n\t\t\t\t\t\t<\/div>\n\t\t\t\t<\/div>\n\t\t\t\t<\/div>\n\t\t<div class=\"elementor-element elementor-element-ef7726f e-con-full e-flex e-con e-child\" data-id=\"ef7726f\" data-element_type=\"container\">\n\t\t\t\t<\/div>\n\t\t\t\t<\/div>\n\t\t\t\t<\/div>","protected":false},"excerpt":{"rendered":"<p>Servicios Legales Mineros \u2014 UX\/UI design and single-page website development intro \/ concept single page website design Servicios Legales Mineros (SLM) is a boutique law firm specialized in mining law in Mexico. With over two decades of experience, their mission is to provide high-level legal solutions and strategic advice for companies in the extractive industry. [&hellip;]<\/p>\n","protected":false},"author":1,"featured_media":0,"parent":0,"menu_order":0,"comment_status":"closed","ping_status":"closed","template":"elementor_header_footer","meta":{"footnotes":""},"class_list":["post-381381","page","type-page","status-publish","hentry"],"_links":{"self":[{"href":"https:\/\/rivasmercado.com\/es\/wp-json\/wp\/v2\/pages\/381381","targetHints":{"allow":["GET"]}}],"collection":[{"href":"https:\/\/rivasmercado.com\/es\/wp-json\/wp\/v2\/pages"}],"about":[{"href":"https:\/\/rivasmercado.com\/es\/wp-json\/wp\/v2\/types\/page"}],"author":[{"embeddable":true,"href":"https:\/\/rivasmercado.com\/es\/wp-json\/wp\/v2\/users\/1"}],"replies":[{"embeddable":true,"href":"https:\/\/rivasmercado.com\/es\/wp-json\/wp\/v2\/comments?post=381381"}],"version-history":[{"count":64,"href":"https:\/\/rivasmercado.com\/es\/wp-json\/wp\/v2\/pages\/381381\/revisions"}],"predecessor-version":[{"id":381667,"href":"https:\/\/rivasmercado.com\/es\/wp-json\/wp\/v2\/pages\/381381\/revisions\/381667"}],"wp:attachment":[{"href":"https:\/\/rivasmercado.com\/es\/wp-json\/wp\/v2\/media?parent=381381"}],"curies":[{"name":"wp","href":"https:\/\/api.w.org\/{rel}","templated":true}]}}