{"id":381398,"date":"2025-08-26T22:37:04","date_gmt":"2025-08-26T22:37:04","guid":{"rendered":"https:\/\/rivasmercado.com\/?page_id=381398"},"modified":"2025-08-28T00:35:38","modified_gmt":"2025-08-28T00:35:38","slug":"emocionate-ux","status":"publish","type":"page","link":"https:\/\/rivasmercado.com\/es\/emocionate-ux\/","title":{"rendered":"Emoci\u00f3nate"},"content":{"rendered":"<div data-elementor-type=\"wp-page\" data-elementor-id=\"381398\" class=\"elementor elementor-381398\" data-elementor-post-type=\"page\">\n\t\t\t\t<div class=\"elementor-element elementor-element-253d5d7 e-con-full e-flex e-con e-parent\" data-id=\"253d5d7\" data-element_type=\"container\" data-settings=\"{&quot;background_background&quot;:&quot;classic&quot;}\">\n\t\t<div class=\"elementor-element elementor-element-953c132 e-con-full e-flex e-con e-child\" data-id=\"953c132\" data-element_type=\"container\">\n\t\t\t\t<\/div>\n\t\t<div class=\"elementor-element elementor-element-7c79399 e-con-full e-flex e-con e-child\" data-id=\"7c79399\" data-element_type=\"container\">\n\t\t\t\t<div class=\"elementor-element elementor-element-2f588f8 elementor-widget elementor-widget-html\" data-id=\"2f588f8\" data-element_type=\"widget\" data-widget_type=\"html.default\">\n\t\t\t\t<div class=\"elementor-widget-container\">\n\t\t\t\t\t<h1 class=\"visually-hidden\">Emoci\u00f3nate \u2014 dise\u00f1o UX\/UI y desarrollo de sitio web de una sola p\u00e1gina<\/h1>\r\n\t\t\t\t<\/div>\n\t\t\t\t<\/div>\n\t\t\t\t<div class=\"elementor-element elementor-element-a7a1d3e elementor-widget elementor-widget-image\" data-id=\"a7a1d3e\" data-element_type=\"widget\" data-widget_type=\"image.default\">\n\t\t\t\t<div class=\"elementor-widget-container\">\n\t\t\t\t\t\t\t\t\t\t\t\t\t\t\t<img fetchpriority=\"high\" decoding=\"async\" width=\"1486\" height=\"1436\" src=\"https:\/\/rivasmercado.com\/wp-content\/uploads\/2025\/08\/Web-Emocionate-1.jpg\" class=\"attachment-full size-full wp-image-381732\" alt=\"\" srcset=\"https:\/\/rivasmercado.com\/wp-content\/uploads\/2025\/08\/Web-Emocionate-1.jpg 1486w, https:\/\/rivasmercado.com\/wp-content\/uploads\/2025\/08\/Web-Emocionate-1-300x290.jpg 300w, https:\/\/rivasmercado.com\/wp-content\/uploads\/2025\/08\/Web-Emocionate-1-1024x990.jpg 1024w, https:\/\/rivasmercado.com\/wp-content\/uploads\/2025\/08\/Web-Emocionate-1-768x742.jpg 768w, https:\/\/rivasmercado.com\/wp-content\/uploads\/2025\/08\/Web-Emocionate-1-12x12.jpg 12w\" sizes=\"(max-width: 1486px) 100vw, 1486px\" \/>\t\t\t\t\t\t\t\t\t\t\t\t\t\t\t<\/div>\n\t\t\t\t<\/div>\n\t\t\t\t<\/div>\n\t\t<div class=\"elementor-element elementor-element-546473b e-con-full e-flex e-con e-child\" data-id=\"546473b\" data-element_type=\"container\">\n\t\t\t\t<\/div>\n\t\t\t\t<\/div>\n\t\t<div class=\"elementor-element elementor-element-f13f450 e-con-full e-flex e-con e-parent\" data-id=\"f13f450\" data-element_type=\"container\">\n\t\t<div class=\"elementor-element elementor-element-8af8da1 e-con-full e-flex e-con e-child\" data-id=\"8af8da1\" data-element_type=\"container\">\n\t\t\t\t<\/div>\n\t\t<div class=\"elementor-element elementor-element-1ab896c e-con-full e-flex e-con e-child\" data-id=\"1ab896c\" data-element_type=\"container\">\n\t\t\t\t<div class=\"elementor-element elementor-element-9962ec1 elementor-widget elementor-widget-spacer\" data-id=\"9962ec1\" data-element_type=\"widget\" data-widget_type=\"spacer.default\">\n\t\t\t\t<div class=\"elementor-widget-container\">\n\t\t\t\t\t\t\t<div class=\"elementor-spacer\">\n\t\t\t<div class=\"elementor-spacer-inner\"><\/div>\n\t\t<\/div>\n\t\t\t\t\t\t<\/div>\n\t\t\t\t<\/div>\n\t\t\t\t<div class=\"elementor-element elementor-element-c9093c9 elementor-widget elementor-widget-heading\" data-id=\"c9093c9\" data-element_type=\"widget\" data-widget_type=\"heading.default\">\n\t\t\t\t<div class=\"elementor-widget-container\">\n\t\t\t\t\t<h2 class=\"elementor-heading-title elementor-size-default\">intro \/ concepto<\/h2>\t\t\t\t<\/div>\n\t\t\t\t<\/div>\n\t\t\t\t<div class=\"elementor-element elementor-element-6413106 elementor-widget elementor-widget-heading\" data-id=\"6413106\" data-element_type=\"widget\" data-widget_type=\"heading.default\">\n\t\t\t\t<div class=\"elementor-widget-container\">\n\t\t\t\t\t<h3 class=\"elementor-heading-title elementor-size-default\">dise\u00f1o de p\u00e1gina web de una sola p\u00e1gina (one-page)<\/h3>\t\t\t\t<\/div>\n\t\t\t\t<\/div>\n\t\t\t\t<\/div>\n\t\t<div class=\"elementor-element elementor-element-019ded5 e-con-full e-flex e-con e-child\" data-id=\"019ded5\" data-element_type=\"container\">\n\t\t\t\t<div class=\"elementor-element elementor-element-78c8703 elementor-hidden-mobile elementor-widget elementor-widget-spacer\" data-id=\"78c8703\" data-element_type=\"widget\" data-widget_type=\"spacer.default\">\n\t\t\t\t<div class=\"elementor-widget-container\">\n\t\t\t\t\t\t\t<div class=\"elementor-spacer\">\n\t\t\t<div class=\"elementor-spacer-inner\"><\/div>\n\t\t<\/div>\n\t\t\t\t\t\t<\/div>\n\t\t\t\t<\/div>\n\t\t\t\t<div class=\"elementor-element elementor-element-cbbdb61 elementor-widget elementor-widget-heading\" data-id=\"cbbdb61\" data-element_type=\"widget\" data-widget_type=\"heading.default\">\n\t\t\t\t<div class=\"elementor-widget-container\">\n\t\t\t\t\t<p class=\"elementor-heading-title elementor-size-default\"><b>Emoci\u00f3nate<\/b> es un espacio de psicolog\u00eda especializado en ni\u00f1os y adolescentes, creado por la psic\u00f3loga <b>Lorena Sordo Guevara<\/b>El reto era transmitir la calidez y cercan\u00eda de la marca a trav\u00e9s de un sitio web que reflejara una identidad amigable, profesional y atractiva para padres y pacientes.\n<br><br>\nDesarrollamos un <b>sitio web de una sola p\u00e1gina (one-page)<\/b> que re\u00fane la esencia del proyecto: accesible, moderno y f\u00e1cil de navegar, con un lenguaje visual coherente con la identidad gr\u00e1fica ya creada.<\/p>\t\t\t\t<\/div>\n\t\t\t\t<\/div>\n\t\t\t\t<div class=\"elementor-element elementor-element-6609069 elementor-widget elementor-widget-spacer\" data-id=\"6609069\" data-element_type=\"widget\" data-widget_type=\"spacer.default\">\n\t\t\t\t<div class=\"elementor-widget-container\">\n\t\t\t\t\t\t\t<div class=\"elementor-spacer\">\n\t\t\t<div class=\"elementor-spacer-inner\"><\/div>\n\t\t<\/div>\n\t\t\t\t\t\t<\/div>\n\t\t\t\t<\/div>\n\t\t\t\t<\/div>\n\t\t<div class=\"elementor-element elementor-element-85ec7e5 e-con-full e-flex e-con e-child\" data-id=\"85ec7e5\" data-element_type=\"container\">\n\t\t\t\t<\/div>\n\t\t\t\t<\/div>\n\t\t<div class=\"elementor-element elementor-element-db32a3c e-con-full e-flex e-con e-parent\" data-id=\"db32a3c\" data-element_type=\"container\" data-settings=\"{&quot;background_background&quot;:&quot;classic&quot;}\">\n\t\t<div class=\"elementor-element elementor-element-3370bae e-con-full e-flex e-con e-child\" data-id=\"3370bae\" data-element_type=\"container\">\n\t\t\t\t<\/div>\n\t\t<div class=\"elementor-element elementor-element-084595c e-con-full e-flex e-con e-child\" data-id=\"084595c\" data-element_type=\"container\">\n\t\t\t\t<div class=\"elementor-element elementor-element-21fc523 elementor-widget elementor-widget-image\" data-id=\"21fc523\" data-element_type=\"widget\" data-widget_type=\"image.default\">\n\t\t\t\t<div class=\"elementor-widget-container\">\n\t\t\t\t\t\t\t\t\t\t\t\t\t\t\t<img decoding=\"async\" width=\"2346\" height=\"1289\" src=\"https:\/\/rivasmercado.com\/wp-content\/uploads\/2025\/08\/Web-Emocionate-3.jpg\" class=\"attachment-full size-full wp-image-381736\" alt=\"\" srcset=\"https:\/\/rivasmercado.com\/wp-content\/uploads\/2025\/08\/Web-Emocionate-3.jpg 2346w, https:\/\/rivasmercado.com\/wp-content\/uploads\/2025\/08\/Web-Emocionate-3-300x165.jpg 300w, https:\/\/rivasmercado.com\/wp-content\/uploads\/2025\/08\/Web-Emocionate-3-1024x563.jpg 1024w, https:\/\/rivasmercado.com\/wp-content\/uploads\/2025\/08\/Web-Emocionate-3-768x422.jpg 768w, https:\/\/rivasmercado.com\/wp-content\/uploads\/2025\/08\/Web-Emocionate-3-1536x844.jpg 1536w, https:\/\/rivasmercado.com\/wp-content\/uploads\/2025\/08\/Web-Emocionate-3-2048x1125.jpg 2048w, https:\/\/rivasmercado.com\/wp-content\/uploads\/2025\/08\/Web-Emocionate-3-18x10.jpg 18w\" sizes=\"(max-width: 2346px) 100vw, 2346px\" \/>\t\t\t\t\t\t\t\t\t\t\t\t\t\t\t<\/div>\n\t\t\t\t<\/div>\n\t\t\t\t<\/div>\n\t\t<div class=\"elementor-element elementor-element-989ec96 e-con-full e-flex e-con e-child\" data-id=\"989ec96\" data-element_type=\"container\">\n\t\t\t\t<\/div>\n\t\t\t\t<\/div>\n\t\t<div class=\"elementor-element elementor-element-3195202 e-con-full e-flex e-con e-parent\" data-id=\"3195202\" data-element_type=\"container\">\n\t\t<div class=\"elementor-element elementor-element-0713972 e-con-full e-flex e-con e-child\" data-id=\"0713972\" data-element_type=\"container\">\n\t\t\t\t<\/div>\n\t\t<div class=\"elementor-element elementor-element-3e1d7c1 e-con-full e-flex e-con e-child\" data-id=\"3e1d7c1\" data-element_type=\"container\">\n\t\t\t\t<div class=\"elementor-element elementor-element-33fa421 elementor-widget elementor-widget-spacer\" data-id=\"33fa421\" data-element_type=\"widget\" data-widget_type=\"spacer.default\">\n\t\t\t\t<div class=\"elementor-widget-container\">\n\t\t\t\t\t\t\t<div class=\"elementor-spacer\">\n\t\t\t<div class=\"elementor-spacer-inner\"><\/div>\n\t\t<\/div>\n\t\t\t\t\t\t<\/div>\n\t\t\t\t<\/div>\n\t\t\t\t<div class=\"elementor-element elementor-element-23c424c elementor-widget elementor-widget-heading\" data-id=\"23c424c\" data-element_type=\"widget\" data-widget_type=\"heading.default\">\n\t\t\t\t<div class=\"elementor-widget-container\">\n\t\t\t\t\t<h2 class=\"elementor-heading-title elementor-size-default\">estrategia y<br>enfoque ux\/ui<\/h2>\t\t\t\t<\/div>\n\t\t\t\t<\/div>\n\t\t\t\t<div class=\"elementor-element elementor-element-c6fb0dc elementor-widget elementor-widget-heading\" data-id=\"c6fb0dc\" data-element_type=\"widget\" data-widget_type=\"heading.default\">\n\t\t\t\t<div class=\"elementor-widget-container\">\n\t\t\t\t\t<h3 class=\"elementor-heading-title elementor-size-default\">que hicimos<\/h3>\t\t\t\t<\/div>\n\t\t\t\t<\/div>\n\t\t\t\t<\/div>\n\t\t<div class=\"elementor-element elementor-element-edcb948 e-con-full e-flex e-con e-child\" data-id=\"edcb948\" data-element_type=\"container\">\n\t\t\t\t<div class=\"elementor-element elementor-element-2af6fd6 elementor-hidden-mobile elementor-widget elementor-widget-spacer\" data-id=\"2af6fd6\" data-element_type=\"widget\" data-widget_type=\"spacer.default\">\n\t\t\t\t<div class=\"elementor-widget-container\">\n\t\t\t\t\t\t\t<div class=\"elementor-spacer\">\n\t\t\t<div class=\"elementor-spacer-inner\"><\/div>\n\t\t<\/div>\n\t\t\t\t\t\t<\/div>\n\t\t\t\t<\/div>\n\t\t\t\t<div class=\"elementor-element elementor-element-16e2c5a elementor-widget elementor-widget-heading\" data-id=\"16e2c5a\" data-element_type=\"widget\" data-widget_type=\"heading.default\">\n\t\t\t\t<div class=\"elementor-widget-container\">\n\t\t\t\t\t<p class=\"elementor-heading-title elementor-size-default\">La estrategia se centr\u00f3 en dise\u00f1ar un <b>sitio de una sola p\u00e1gina<\/b> con estructura clara y navegaci\u00f3n intuitiva, donde la informaci\u00f3n principal \u2014qui\u00e9n es la psic\u00f3loga, servicios, preguntas frecuentes y contacto\u2014 pudiera encontrarse de forma r\u00e1pida y atractiva.\n<br><br>\nLos elementos visuales, colores y tipograf\u00eda fueron integrados para reforzar la identidad cercana y juvenil de <b>Emoci\u00f3nate<\/b> , generando confianza y conexi\u00f3n emocional. Se incorporaron secciones interactivas y micro-animaciones que dan dinamismo sin perder la sencillez.<\/p>\t\t\t\t<\/div>\n\t\t\t\t<\/div>\n\t\t\t\t<div class=\"elementor-element elementor-element-a613c33 elementor-widget elementor-widget-spacer\" data-id=\"a613c33\" data-element_type=\"widget\" data-widget_type=\"spacer.default\">\n\t\t\t\t<div class=\"elementor-widget-container\">\n\t\t\t\t\t\t\t<div class=\"elementor-spacer\">\n\t\t\t<div class=\"elementor-spacer-inner\"><\/div>\n\t\t<\/div>\n\t\t\t\t\t\t<\/div>\n\t\t\t\t<\/div>\n\t\t\t\t<\/div>\n\t\t<div class=\"elementor-element elementor-element-24c7fd2 e-con-full e-flex e-con e-child\" data-id=\"24c7fd2\" data-element_type=\"container\">\n\t\t\t\t<\/div>\n\t\t\t\t<\/div>\n\t\t\t\t<section class=\"elementor-section elementor-top-section elementor-element elementor-element-a6c29f5 elementor-section-full_width elementor-section-height-min-height elementor-section-height-default elementor-section-items-middle\" data-id=\"a6c29f5\" data-element_type=\"section\" data-settings=\"{&quot;background_background&quot;:&quot;classic&quot;}\">\n\t\t\t\t\t\t<div class=\"elementor-container elementor-column-gap-no\">\n\t\t\t\t\t<div class=\"elementor-column elementor-col-33 elementor-top-column elementor-element elementor-element-0172d12\" data-id=\"0172d12\" data-element_type=\"column\">\n\t\t\t<div class=\"elementor-widget-wrap\">\n\t\t\t\t\t\t\t<\/div>\n\t\t<\/div>\n\t\t\t\t<div class=\"elementor-column elementor-col-33 elementor-top-column elementor-element elementor-element-64dc5d8\" data-id=\"64dc5d8\" data-element_type=\"column\">\n\t\t\t<div class=\"elementor-widget-wrap elementor-element-populated\">\n\t\t\t\t\t\t<div class=\"elementor-element elementor-element-6df7221 elementor-widget elementor-widget-image\" data-id=\"6df7221\" data-element_type=\"widget\" data-widget_type=\"image.default\">\n\t\t\t\t<div class=\"elementor-widget-container\">\n\t\t\t\t\t\t\t\t\t\t\t\t\t\t\t<img decoding=\"async\" width=\"1968\" height=\"1579\" src=\"https:\/\/rivasmercado.com\/wp-content\/uploads\/2025\/08\/Web-Emocionate-4.jpg\" class=\"attachment-full size-full wp-image-381740\" alt=\"\" srcset=\"https:\/\/rivasmercado.com\/wp-content\/uploads\/2025\/08\/Web-Emocionate-4.jpg 1968w, https:\/\/rivasmercado.com\/wp-content\/uploads\/2025\/08\/Web-Emocionate-4-300x241.jpg 300w, https:\/\/rivasmercado.com\/wp-content\/uploads\/2025\/08\/Web-Emocionate-4-1024x822.jpg 1024w, https:\/\/rivasmercado.com\/wp-content\/uploads\/2025\/08\/Web-Emocionate-4-768x616.jpg 768w, https:\/\/rivasmercado.com\/wp-content\/uploads\/2025\/08\/Web-Emocionate-4-1536x1232.jpg 1536w, https:\/\/rivasmercado.com\/wp-content\/uploads\/2025\/08\/Web-Emocionate-4-15x12.jpg 15w\" sizes=\"(max-width: 1968px) 100vw, 1968px\" \/>\t\t\t\t\t\t\t\t\t\t\t\t\t\t\t<\/div>\n\t\t\t\t<\/div>\n\t\t\t\t\t<\/div>\n\t\t<\/div>\n\t\t\t\t<div class=\"elementor-column elementor-col-33 elementor-top-column elementor-element elementor-element-9f8d852\" data-id=\"9f8d852\" data-element_type=\"column\">\n\t\t\t<div class=\"elementor-widget-wrap\">\n\t\t\t\t\t\t\t<\/div>\n\t\t<\/div>\n\t\t\t\t\t<\/div>\n\t\t<\/section>\n\t\t<div class=\"elementor-element elementor-element-08a9ca4 e-con-full e-flex e-con e-parent\" data-id=\"08a9ca4\" data-element_type=\"container\">\n\t\t<div class=\"elementor-element elementor-element-b002ef6 e-con-full elementor-hidden-mobile e-flex e-con e-child\" data-id=\"b002ef6\" data-element_type=\"container\">\n\t\t\t\t<\/div>\n\t\t<div class=\"elementor-element elementor-element-dfab34c e-con-full e-flex e-con e-child\" data-id=\"dfab34c\" data-element_type=\"container\">\n\t\t\t\t<div class=\"elementor-element elementor-element-7646283 elementor-widget elementor-widget-spacer\" data-id=\"7646283\" data-element_type=\"widget\" data-widget_type=\"spacer.default\">\n\t\t\t\t<div class=\"elementor-widget-container\">\n\t\t\t\t\t\t\t<div class=\"elementor-spacer\">\n\t\t\t<div class=\"elementor-spacer-inner\"><\/div>\n\t\t<\/div>\n\t\t\t\t\t\t<\/div>\n\t\t\t\t<\/div>\n\t\t\t\t<div class=\"elementor-element elementor-element-1153de1 elementor-widget elementor-widget-heading\" data-id=\"1153de1\" data-element_type=\"widget\" data-widget_type=\"heading.default\">\n\t\t\t\t<div class=\"elementor-widget-container\">\n\t\t\t\t\t<h2 class=\"elementor-heading-title elementor-size-default\">impacto del dise\u00f1o\n<\/h2>\t\t\t\t<\/div>\n\t\t\t\t<\/div>\n\t\t\t\t<div class=\"elementor-element elementor-element-32b05ef elementor-widget elementor-widget-heading\" data-id=\"32b05ef\" data-element_type=\"widget\" data-widget_type=\"heading.default\">\n\t\t\t\t<div class=\"elementor-widget-container\">\n\t\t\t\t\t<h3 class=\"elementor-heading-title elementor-size-default\">qu\u00e9 conseguimos<\/h3>\t\t\t\t<\/div>\n\t\t\t\t<\/div>\n\t\t\t\t<\/div>\n\t\t<div class=\"elementor-element elementor-element-074664c e-con-full e-flex e-con e-child\" data-id=\"074664c\" data-element_type=\"container\">\n\t\t\t\t<div class=\"elementor-element elementor-element-2d07c88 elementor-hidden-mobile elementor-widget elementor-widget-spacer\" data-id=\"2d07c88\" data-element_type=\"widget\" data-widget_type=\"spacer.default\">\n\t\t\t\t<div class=\"elementor-widget-container\">\n\t\t\t\t\t\t\t<div class=\"elementor-spacer\">\n\t\t\t<div class=\"elementor-spacer-inner\"><\/div>\n\t\t<\/div>\n\t\t\t\t\t\t<\/div>\n\t\t\t\t<\/div>\n\t\t\t\t<div class=\"elementor-element elementor-element-1a72566 elementor-widget elementor-widget-heading\" data-id=\"1a72566\" data-element_type=\"widget\" data-widget_type=\"heading.default\">\n\t\t\t\t<div class=\"elementor-widget-container\">\n\t\t\t\t\t<p class=\"elementor-heading-title elementor-size-default\">El sitio web permiti\u00f3 a <b>Emoci\u00f3nate<\/b> contar con una <b>plataforma digital \u00fanica y profesional<\/b> , alineada con su propuesta terap\u00e9utica innovadora. La interfaz intuitiva y el dise\u00f1o responsive facilitaron el acceso desde cualquier dispositivo, generando mayor confianza en los visitantes y posicionando la marca como un espacio confiable y moderno de atenci\u00f3n psicol\u00f3gica.<\/p>\t\t\t\t<\/div>\n\t\t\t\t<\/div>\n\t\t\t\t<div class=\"elementor-element elementor-element-8c58cf7 elementor-widget elementor-widget-spacer\" data-id=\"8c58cf7\" data-element_type=\"widget\" data-widget_type=\"spacer.default\">\n\t\t\t\t<div class=\"elementor-widget-container\">\n\t\t\t\t\t\t\t<div class=\"elementor-spacer\">\n\t\t\t<div class=\"elementor-spacer-inner\"><\/div>\n\t\t<\/div>\n\t\t\t\t\t\t<\/div>\n\t\t\t\t<\/div>\n\t\t\t\t<\/div>\n\t\t<div class=\"elementor-element elementor-element-ef7726f e-con-full e-flex e-con e-child\" data-id=\"ef7726f\" data-element_type=\"container\">\n\t\t\t\t<\/div>\n\t\t\t\t<\/div>\n\t\t\t\t<\/div>","protected":false},"excerpt":{"rendered":"<p>Emoci\u00f3nate \u2014 UX\/UI design and single-page website development intro \/ concept single page website design Emoci\u00f3nate is a psychology practice specialized in children and adolescents, created by psychologist Lorena Sordo Guevara. The challenge was to translate the brand\u2019s warmth and approachable personality into a website that felt professional, friendly, and engaging for both parents and [&hellip;]<\/p>\n","protected":false},"author":1,"featured_media":0,"parent":0,"menu_order":0,"comment_status":"closed","ping_status":"closed","template":"elementor_header_footer","meta":{"footnotes":""},"class_list":["post-381398","page","type-page","status-publish","hentry"],"_links":{"self":[{"href":"https:\/\/rivasmercado.com\/es\/wp-json\/wp\/v2\/pages\/381398","targetHints":{"allow":["GET"]}}],"collection":[{"href":"https:\/\/rivasmercado.com\/es\/wp-json\/wp\/v2\/pages"}],"about":[{"href":"https:\/\/rivasmercado.com\/es\/wp-json\/wp\/v2\/types\/page"}],"author":[{"embeddable":true,"href":"https:\/\/rivasmercado.com\/es\/wp-json\/wp\/v2\/users\/1"}],"replies":[{"embeddable":true,"href":"https:\/\/rivasmercado.com\/es\/wp-json\/wp\/v2\/comments?post=381398"}],"version-history":[{"count":25,"href":"https:\/\/rivasmercado.com\/es\/wp-json\/wp\/v2\/pages\/381398\/revisions"}],"predecessor-version":[{"id":381746,"href":"https:\/\/rivasmercado.com\/es\/wp-json\/wp\/v2\/pages\/381398\/revisions\/381746"}],"wp:attachment":[{"href":"https:\/\/rivasmercado.com\/es\/wp-json\/wp\/v2\/media?parent=381398"}],"curies":[{"name":"wp","href":"https:\/\/api.w.org\/{rel}","templated":true}]}}