{"id":381455,"date":"2025-08-27T00:29:05","date_gmt":"2025-08-27T00:29:05","guid":{"rendered":"https:\/\/rivasmercado.com\/?page_id=381455"},"modified":"2025-08-28T18:30:50","modified_gmt":"2025-08-28T18:30:50","slug":"ssm","status":"publish","type":"page","link":"https:\/\/rivasmercado.com\/es\/ssm\/","title":{"rendered":"SSM"},"content":{"rendered":"<div data-elementor-type=\"wp-page\" data-elementor-id=\"381455\" class=\"elementor elementor-381455\" data-elementor-post-type=\"page\">\n\t\t\t\t<div class=\"elementor-element elementor-element-253d5d7 e-con-full e-flex e-con e-parent\" data-id=\"253d5d7\" data-element_type=\"container\" data-settings=\"{&quot;background_background&quot;:&quot;classic&quot;}\">\n\t\t<div class=\"elementor-element elementor-element-953c132 e-con-full e-flex e-con e-child\" data-id=\"953c132\" data-element_type=\"container\">\n\t\t\t\t<\/div>\n\t\t<div class=\"elementor-element elementor-element-7c79399 e-con-full e-flex e-con e-child\" data-id=\"7c79399\" data-element_type=\"container\">\n\t\t\t\t<div class=\"elementor-element elementor-element-2f588f8 elementor-widget elementor-widget-html\" data-id=\"2f588f8\" data-element_type=\"widget\" data-widget_type=\"html.default\">\n\t\t\t\t<div class=\"elementor-widget-container\">\n\t\t\t\t\t<h1 class=\"visually-hidden\">SSM \u2014 dise\u00f1o UX\/UI y desarrollo de sitio web corporativo para la industria metalmec\u00e1nica<\/h1>\r\n\t\t\t\t<\/div>\n\t\t\t\t<\/div>\n\t\t\t\t<div class=\"elementor-element elementor-element-a7a1d3e elementor-widget elementor-widget-image\" data-id=\"a7a1d3e\" data-element_type=\"widget\" data-widget_type=\"image.default\">\n\t\t\t\t<div class=\"elementor-widget-container\">\n\t\t\t\t\t\t\t\t\t\t\t\t\t\t\t<img fetchpriority=\"high\" decoding=\"async\" width=\"2560\" height=\"1095\" src=\"https:\/\/rivasmercado.com\/wp-content\/uploads\/2025\/08\/Web-SSM-1-scaled.jpg\" class=\"attachment-full size-full wp-image-381836\" alt=\"\" srcset=\"https:\/\/rivasmercado.com\/wp-content\/uploads\/2025\/08\/Web-SSM-1-scaled.jpg 2560w, https:\/\/rivasmercado.com\/wp-content\/uploads\/2025\/08\/Web-SSM-1-300x128.jpg 300w, https:\/\/rivasmercado.com\/wp-content\/uploads\/2025\/08\/Web-SSM-1-1024x438.jpg 1024w, https:\/\/rivasmercado.com\/wp-content\/uploads\/2025\/08\/Web-SSM-1-768x329.jpg 768w, https:\/\/rivasmercado.com\/wp-content\/uploads\/2025\/08\/Web-SSM-1-1536x657.jpg 1536w, https:\/\/rivasmercado.com\/wp-content\/uploads\/2025\/08\/Web-SSM-1-2048x876.jpg 2048w, https:\/\/rivasmercado.com\/wp-content\/uploads\/2025\/08\/Web-SSM-1-18x8.jpg 18w\" sizes=\"(max-width: 2560px) 100vw, 2560px\" \/>\t\t\t\t\t\t\t\t\t\t\t\t\t\t\t<\/div>\n\t\t\t\t<\/div>\n\t\t\t\t<\/div>\n\t\t<div class=\"elementor-element elementor-element-546473b e-con-full e-flex e-con e-child\" data-id=\"546473b\" data-element_type=\"container\">\n\t\t\t\t<\/div>\n\t\t\t\t<\/div>\n\t\t<div class=\"elementor-element elementor-element-f13f450 e-con-full e-flex e-con e-parent\" data-id=\"f13f450\" data-element_type=\"container\">\n\t\t<div class=\"elementor-element elementor-element-8af8da1 e-con-full e-flex e-con e-child\" data-id=\"8af8da1\" data-element_type=\"container\">\n\t\t\t\t<\/div>\n\t\t<div class=\"elementor-element elementor-element-1ab896c e-con-full e-flex e-con e-child\" data-id=\"1ab896c\" data-element_type=\"container\">\n\t\t\t\t<div class=\"elementor-element elementor-element-9962ec1 elementor-widget elementor-widget-spacer\" data-id=\"9962ec1\" data-element_type=\"widget\" data-widget_type=\"spacer.default\">\n\t\t\t\t<div class=\"elementor-widget-container\">\n\t\t\t\t\t\t\t<div class=\"elementor-spacer\">\n\t\t\t<div class=\"elementor-spacer-inner\"><\/div>\n\t\t<\/div>\n\t\t\t\t\t\t<\/div>\n\t\t\t\t<\/div>\n\t\t\t\t<div class=\"elementor-element elementor-element-c9093c9 elementor-widget elementor-widget-heading\" data-id=\"c9093c9\" data-element_type=\"widget\" data-widget_type=\"heading.default\">\n\t\t\t\t<div class=\"elementor-widget-container\">\n\t\t\t\t\t<h2 class=\"elementor-heading-title elementor-size-default\">intro \/ concepto<\/h2>\t\t\t\t<\/div>\n\t\t\t\t<\/div>\n\t\t\t\t<div class=\"elementor-element elementor-element-6413106 elementor-widget elementor-widget-heading\" data-id=\"6413106\" data-element_type=\"widget\" data-widget_type=\"heading.default\">\n\t\t\t\t<div class=\"elementor-widget-container\">\n\t\t\t\t\t<h3 class=\"elementor-heading-title elementor-size-default\">corporate website developement<\/h3>\t\t\t\t<\/div>\n\t\t\t\t<\/div>\n\t\t\t\t<\/div>\n\t\t<div class=\"elementor-element elementor-element-019ded5 e-con-full e-flex e-con e-child\" data-id=\"019ded5\" data-element_type=\"container\">\n\t\t\t\t<div class=\"elementor-element elementor-element-78c8703 elementor-hidden-mobile elementor-widget elementor-widget-spacer\" data-id=\"78c8703\" data-element_type=\"widget\" data-widget_type=\"spacer.default\">\n\t\t\t\t<div class=\"elementor-widget-container\">\n\t\t\t\t\t\t\t<div class=\"elementor-spacer\">\n\t\t\t<div class=\"elementor-spacer-inner\"><\/div>\n\t\t<\/div>\n\t\t\t\t\t\t<\/div>\n\t\t\t\t<\/div>\n\t\t\t\t<div class=\"elementor-element elementor-element-d03e81e elementor-widget elementor-widget-text-editor\" data-id=\"d03e81e\" data-element_type=\"widget\" data-widget_type=\"text-editor.default\">\n\t\t\t\t<div class=\"elementor-widget-container\">\n\t\t\t\t\t\t\t\t\t<p><b>SSM (Suministro y Soluciones en Metal)<\/b> es una empresa mexicana en constante crecimiento, con sede en San Luis Potos\u00ed y proyecci\u00f3n internacional. Desde 2016 han desarrollado soluciones innovadoras para la industria metalmec\u00e1nica, destacando por su precisi\u00f3n, tecnolog\u00eda y excelencia.<\/p><p>El reto fue dise\u00f1ar un sitio web moderno y profesional que consolidara la imagen de <b>SSM<\/b> frente a sus clientes nacionales e internacionales. El objetivo era superar su p\u00e1gina anterior y crear una plataforma digital que transmitiera la solidez, experiencia y visi\u00f3n de la empresa.<\/p>\t\t\t\t\t\t\t\t<\/div>\n\t\t\t\t<\/div>\n\t\t\t\t<div class=\"elementor-element elementor-element-6609069 elementor-widget elementor-widget-spacer\" data-id=\"6609069\" data-element_type=\"widget\" data-widget_type=\"spacer.default\">\n\t\t\t\t<div class=\"elementor-widget-container\">\n\t\t\t\t\t\t\t<div class=\"elementor-spacer\">\n\t\t\t<div class=\"elementor-spacer-inner\"><\/div>\n\t\t<\/div>\n\t\t\t\t\t\t<\/div>\n\t\t\t\t<\/div>\n\t\t\t\t<\/div>\n\t\t<div class=\"elementor-element elementor-element-85ec7e5 e-con-full e-flex e-con e-child\" data-id=\"85ec7e5\" data-element_type=\"container\">\n\t\t\t\t<\/div>\n\t\t\t\t<\/div>\n\t\t<div class=\"elementor-element elementor-element-7465dc6 e-con-full e-flex e-con e-parent\" data-id=\"7465dc6\" data-element_type=\"container\" data-settings=\"{&quot;background_background&quot;:&quot;classic&quot;}\">\n\t\t<div class=\"elementor-element elementor-element-ef44dca e-con-full e-flex e-con e-child\" data-id=\"ef44dca\" data-element_type=\"container\">\n\t\t\t\t<\/div>\n\t\t<div class=\"elementor-element elementor-element-f27898d e-con-full e-flex e-con e-child\" data-id=\"f27898d\" data-element_type=\"container\">\n\t\t\t\t<div class=\"elementor-element elementor-element-b3ecf55 elementor-widget elementor-widget-image\" data-id=\"b3ecf55\" data-element_type=\"widget\" data-widget_type=\"image.default\">\n\t\t\t\t<div class=\"elementor-widget-container\">\n\t\t\t\t\t\t\t\t\t\t\t\t\t\t\t<img decoding=\"async\" width=\"1790\" height=\"1559\" src=\"https:\/\/rivasmercado.com\/wp-content\/uploads\/2025\/08\/Web-SSM-2.jpg\" class=\"attachment-full size-full wp-image-381846\" alt=\"\" srcset=\"https:\/\/rivasmercado.com\/wp-content\/uploads\/2025\/08\/Web-SSM-2.jpg 1790w, https:\/\/rivasmercado.com\/wp-content\/uploads\/2025\/08\/Web-SSM-2-300x261.jpg 300w, https:\/\/rivasmercado.com\/wp-content\/uploads\/2025\/08\/Web-SSM-2-1024x892.jpg 1024w, https:\/\/rivasmercado.com\/wp-content\/uploads\/2025\/08\/Web-SSM-2-768x669.jpg 768w, https:\/\/rivasmercado.com\/wp-content\/uploads\/2025\/08\/Web-SSM-2-1536x1338.jpg 1536w, https:\/\/rivasmercado.com\/wp-content\/uploads\/2025\/08\/Web-SSM-2-14x12.jpg 14w\" sizes=\"(max-width: 1790px) 100vw, 1790px\" \/>\t\t\t\t\t\t\t\t\t\t\t\t\t\t\t<\/div>\n\t\t\t\t<\/div>\n\t\t\t\t<\/div>\n\t\t<div class=\"elementor-element elementor-element-81ade38 e-con-full e-flex e-con e-child\" data-id=\"81ade38\" data-element_type=\"container\">\n\t\t\t\t<\/div>\n\t\t\t\t<\/div>\n\t\t<div class=\"elementor-element elementor-element-3195202 e-con-full e-flex e-con e-parent\" data-id=\"3195202\" data-element_type=\"container\">\n\t\t<div class=\"elementor-element elementor-element-0713972 e-con-full e-flex e-con e-child\" data-id=\"0713972\" data-element_type=\"container\">\n\t\t\t\t<\/div>\n\t\t<div class=\"elementor-element elementor-element-3e1d7c1 e-con-full e-flex e-con e-child\" data-id=\"3e1d7c1\" data-element_type=\"container\">\n\t\t\t\t<div class=\"elementor-element elementor-element-33fa421 elementor-widget elementor-widget-spacer\" data-id=\"33fa421\" data-element_type=\"widget\" data-widget_type=\"spacer.default\">\n\t\t\t\t<div class=\"elementor-widget-container\">\n\t\t\t\t\t\t\t<div class=\"elementor-spacer\">\n\t\t\t<div class=\"elementor-spacer-inner\"><\/div>\n\t\t<\/div>\n\t\t\t\t\t\t<\/div>\n\t\t\t\t<\/div>\n\t\t\t\t<div class=\"elementor-element elementor-element-23c424c elementor-widget elementor-widget-heading\" data-id=\"23c424c\" data-element_type=\"widget\" data-widget_type=\"heading.default\">\n\t\t\t\t<div class=\"elementor-widget-container\">\n\t\t\t\t\t<h2 class=\"elementor-heading-title elementor-size-default\">estrategia y<br>enfoque ux\/ui<\/h2>\t\t\t\t<\/div>\n\t\t\t\t<\/div>\n\t\t\t\t<div class=\"elementor-element elementor-element-c6fb0dc elementor-widget elementor-widget-heading\" data-id=\"c6fb0dc\" data-element_type=\"widget\" data-widget_type=\"heading.default\">\n\t\t\t\t<div class=\"elementor-widget-container\">\n\t\t\t\t\t<h3 class=\"elementor-heading-title elementor-size-default\">que hicimos<\/h3>\t\t\t\t<\/div>\n\t\t\t\t<\/div>\n\t\t\t\t<\/div>\n\t\t<div class=\"elementor-element elementor-element-edcb948 e-con-full e-flex e-con e-child\" data-id=\"edcb948\" data-element_type=\"container\">\n\t\t\t\t<div class=\"elementor-element elementor-element-2af6fd6 elementor-hidden-mobile elementor-widget elementor-widget-spacer\" data-id=\"2af6fd6\" data-element_type=\"widget\" data-widget_type=\"spacer.default\">\n\t\t\t\t<div class=\"elementor-widget-container\">\n\t\t\t\t\t\t\t<div class=\"elementor-spacer\">\n\t\t\t<div class=\"elementor-spacer-inner\"><\/div>\n\t\t<\/div>\n\t\t\t\t\t\t<\/div>\n\t\t\t\t<\/div>\n\t\t\t\t<div class=\"elementor-element elementor-element-6c25613 elementor-widget elementor-widget-text-editor\" data-id=\"6c25613\" data-element_type=\"widget\" data-widget_type=\"text-editor.default\">\n\t\t\t\t<div class=\"elementor-widget-container\">\n\t\t\t\t\t\t\t\t\t<p data-start=\"794\" data-end=\"947\">Creamos un sitio web estructurado y funcional que comunica de manera clara la propuesta de valor de SSM. La experiencia de usuario se enfoc\u00f3 en tres ejes principales:<\/p><ul data-start=\"948\" data-end=\"1254\"><li data-start=\"948\" data-end=\"1052\"><p data-start=\"950\" data-end=\"1052\">Presenting their <strong data-start=\"967\" data-end=\"1020\">servicios y soluciones integrales<\/strong> en metalmec\u00e1nica.<\/p><\/li><li data-start=\"1053\" data-end=\"1141\"><p data-start=\"1055\" data-end=\"1141\">Resaltar su trayectoria, capacidades t\u00e9cnicas y compromiso con la innovaci\u00f3n.<\/p><\/li><li data-start=\"1142\" data-end=\"1254\"><p data-start=\"1144\" data-end=\"1254\">Generar confianza a trav\u00e9s de un dise\u00f1o limpio, responsivo y con un lenguaje visual consistente con la identidad de la marca.<\/p><\/li><\/ul><p data-start=\"1256\" data-end=\"1437\">Adem\u00e1s, se integraron secciones que muestran la versatilidad de SSM en diferentes industrias, reforzando su alcance desde piezas delicadas hasta componentes de gran escala.<\/p>\t\t\t\t\t\t\t\t<\/div>\n\t\t\t\t<\/div>\n\t\t\t\t<div class=\"elementor-element elementor-element-a613c33 elementor-widget elementor-widget-spacer\" data-id=\"a613c33\" data-element_type=\"widget\" data-widget_type=\"spacer.default\">\n\t\t\t\t<div class=\"elementor-widget-container\">\n\t\t\t\t\t\t\t<div class=\"elementor-spacer\">\n\t\t\t<div class=\"elementor-spacer-inner\"><\/div>\n\t\t<\/div>\n\t\t\t\t\t\t<\/div>\n\t\t\t\t<\/div>\n\t\t\t\t<\/div>\n\t\t<div class=\"elementor-element elementor-element-24c7fd2 e-con-full e-flex e-con e-child\" data-id=\"24c7fd2\" data-element_type=\"container\">\n\t\t\t\t<\/div>\n\t\t\t\t<\/div>\n\t\t\t\t<section class=\"elementor-section elementor-top-section elementor-element elementor-element-a6c29f5 elementor-section-full_width elementor-section-height-min-height elementor-section-height-default elementor-section-items-middle\" data-id=\"a6c29f5\" data-element_type=\"section\" data-settings=\"{&quot;background_background&quot;:&quot;classic&quot;}\">\n\t\t\t\t\t\t<div class=\"elementor-container elementor-column-gap-no\">\n\t\t\t\t\t<div class=\"elementor-column elementor-col-33 elementor-top-column elementor-element elementor-element-0172d12\" data-id=\"0172d12\" data-element_type=\"column\">\n\t\t\t<div class=\"elementor-widget-wrap\">\n\t\t\t\t\t\t\t<\/div>\n\t\t<\/div>\n\t\t\t\t<div class=\"elementor-column elementor-col-33 elementor-top-column elementor-element elementor-element-64dc5d8\" data-id=\"64dc5d8\" data-element_type=\"column\">\n\t\t\t<div class=\"elementor-widget-wrap elementor-element-populated\">\n\t\t\t\t\t\t<div class=\"elementor-element elementor-element-6df7221 elementor-widget elementor-widget-image\" data-id=\"6df7221\" data-element_type=\"widget\" data-widget_type=\"image.default\">\n\t\t\t\t<div class=\"elementor-widget-container\">\n\t\t\t\t\t\t\t\t\t\t\t\t\t\t\t<img decoding=\"async\" width=\"1478\" height=\"986\" src=\"https:\/\/rivasmercado.com\/wp-content\/uploads\/2025\/08\/Web-SSM-e1756255408312.jpg\" class=\"attachment-full size-full wp-image-379876\" alt=\"\" srcset=\"https:\/\/rivasmercado.com\/wp-content\/uploads\/2025\/08\/Web-SSM-e1756255408312.jpg 1478w, https:\/\/rivasmercado.com\/wp-content\/uploads\/2025\/08\/Web-SSM-e1756255408312-300x200.jpg 300w, https:\/\/rivasmercado.com\/wp-content\/uploads\/2025\/08\/Web-SSM-e1756255408312-1024x683.jpg 1024w, https:\/\/rivasmercado.com\/wp-content\/uploads\/2025\/08\/Web-SSM-e1756255408312-768x512.jpg 768w, https:\/\/rivasmercado.com\/wp-content\/uploads\/2025\/08\/Web-SSM-e1756255408312-18x12.jpg 18w\" sizes=\"(max-width: 1478px) 100vw, 1478px\" \/>\t\t\t\t\t\t\t\t\t\t\t\t\t\t\t<\/div>\n\t\t\t\t<\/div>\n\t\t\t\t\t<\/div>\n\t\t<\/div>\n\t\t\t\t<div class=\"elementor-column elementor-col-33 elementor-top-column elementor-element elementor-element-9f8d852\" data-id=\"9f8d852\" data-element_type=\"column\">\n\t\t\t<div class=\"elementor-widget-wrap\">\n\t\t\t\t\t\t\t<\/div>\n\t\t<\/div>\n\t\t\t\t\t<\/div>\n\t\t<\/section>\n\t\t<div class=\"elementor-element elementor-element-08a9ca4 e-con-full e-flex e-con e-parent\" data-id=\"08a9ca4\" data-element_type=\"container\">\n\t\t<div class=\"elementor-element elementor-element-b002ef6 e-con-full elementor-hidden-mobile e-flex e-con e-child\" data-id=\"b002ef6\" data-element_type=\"container\">\n\t\t\t\t<\/div>\n\t\t<div class=\"elementor-element elementor-element-dfab34c e-con-full e-flex e-con e-child\" data-id=\"dfab34c\" data-element_type=\"container\">\n\t\t\t\t<div class=\"elementor-element elementor-element-7646283 elementor-widget elementor-widget-spacer\" data-id=\"7646283\" data-element_type=\"widget\" data-widget_type=\"spacer.default\">\n\t\t\t\t<div class=\"elementor-widget-container\">\n\t\t\t\t\t\t\t<div class=\"elementor-spacer\">\n\t\t\t<div class=\"elementor-spacer-inner\"><\/div>\n\t\t<\/div>\n\t\t\t\t\t\t<\/div>\n\t\t\t\t<\/div>\n\t\t\t\t<div class=\"elementor-element elementor-element-1153de1 elementor-widget elementor-widget-heading\" data-id=\"1153de1\" data-element_type=\"widget\" data-widget_type=\"heading.default\">\n\t\t\t\t<div class=\"elementor-widget-container\">\n\t\t\t\t\t<h2 class=\"elementor-heading-title elementor-size-default\">impacto del dise\u00f1o\n<\/h2>\t\t\t\t<\/div>\n\t\t\t\t<\/div>\n\t\t\t\t<div class=\"elementor-element elementor-element-32b05ef elementor-widget elementor-widget-heading\" data-id=\"32b05ef\" data-element_type=\"widget\" data-widget_type=\"heading.default\">\n\t\t\t\t<div class=\"elementor-widget-container\">\n\t\t\t\t\t<h3 class=\"elementor-heading-title elementor-size-default\">qu\u00e9 conseguimos<\/h3>\t\t\t\t<\/div>\n\t\t\t\t<\/div>\n\t\t\t\t<\/div>\n\t\t<div class=\"elementor-element elementor-element-074664c e-con-full e-flex e-con e-child\" data-id=\"074664c\" data-element_type=\"container\">\n\t\t\t\t<div class=\"elementor-element elementor-element-2d07c88 elementor-hidden-mobile elementor-widget elementor-widget-spacer\" data-id=\"2d07c88\" data-element_type=\"widget\" data-widget_type=\"spacer.default\">\n\t\t\t\t<div class=\"elementor-widget-container\">\n\t\t\t\t\t\t\t<div class=\"elementor-spacer\">\n\t\t\t<div class=\"elementor-spacer-inner\"><\/div>\n\t\t<\/div>\n\t\t\t\t\t\t<\/div>\n\t\t\t\t<\/div>\n\t\t\t\t<div class=\"elementor-element elementor-element-a1b8071 elementor-widget elementor-widget-text-editor\" data-id=\"a1b8071\" data-element_type=\"widget\" data-widget_type=\"text-editor.default\">\n\t\t\t\t<div class=\"elementor-widget-container\">\n\t\t\t\t\t\t\t\t\tEl nuevo sitio web elev\u00f3 la presencia digital de <b>SSM<\/b> , proyectando a la empresa como un referente confiable y competitivo en la industria metalmec\u00e1nica. La interfaz moderna y profesional fortaleci\u00f3 la percepci\u00f3n de calidad e innovaci\u00f3n, generando un impacto positivo en clientes actuales y potenciales.\n<br><br>\nCon esta plataforma, <b>SSM<\/b> no solo mejor\u00f3 su credibilidad en l\u00ednea, sino que consolid\u00f3 un canal estrat\u00e9gico para expandir su alcance en mercados nacionales e internacionales.\t\t\t\t\t\t\t\t<\/div>\n\t\t\t\t<\/div>\n\t\t\t\t<div class=\"elementor-element elementor-element-8c58cf7 elementor-widget elementor-widget-spacer\" data-id=\"8c58cf7\" data-element_type=\"widget\" data-widget_type=\"spacer.default\">\n\t\t\t\t<div class=\"elementor-widget-container\">\n\t\t\t\t\t\t\t<div class=\"elementor-spacer\">\n\t\t\t<div class=\"elementor-spacer-inner\"><\/div>\n\t\t<\/div>\n\t\t\t\t\t\t<\/div>\n\t\t\t\t<\/div>\n\t\t\t\t<\/div>\n\t\t<div class=\"elementor-element elementor-element-ef7726f e-con-full e-flex e-con e-child\" data-id=\"ef7726f\" data-element_type=\"container\">\n\t\t\t\t<\/div>\n\t\t\t\t<\/div>\n\t\t\t\t<\/div>","protected":false},"excerpt":{"rendered":"<p>SSM \u2014 UX\/UI design and corporate website development for the metalworking industry intro \/ concept corporate website developement SSM (Suministro y Soluciones en Metal) is a fast-growing Mexican company based in San Luis Potos\u00ed with international reach. Since 2016, they have been developing innovative solutions for the metalworking industry, standing out for their precision, technology, [&hellip;]<\/p>\n","protected":false},"author":1,"featured_media":0,"parent":0,"menu_order":0,"comment_status":"closed","ping_status":"closed","template":"elementor_header_footer","meta":{"footnotes":""},"class_list":["post-381455","page","type-page","status-publish","hentry"],"_links":{"self":[{"href":"https:\/\/rivasmercado.com\/es\/wp-json\/wp\/v2\/pages\/381455","targetHints":{"allow":["GET"]}}],"collection":[{"href":"https:\/\/rivasmercado.com\/es\/wp-json\/wp\/v2\/pages"}],"about":[{"href":"https:\/\/rivasmercado.com\/es\/wp-json\/wp\/v2\/types\/page"}],"author":[{"embeddable":true,"href":"https:\/\/rivasmercado.com\/es\/wp-json\/wp\/v2\/users\/1"}],"replies":[{"embeddable":true,"href":"https:\/\/rivasmercado.com\/es\/wp-json\/wp\/v2\/comments?post=381455"}],"version-history":[{"count":52,"href":"https:\/\/rivasmercado.com\/es\/wp-json\/wp\/v2\/pages\/381455\/revisions"}],"predecessor-version":[{"id":381858,"href":"https:\/\/rivasmercado.com\/es\/wp-json\/wp\/v2\/pages\/381455\/revisions\/381858"}],"wp:attachment":[{"href":"https:\/\/rivasmercado.com\/es\/wp-json\/wp\/v2\/media?parent=381455"}],"curies":[{"name":"wp","href":"https:\/\/api.w.org\/{rel}","templated":true}]}}