{"id":381502,"date":"2025-08-27T03:39:49","date_gmt":"2025-08-27T03:39:49","guid":{"rendered":"https:\/\/rivasmercado.com\/?page_id=381502"},"modified":"2025-09-27T03:19:06","modified_gmt":"2025-09-27T03:19:06","slug":"sabmedic-ux","status":"publish","type":"page","link":"https:\/\/rivasmercado.com\/es\/sabmedic-ux\/","title":{"rendered":"SabMedic"},"content":{"rendered":"<div data-elementor-type=\"wp-page\" data-elementor-id=\"381502\" class=\"elementor elementor-381502\" data-elementor-post-type=\"page\">\n\t\t\t\t<div class=\"elementor-element elementor-element-253d5d7 e-con-full e-flex e-con e-parent\" data-id=\"253d5d7\" data-element_type=\"container\" data-settings=\"{&quot;background_background&quot;:&quot;classic&quot;}\">\n\t\t<div class=\"elementor-element elementor-element-953c132 e-con-full e-flex e-con e-child\" data-id=\"953c132\" data-element_type=\"container\">\n\t\t\t\t<\/div>\n\t\t<div class=\"elementor-element elementor-element-7c79399 e-con-full e-flex e-con e-child\" data-id=\"7c79399\" data-element_type=\"container\">\n\t\t\t\t<div class=\"elementor-element elementor-element-2f588f8 elementor-widget elementor-widget-html\" data-id=\"2f588f8\" data-element_type=\"widget\" data-widget_type=\"html.default\">\n\t\t\t\t<div class=\"elementor-widget-container\">\n\t\t\t\t\t<h1 class=\"visually-hidden\">Sabmedic \u2014 UX\/UI design and website development for an otolaryngology and laryngology practice<\/h1>\t\t\t\t<\/div>\n\t\t\t\t<\/div>\n\t\t\t\t<div class=\"elementor-element elementor-element-a7a1d3e elementor-widget elementor-widget-image\" data-id=\"a7a1d3e\" data-element_type=\"widget\" data-widget_type=\"image.default\">\n\t\t\t\t<div class=\"elementor-widget-container\">\n\t\t\t\t\t\t\t\t\t\t\t\t\t\t\t<img fetchpriority=\"high\" decoding=\"async\" width=\"1500\" height=\"1125\" src=\"https:\/\/rivasmercado.com\/wp-content\/uploads\/2021\/07\/347.png\" class=\"attachment-full size-full wp-image-907\" alt=\"\" srcset=\"https:\/\/rivasmercado.com\/wp-content\/uploads\/2021\/07\/347.png 1500w, https:\/\/rivasmercado.com\/wp-content\/uploads\/2021\/07\/347-300x225.png 300w, https:\/\/rivasmercado.com\/wp-content\/uploads\/2021\/07\/347-1024x768.png 1024w, https:\/\/rivasmercado.com\/wp-content\/uploads\/2021\/07\/347-768x576.png 768w\" sizes=\"(max-width: 1500px) 100vw, 1500px\" \/>\t\t\t\t\t\t\t\t\t\t\t\t\t\t\t<\/div>\n\t\t\t\t<\/div>\n\t\t\t\t<\/div>\n\t\t<div class=\"elementor-element elementor-element-546473b e-con-full e-flex e-con e-child\" data-id=\"546473b\" data-element_type=\"container\">\n\t\t\t\t<\/div>\n\t\t\t\t<\/div>\n\t\t<div class=\"elementor-element elementor-element-f13f450 e-con-full e-flex e-con e-parent\" data-id=\"f13f450\" data-element_type=\"container\">\n\t\t<div class=\"elementor-element elementor-element-8af8da1 e-con-full e-flex e-con e-child\" data-id=\"8af8da1\" data-element_type=\"container\">\n\t\t\t\t<\/div>\n\t\t<div class=\"elementor-element elementor-element-1ab896c e-con-full e-flex e-con e-child\" data-id=\"1ab896c\" data-element_type=\"container\">\n\t\t\t\t<div class=\"elementor-element elementor-element-9962ec1 elementor-widget elementor-widget-spacer\" data-id=\"9962ec1\" data-element_type=\"widget\" data-widget_type=\"spacer.default\">\n\t\t\t\t<div class=\"elementor-widget-container\">\n\t\t\t\t\t\t\t<div class=\"elementor-spacer\">\n\t\t\t<div class=\"elementor-spacer-inner\"><\/div>\n\t\t<\/div>\n\t\t\t\t\t\t<\/div>\n\t\t\t\t<\/div>\n\t\t\t\t<div class=\"elementor-element elementor-element-c9093c9 elementor-widget elementor-widget-heading\" data-id=\"c9093c9\" data-element_type=\"widget\" data-widget_type=\"heading.default\">\n\t\t\t\t<div class=\"elementor-widget-container\">\n\t\t\t\t\t<h2 class=\"elementor-heading-title elementor-size-default\">intro \/ concepto<\/h2>\t\t\t\t<\/div>\n\t\t\t\t<\/div>\n\t\t\t\t<div class=\"elementor-element elementor-element-6413106 elementor-widget elementor-widget-heading\" data-id=\"6413106\" data-element_type=\"widget\" data-widget_type=\"heading.default\">\n\t\t\t\t<div class=\"elementor-widget-container\">\n\t\t\t\t\t<h3 class=\"elementor-heading-title elementor-size-default\">desarrollo de sitio web corporativo<br> para un consultorio m\u00e9dico<\/h3>\t\t\t\t<\/div>\n\t\t\t\t<\/div>\n\t\t\t\t<\/div>\n\t\t<div class=\"elementor-element elementor-element-019ded5 e-con-full e-flex e-con e-child\" data-id=\"019ded5\" data-element_type=\"container\">\n\t\t\t\t<div class=\"elementor-element elementor-element-78c8703 elementor-hidden-mobile elementor-widget elementor-widget-spacer\" data-id=\"78c8703\" data-element_type=\"widget\" data-widget_type=\"spacer.default\">\n\t\t\t\t<div class=\"elementor-widget-container\">\n\t\t\t\t\t\t\t<div class=\"elementor-spacer\">\n\t\t\t<div class=\"elementor-spacer-inner\"><\/div>\n\t\t<\/div>\n\t\t\t\t\t\t<\/div>\n\t\t\t\t<\/div>\n\t\t\t\t<div class=\"elementor-element elementor-element-d03e81e elementor-widget elementor-widget-text-editor\" data-id=\"d03e81e\" data-element_type=\"widget\" data-widget_type=\"text-editor.default\">\n\t\t\t\t<div class=\"elementor-widget-container\">\n\t\t\t\t\t\t\t\t\t<p><b>Sabmedic<\/b> es la pr\u00e1ctica m\u00e9dica del <b>Dr. Ismael Sabido<\/b>, otorrinolaring\u00f3logo especializado en laringolog\u00eda. El reto era crear un sitio web personalizado que transmitiera profesionalismo, confianza y seguridad, cuidando al mismo tiempo la privacidad del doctor en una etapa inicial de su carrera.<br \/><br \/><br \/>El sitio se estructur\u00f3 en distintas \u00e1reas de enfoque \u2014otorrinolaringolog\u00eda, laringolog\u00eda y wellness\u2014 ofreciendo informaci\u00f3n clara y accesible para pacientes potenciales. Adem\u00e1s, se integr\u00f3 un blog donde el Dr. Sabido pudiera compartir art\u00edculos y reflexiones, reforzando su presencia digital como especialista.<\/p>\t\t\t\t\t\t\t\t<\/div>\n\t\t\t\t<\/div>\n\t\t\t\t<div class=\"elementor-element elementor-element-6609069 elementor-widget elementor-widget-spacer\" data-id=\"6609069\" data-element_type=\"widget\" data-widget_type=\"spacer.default\">\n\t\t\t\t<div class=\"elementor-widget-container\">\n\t\t\t\t\t\t\t<div class=\"elementor-spacer\">\n\t\t\t<div class=\"elementor-spacer-inner\"><\/div>\n\t\t<\/div>\n\t\t\t\t\t\t<\/div>\n\t\t\t\t<\/div>\n\t\t\t\t<\/div>\n\t\t<div class=\"elementor-element elementor-element-85ec7e5 e-con-full e-flex e-con e-child\" data-id=\"85ec7e5\" data-element_type=\"container\">\n\t\t\t\t<\/div>\n\t\t\t\t<\/div>\n\t\t<div class=\"elementor-element elementor-element-616ebf8 e-con-full e-flex e-con e-parent\" data-id=\"616ebf8\" data-element_type=\"container\" data-settings=\"{&quot;background_background&quot;:&quot;classic&quot;}\">\n\t\t<div class=\"elementor-element elementor-element-4a1985d e-con-full e-flex e-con e-child\" data-id=\"4a1985d\" data-element_type=\"container\">\n\t\t\t\t<\/div>\n\t\t<div class=\"elementor-element elementor-element-7ca5e0a e-con-full e-flex e-con e-child\" data-id=\"7ca5e0a\" data-element_type=\"container\">\n\t\t\t\t<div class=\"elementor-element elementor-element-1e6a565 elementor-widget elementor-widget-image\" data-id=\"1e6a565\" data-element_type=\"widget\" data-widget_type=\"image.default\">\n\t\t\t\t<div class=\"elementor-widget-container\">\n\t\t\t\t\t\t\t\t\t\t\t\t\t\t\t<img decoding=\"async\" width=\"1799\" height=\"2949\" src=\"https:\/\/rivasmercado.com\/wp-content\/uploads\/2021\/08\/26.png\" class=\"attachment-full size-full wp-image-1775\" alt=\"\" srcset=\"https:\/\/rivasmercado.com\/wp-content\/uploads\/2021\/08\/26.png 1799w, https:\/\/rivasmercado.com\/wp-content\/uploads\/2021\/08\/26-183x300.png 183w, https:\/\/rivasmercado.com\/wp-content\/uploads\/2021\/08\/26-625x1024.png 625w, https:\/\/rivasmercado.com\/wp-content\/uploads\/2021\/08\/26-768x1259.png 768w, https:\/\/rivasmercado.com\/wp-content\/uploads\/2021\/08\/26-937x1536.png 937w, https:\/\/rivasmercado.com\/wp-content\/uploads\/2021\/08\/26-1249x2048.png 1249w, https:\/\/rivasmercado.com\/wp-content\/uploads\/2021\/08\/26-1568x2570.png 1568w\" sizes=\"(max-width: 1799px) 100vw, 1799px\" \/>\t\t\t\t\t\t\t\t\t\t\t\t\t\t\t<\/div>\n\t\t\t\t<\/div>\n\t\t\t\t<\/div>\n\t\t<div class=\"elementor-element elementor-element-9a7d4df e-con-full e-flex e-con e-child\" data-id=\"9a7d4df\" data-element_type=\"container\">\n\t\t\t\t<\/div>\n\t\t\t\t<\/div>\n\t\t<div class=\"elementor-element elementor-element-3195202 e-con-full e-flex e-con e-parent\" data-id=\"3195202\" data-element_type=\"container\">\n\t\t<div class=\"elementor-element elementor-element-0713972 e-con-full e-flex e-con e-child\" data-id=\"0713972\" data-element_type=\"container\">\n\t\t\t\t<\/div>\n\t\t<div class=\"elementor-element elementor-element-3e1d7c1 e-con-full e-flex e-con e-child\" data-id=\"3e1d7c1\" data-element_type=\"container\">\n\t\t\t\t<div class=\"elementor-element elementor-element-33fa421 elementor-widget elementor-widget-spacer\" data-id=\"33fa421\" data-element_type=\"widget\" data-widget_type=\"spacer.default\">\n\t\t\t\t<div class=\"elementor-widget-container\">\n\t\t\t\t\t\t\t<div class=\"elementor-spacer\">\n\t\t\t<div class=\"elementor-spacer-inner\"><\/div>\n\t\t<\/div>\n\t\t\t\t\t\t<\/div>\n\t\t\t\t<\/div>\n\t\t\t\t<div class=\"elementor-element elementor-element-23c424c elementor-widget elementor-widget-heading\" data-id=\"23c424c\" data-element_type=\"widget\" data-widget_type=\"heading.default\">\n\t\t\t\t<div class=\"elementor-widget-container\">\n\t\t\t\t\t<h2 class=\"elementor-heading-title elementor-size-default\">estrategia y<br>enfoque ux\/ui<\/h2>\t\t\t\t<\/div>\n\t\t\t\t<\/div>\n\t\t\t\t<div class=\"elementor-element elementor-element-c6fb0dc elementor-widget elementor-widget-heading\" data-id=\"c6fb0dc\" data-element_type=\"widget\" data-widget_type=\"heading.default\">\n\t\t\t\t<div class=\"elementor-widget-container\">\n\t\t\t\t\t<h3 class=\"elementor-heading-title elementor-size-default\">que hicimos<\/h3>\t\t\t\t<\/div>\n\t\t\t\t<\/div>\n\t\t\t\t<\/div>\n\t\t<div class=\"elementor-element elementor-element-edcb948 e-con-full e-flex e-con e-child\" data-id=\"edcb948\" data-element_type=\"container\">\n\t\t\t\t<div class=\"elementor-element elementor-element-2af6fd6 elementor-hidden-mobile elementor-widget elementor-widget-spacer\" data-id=\"2af6fd6\" data-element_type=\"widget\" data-widget_type=\"spacer.default\">\n\t\t\t\t<div class=\"elementor-widget-container\">\n\t\t\t\t\t\t\t<div class=\"elementor-spacer\">\n\t\t\t<div class=\"elementor-spacer-inner\"><\/div>\n\t\t<\/div>\n\t\t\t\t\t\t<\/div>\n\t\t\t\t<\/div>\n\t\t\t\t<div class=\"elementor-element elementor-element-6c25613 elementor-widget elementor-widget-text-editor\" data-id=\"6c25613\" data-element_type=\"widget\" data-widget_type=\"text-editor.default\">\n\t\t\t\t<div class=\"elementor-widget-container\">\n\t\t\t\t\t\t\t\t\t<p data-start=\"762\" data-end=\"918\">La p\u00e1gina fue dise\u00f1ada como un <strong data-start=\"792\" data-end=\"835\">sitio web informativo y personalizado al 100%<\/strong>con navegaci\u00f3n simple y contenido organizado por \u00e1reas m\u00e9dicas.<\/p><ul data-start=\"919\" data-end=\"1211\"><li data-start=\"919\" data-end=\"986\"><p data-start=\"921\" data-end=\"986\"><strong data-start=\"921\" data-end=\"947\">Secci\u00f3n de otorrinolaringolog\u00eda<\/strong>, para cubrir los servicios principales.<\/p><\/li><li data-start=\"987\" data-end=\"1046\"><p data-start=\"989\" data-end=\"1046\"><strong data-start=\"989\" data-end=\"1012\">Secci\u00f3n de laringolog\u00eda<\/strong>destacando su especialidad.<\/p><\/li><li data-start=\"1047\" data-end=\"1109\"><p data-start=\"1049\" data-end=\"1109\"><strong data-start=\"1049\" data-end=\"1069\">Secci\u00f3n de wellness<\/strong>, orientada a tratamientos como botox.<\/p><\/li><li data-start=\"1110\" data-end=\"1211\"><p data-start=\"1112\" data-end=\"1211\"><strong data-start=\"1112\" data-end=\"1128\">Blog m\u00e9dico<\/strong>, que permiti\u00f3 al doctor publicar contenido de valor y mejorar su posicionamiento en l\u00ednea.<\/p><\/li><\/ul><p data-start=\"1213\" data-end=\"1372\">El dise\u00f1o visual fue limpio, moderno y sobrio, transmitiendo confianza sin caer en excesos, y asegurando una experiencia clara tanto en desktop como en dispositivos m\u00f3viles.<\/p>\t\t\t\t\t\t\t\t<\/div>\n\t\t\t\t<\/div>\n\t\t\t\t<div class=\"elementor-element elementor-element-a613c33 elementor-widget elementor-widget-spacer\" data-id=\"a613c33\" data-element_type=\"widget\" data-widget_type=\"spacer.default\">\n\t\t\t\t<div class=\"elementor-widget-container\">\n\t\t\t\t\t\t\t<div class=\"elementor-spacer\">\n\t\t\t<div class=\"elementor-spacer-inner\"><\/div>\n\t\t<\/div>\n\t\t\t\t\t\t<\/div>\n\t\t\t\t<\/div>\n\t\t\t\t<\/div>\n\t\t<div class=\"elementor-element elementor-element-24c7fd2 e-con-full e-flex e-con e-child\" data-id=\"24c7fd2\" data-element_type=\"container\">\n\t\t\t\t<\/div>\n\t\t\t\t<\/div>\n\t\t\t\t<section class=\"elementor-section elementor-top-section elementor-element elementor-element-a6c29f5 elementor-section-full_width elementor-section-height-min-height elementor-section-height-default elementor-section-items-middle\" data-id=\"a6c29f5\" data-element_type=\"section\" data-settings=\"{&quot;background_background&quot;:&quot;classic&quot;}\">\n\t\t\t\t\t\t<div class=\"elementor-container elementor-column-gap-no\">\n\t\t\t\t\t<div class=\"elementor-column elementor-col-33 elementor-top-column elementor-element elementor-element-0172d12\" data-id=\"0172d12\" data-element_type=\"column\">\n\t\t\t<div class=\"elementor-widget-wrap\">\n\t\t\t\t\t\t\t<\/div>\n\t\t<\/div>\n\t\t\t\t<div class=\"elementor-column elementor-col-33 elementor-top-column elementor-element elementor-element-64dc5d8\" data-id=\"64dc5d8\" data-element_type=\"column\">\n\t\t\t<div class=\"elementor-widget-wrap elementor-element-populated\">\n\t\t\t\t\t\t<div class=\"elementor-element elementor-element-6df7221 elementor-widget elementor-widget-image\" data-id=\"6df7221\" data-element_type=\"widget\" data-widget_type=\"image.default\">\n\t\t\t\t<div class=\"elementor-widget-container\">\n\t\t\t\t\t\t\t\t\t\t\t\t\t\t\t<img decoding=\"async\" width=\"1561\" height=\"1069\" src=\"https:\/\/rivasmercado.com\/wp-content\/uploads\/2025\/07\/Web-SabMedic.jpg\" class=\"attachment-full size-full wp-image-379811\" alt=\"\" srcset=\"https:\/\/rivasmercado.com\/wp-content\/uploads\/2025\/07\/Web-SabMedic.jpg 1561w, https:\/\/rivasmercado.com\/wp-content\/uploads\/2025\/07\/Web-SabMedic-300x205.jpg 300w, https:\/\/rivasmercado.com\/wp-content\/uploads\/2025\/07\/Web-SabMedic-1024x701.jpg 1024w, https:\/\/rivasmercado.com\/wp-content\/uploads\/2025\/07\/Web-SabMedic-768x526.jpg 768w, https:\/\/rivasmercado.com\/wp-content\/uploads\/2025\/07\/Web-SabMedic-1536x1052.jpg 1536w\" sizes=\"(max-width: 1561px) 100vw, 1561px\" \/>\t\t\t\t\t\t\t\t\t\t\t\t\t\t\t<\/div>\n\t\t\t\t<\/div>\n\t\t\t\t\t<\/div>\n\t\t<\/div>\n\t\t\t\t<div class=\"elementor-column elementor-col-33 elementor-top-column elementor-element elementor-element-9f8d852\" data-id=\"9f8d852\" data-element_type=\"column\">\n\t\t\t<div class=\"elementor-widget-wrap\">\n\t\t\t\t\t\t\t<\/div>\n\t\t<\/div>\n\t\t\t\t\t<\/div>\n\t\t<\/section>\n\t\t<div class=\"elementor-element elementor-element-08a9ca4 e-con-full e-flex e-con e-parent\" data-id=\"08a9ca4\" data-element_type=\"container\">\n\t\t<div class=\"elementor-element elementor-element-b002ef6 e-con-full elementor-hidden-mobile e-flex e-con e-child\" data-id=\"b002ef6\" data-element_type=\"container\">\n\t\t\t\t<\/div>\n\t\t<div class=\"elementor-element elementor-element-dfab34c e-con-full e-flex e-con e-child\" data-id=\"dfab34c\" data-element_type=\"container\">\n\t\t\t\t<div class=\"elementor-element elementor-element-7646283 elementor-widget elementor-widget-spacer\" data-id=\"7646283\" data-element_type=\"widget\" data-widget_type=\"spacer.default\">\n\t\t\t\t<div class=\"elementor-widget-container\">\n\t\t\t\t\t\t\t<div class=\"elementor-spacer\">\n\t\t\t<div class=\"elementor-spacer-inner\"><\/div>\n\t\t<\/div>\n\t\t\t\t\t\t<\/div>\n\t\t\t\t<\/div>\n\t\t\t\t<div class=\"elementor-element elementor-element-1153de1 elementor-widget elementor-widget-heading\" data-id=\"1153de1\" data-element_type=\"widget\" data-widget_type=\"heading.default\">\n\t\t\t\t<div class=\"elementor-widget-container\">\n\t\t\t\t\t<h2 class=\"elementor-heading-title elementor-size-default\">impacto del dise\u00f1o\n<\/h2>\t\t\t\t<\/div>\n\t\t\t\t<\/div>\n\t\t\t\t<div class=\"elementor-element elementor-element-32b05ef elementor-widget elementor-widget-heading\" data-id=\"32b05ef\" data-element_type=\"widget\" data-widget_type=\"heading.default\">\n\t\t\t\t<div class=\"elementor-widget-container\">\n\t\t\t\t\t<h3 class=\"elementor-heading-title elementor-size-default\">qu\u00e9 conseguimos<\/h3>\t\t\t\t<\/div>\n\t\t\t\t<\/div>\n\t\t\t\t<\/div>\n\t\t<div class=\"elementor-element elementor-element-074664c e-con-full e-flex e-con e-child\" data-id=\"074664c\" data-element_type=\"container\">\n\t\t\t\t<div class=\"elementor-element elementor-element-2d07c88 elementor-hidden-mobile elementor-widget elementor-widget-spacer\" data-id=\"2d07c88\" data-element_type=\"widget\" data-widget_type=\"spacer.default\">\n\t\t\t\t<div class=\"elementor-widget-container\">\n\t\t\t\t\t\t\t<div class=\"elementor-spacer\">\n\t\t\t<div class=\"elementor-spacer-inner\"><\/div>\n\t\t<\/div>\n\t\t\t\t\t\t<\/div>\n\t\t\t\t<\/div>\n\t\t\t\t<div class=\"elementor-element elementor-element-a1b8071 elementor-widget elementor-widget-text-editor\" data-id=\"a1b8071\" data-element_type=\"widget\" data-widget_type=\"text-editor.default\">\n\t\t\t\t<div class=\"elementor-widget-container\">\n\t\t\t\t\t\t\t\t\t<p>La web de <strong data-start=\"1407\" data-end=\"1419\">Sabmedic<\/strong> permiti\u00f3 al Dr. Ismael Sabido <strong data-start=\"1457\" data-end=\"1539\">posicionarse digitalmente como especialista en otorrinolaringolog\u00eda y laringolog\u00eda<\/strong>, aun en las primeras etapas de su pr\u00e1ctica.<br data-start=\"1582\" data-end=\"1585\" \/><br data-start=\"1593\" data-end=\"1596\" \/>El sitio reforz\u00f3 su imagen profesional, facilit\u00f3 el contacto con pacientes potenciales y le brind\u00f3 una herramienta estrat\u00e9gica para diferenciarse en un sector competitivo. Gracias a la estructura flexible, el proyecto tambi\u00e9n sent\u00f3 bases s\u00f3lidas para futuras expansiones y actualizaciones en l\u00ednea.<\/p>\t\t\t\t\t\t\t\t<\/div>\n\t\t\t\t<\/div>\n\t\t\t\t<div class=\"elementor-element elementor-element-8c58cf7 elementor-widget elementor-widget-spacer\" data-id=\"8c58cf7\" data-element_type=\"widget\" data-widget_type=\"spacer.default\">\n\t\t\t\t<div class=\"elementor-widget-container\">\n\t\t\t\t\t\t\t<div class=\"elementor-spacer\">\n\t\t\t<div class=\"elementor-spacer-inner\"><\/div>\n\t\t<\/div>\n\t\t\t\t\t\t<\/div>\n\t\t\t\t<\/div>\n\t\t\t\t<\/div>\n\t\t<div class=\"elementor-element elementor-element-ef7726f e-con-full e-flex e-con e-child\" data-id=\"ef7726f\" data-element_type=\"container\">\n\t\t\t\t<\/div>\n\t\t\t\t<\/div>\n\t\t\t\t<\/div>","protected":false},"excerpt":{"rendered":"<p>Sabmedic \u2014 UX\/UI design and website development for an otolaryngology and laryngology practice intro \/ concept corporate website development for medical practice Sabmedic is the medical practice of Dr. Ismael Sabido, an otolaryngologist specialized in laryngology. The challenge was to create a fully personalized website that conveyed professionalism, trust, and credibility, while also protecting the [&hellip;]<\/p>\n","protected":false},"author":1,"featured_media":0,"parent":0,"menu_order":0,"comment_status":"closed","ping_status":"closed","template":"elementor_header_footer","meta":{"footnotes":""},"class_list":["post-381502","page","type-page","status-publish","hentry"],"_links":{"self":[{"href":"https:\/\/rivasmercado.com\/es\/wp-json\/wp\/v2\/pages\/381502","targetHints":{"allow":["GET"]}}],"collection":[{"href":"https:\/\/rivasmercado.com\/es\/wp-json\/wp\/v2\/pages"}],"about":[{"href":"https:\/\/rivasmercado.com\/es\/wp-json\/wp\/v2\/types\/page"}],"author":[{"embeddable":true,"href":"https:\/\/rivasmercado.com\/es\/wp-json\/wp\/v2\/users\/1"}],"replies":[{"embeddable":true,"href":"https:\/\/rivasmercado.com\/es\/wp-json\/wp\/v2\/comments?post=381502"}],"version-history":[{"count":61,"href":"https:\/\/rivasmercado.com\/es\/wp-json\/wp\/v2\/pages\/381502\/revisions"}],"predecessor-version":[{"id":382222,"href":"https:\/\/rivasmercado.com\/es\/wp-json\/wp\/v2\/pages\/381502\/revisions\/382222"}],"wp:attachment":[{"href":"https:\/\/rivasmercado.com\/es\/wp-json\/wp\/v2\/media?parent=381502"}],"curies":[{"name":"wp","href":"https:\/\/api.w.org\/{rel}","templated":true}]}}